{"id":9711,"date":"2024-03-19T09:25:13","date_gmt":"2024-03-19T09:25:13","guid":{"rendered":"https:\/\/www.performance-floor.com\/?post_type=product&#038;p=9711"},"modified":"2026-04-07T10:28:49","modified_gmt":"2026-04-07T10:28:49","slug":"quick-remover-aus-metall","status":"publish","type":"product","link":"https:\/\/www.performance-floor.com\/pl\/produkt\/quick-remover-aus-metall\/","title":{"rendered":"Quick Remover aus Metall"},"content":{"rendered":"","protected":false},"excerpt":{"rendered":"<p>Preis inkl. MwSt.<\/p>\n<p>Entdecke den Performance Floor Quick Remover &#8211; Dein m\u00fcheloses Werkzeug f\u00fcr den schnellen Abbau von Performance Floor Klickfliesen!<\/p>\n<p>Mit seinem schlanken Design und einfacher Handhabung erm\u00f6glicht er ein problemloses \u00d6ffnen der Klickverbindung. Zeit sparen und m\u00fchelos arbeiten &#8211; mit dem Quick Remover von Performance Floor!<\/p>\n","protected":false},"featured_media":9722,"template":"","meta":[],"product_brand":[],"product_cat":[33],"product_tag":[],"class_list":{"0":"post-9711","1":"product","2":"type-product","3":"status-publish","4":"has-post-thumbnail","6":"product_cat-zubehoer","8":"first","9":"instock","10":"shipping-taxable","11":"purchasable","12":"product-type-simple"},"yoast_head":"<!-- This site is optimized with the Yoast SEO plugin v27.3 - https:\/\/yoast.com\/product\/yoast-seo-wordpress\/ -->\n<title>Quick Remover aus Metall | Performance Floor\u00ae<\/title>\n<meta name=\"description\" content=\"Quick Remover aus Metall \u21d2 Performance Floor\u00ae \u27a4 Hier kannst Du Deinen einen Garagen-Bodenbelag selbst gestalten \u27a4 und diesen mit dem Quick Remover \u00f6ffnen\" \/>\n<meta name=\"robots\" content=\"index, follow, max-snippet:-1, max-image-preview:large, max-video-preview:-1\" \/>\n<link rel=\"canonical\" href=\"https:\/\/www.performance-floor.com\/produkt\/quick-remover-aus-metall\/\" \/>\n<meta property=\"og:locale\" content=\"pl_PL\" \/>\n<meta property=\"og:type\" content=\"article\" \/>\n<meta property=\"og:title\" content=\"Quick Remover aus Metall | Performance Floor\u00ae\" \/>\n<meta property=\"og:description\" content=\"Quick Remover aus Metall \u21d2 Performance Floor\u00ae \u27a4 Hier kannst Du Deinen einen Garagen-Bodenbelag selbst gestalten \u27a4 und diesen mit dem Quick Remover \u00f6ffnen\" \/>\n<meta property=\"og:url\" content=\"https:\/\/www.performance-floor.com\/produkt\/quick-remover-aus-metall\/\" \/>\n<meta property=\"og:site_name\" content=\"Performance Floor\u00ae\" \/>\n<meta property=\"article:modified_time\" content=\"2026-04-07T10:28:49+00:00\" \/>\n<meta property=\"og:image\" content=\"https:\/\/www.performance-floor.com\/wp-content\/uploads\/2024\/03\/quick-remover-titelbild.png\" \/>\n\t<meta property=\"og:image:width\" content=\"560\" \/>\n\t<meta property=\"og:image:height\" content=\"461\" \/>\n\t<meta property=\"og:image:type\" content=\"image\/png\" \/>\n<meta name=\"twitter:card\" content=\"summary_large_image\" \/>\n<meta name=\"twitter:label1\" content=\"Szacowany czas czytania\" \/>\n\t<meta name=\"twitter:data1\" content=\"1 minuta\" \/>\n<script type=\"application\/ld+json\" class=\"yoast-schema-graph\">{\"@context\":\"https:\\\/\\\/schema.org\",\"@graph\":[{\"@type\":\"WebPage\",\"@id\":\"https:\\\/\\\/www.performance-floor.com\\\/produkt\\\/quick-remover-aus-metall\\\/\",\"url\":\"https:\\\/\\\/www.performance-floor.com\\\/produkt\\\/quick-remover-aus-metall\\\/\",\"name\":\"Quick Remover aus Metall | Performance Floor\u00ae\",\"isPartOf\":{\"@id\":\"https:\\\/\\\/www.performance-floor.com\\\/#website\"},\"primaryImageOfPage\":{\"@id\":\"https:\\\/\\\/www.performance-floor.com\\\/produkt\\\/quick-remover-aus-metall\\\/#primaryimage\"},\"image\":{\"@id\":\"https:\\\/\\\/www.performance-floor.com\\\/produkt\\\/quick-remover-aus-metall\\\/#primaryimage\"},\"thumbnailUrl\":\"https:\\\/\\\/www.performance-floor.com\\\/wp-content\\\/uploads\\\/2024\\\/03\\\/quick-remover-titelbild.png\",\"datePublished\":\"2024-03-19T09:25:13+00:00\",\"dateModified\":\"2026-04-07T10:28:49+00:00\",\"description\":\"Quick Remover aus Metall \u21d2 Performance Floor\u00ae \u27a4 Hier kannst Du Deinen einen Garagen-Bodenbelag selbst gestalten \u27a4 und diesen mit dem Quick Remover \u00f6ffnen\",\"breadcrumb\":{\"@id\":\"https:\\\/\\\/www.performance-floor.com\\\/produkt\\\/quick-remover-aus-metall\\\/#breadcrumb\"},\"inLanguage\":\"pl-PL\",\"potentialAction\":[{\"@type\":\"ReadAction\",\"target\":[\"https:\\\/\\\/www.performance-floor.com\\\/produkt\\\/quick-remover-aus-metall\\\/\"]}]},{\"@type\":\"ImageObject\",\"inLanguage\":\"pl-PL\",\"@id\":\"https:\\\/\\\/www.performance-floor.com\\\/produkt\\\/quick-remover-aus-metall\\\/#primaryimage\",\"url\":\"https:\\\/\\\/www.performance-floor.com\\\/wp-content\\\/uploads\\\/2024\\\/03\\\/quick-remover-titelbild.png\",\"contentUrl\":\"https:\\\/\\\/www.performance-floor.com\\\/wp-content\\\/uploads\\\/2024\\\/03\\\/quick-remover-titelbild.png\",\"width\":560,\"height\":461,\"caption\":\"quick-remover-titelbild\"},{\"@type\":\"BreadcrumbList\",\"@id\":\"https:\\\/\\\/www.performance-floor.com\\\/produkt\\\/quick-remover-aus-metall\\\/#breadcrumb\",\"itemListElement\":[{\"@type\":\"ListItem\",\"position\":1,\"name\":\"Startseite\",\"item\":\"https:\\\/\\\/www.performance-floor.com\\\/\"},{\"@type\":\"ListItem\",\"position\":2,\"name\":\"Sklep\",\"item\":\"https:\\\/\\\/www.performance-floor.com\\\/pl\\\/shop\\\/\"},{\"@type\":\"ListItem\",\"position\":3,\"name\":\"Quick Remover aus Metall\"}]},{\"@type\":\"WebSite\",\"@id\":\"https:\\\/\\\/www.performance-floor.com\\\/#website\",\"url\":\"https:\\\/\\\/www.performance-floor.com\\\/\",\"name\":\"Performance Floor\u00ae\",\"description\":\"Bodenbelag f\u00fcr Garagen, Rennteam, Messen und vieles mehr!\",\"publisher\":{\"@id\":\"https:\\\/\\\/www.performance-floor.com\\\/#organization\"},\"potentialAction\":[{\"@type\":\"SearchAction\",\"target\":{\"@type\":\"EntryPoint\",\"urlTemplate\":\"https:\\\/\\\/www.performance-floor.com\\\/?s={search_term_string}\"},\"query-input\":{\"@type\":\"PropertyValueSpecification\",\"valueRequired\":true,\"valueName\":\"search_term_string\"}}],\"inLanguage\":\"pl-PL\"},{\"@type\":\"Organization\",\"@id\":\"https:\\\/\\\/www.performance-floor.com\\\/#organization\",\"name\":\"Performance Floor\",\"url\":\"https:\\\/\\\/www.performance-floor.com\\\/\",\"logo\":{\"@type\":\"ImageObject\",\"inLanguage\":\"pl-PL\",\"@id\":\"https:\\\/\\\/www.performance-floor.com\\\/#\\\/schema\\\/logo\\\/image\\\/\",\"url\":\"https:\\\/\\\/www.performance-floor.com\\\/wp-content\\\/uploads\\\/2025\\\/02\\\/performance-floor_logo-01_auf-weiss_2024-11-10.png\",\"contentUrl\":\"https:\\\/\\\/www.performance-floor.com\\\/wp-content\\\/uploads\\\/2025\\\/02\\\/performance-floor_logo-01_auf-weiss_2024-11-10.png\",\"width\":806,\"height\":774,\"caption\":\"Performance Floor\"},\"image\":{\"@id\":\"https:\\\/\\\/www.performance-floor.com\\\/#\\\/schema\\\/logo\\\/image\\\/\"}}]}<\/script>\n<!-- \/ Yoast SEO plugin. -->","yoast_head_json":{"title":"Quick Remover aus Metall | Performance Floor\u00ae","description":"Quick Remover aus Metall \u21d2 Performance Floor\u00ae \u27a4 Hier kannst Du Deinen einen Garagen-Bodenbelag selbst gestalten \u27a4 und diesen mit dem Quick Remover \u00f6ffnen","robots":{"index":"index","follow":"follow","max-snippet":"max-snippet:-1","max-image-preview":"max-image-preview:large","max-video-preview":"max-video-preview:-1"},"canonical":"https:\/\/www.performance-floor.com\/produkt\/quick-remover-aus-metall\/","og_locale":"pl_PL","og_type":"article","og_title":"Quick Remover aus Metall | Performance Floor\u00ae","og_description":"Quick Remover aus Metall \u21d2 Performance Floor\u00ae \u27a4 Hier kannst Du Deinen einen Garagen-Bodenbelag selbst gestalten \u27a4 und diesen mit dem Quick Remover \u00f6ffnen","og_url":"https:\/\/www.performance-floor.com\/produkt\/quick-remover-aus-metall\/","og_site_name":"Performance Floor\u00ae","article_modified_time":"2026-04-07T10:28:49+00:00","og_image":[{"width":560,"height":461,"url":"https:\/\/www.performance-floor.com\/wp-content\/uploads\/2024\/03\/quick-remover-titelbild.png","type":"image\/png"}],"twitter_card":"summary_large_image","twitter_misc":{"Szacowany czas czytania":"1 minuta"},"schema":{"@context":"https:\/\/schema.org","@graph":[{"@type":"WebPage","@id":"https:\/\/www.performance-floor.com\/produkt\/quick-remover-aus-metall\/","url":"https:\/\/www.performance-floor.com\/produkt\/quick-remover-aus-metall\/","name":"Quick Remover aus Metall | Performance Floor\u00ae","isPartOf":{"@id":"https:\/\/www.performance-floor.com\/#website"},"primaryImageOfPage":{"@id":"https:\/\/www.performance-floor.com\/produkt\/quick-remover-aus-metall\/#primaryimage"},"image":{"@id":"https:\/\/www.performance-floor.com\/produkt\/quick-remover-aus-metall\/#primaryimage"},"thumbnailUrl":"https:\/\/www.performance-floor.com\/wp-content\/uploads\/2024\/03\/quick-remover-titelbild.png","datePublished":"2024-03-19T09:25:13+00:00","dateModified":"2026-04-07T10:28:49+00:00","description":"Quick Remover aus Metall \u21d2 Performance Floor\u00ae \u27a4 Hier kannst Du Deinen einen Garagen-Bodenbelag selbst gestalten \u27a4 und diesen mit dem Quick Remover \u00f6ffnen","breadcrumb":{"@id":"https:\/\/www.performance-floor.com\/produkt\/quick-remover-aus-metall\/#breadcrumb"},"inLanguage":"pl-PL","potentialAction":[{"@type":"ReadAction","target":["https:\/\/www.performance-floor.com\/produkt\/quick-remover-aus-metall\/"]}]},{"@type":"ImageObject","inLanguage":"pl-PL","@id":"https:\/\/www.performance-floor.com\/produkt\/quick-remover-aus-metall\/#primaryimage","url":"https:\/\/www.performance-floor.com\/wp-content\/uploads\/2024\/03\/quick-remover-titelbild.png","contentUrl":"https:\/\/www.performance-floor.com\/wp-content\/uploads\/2024\/03\/quick-remover-titelbild.png","width":560,"height":461,"caption":"quick-remover-titelbild"},{"@type":"BreadcrumbList","@id":"https:\/\/www.performance-floor.com\/produkt\/quick-remover-aus-metall\/#breadcrumb","itemListElement":[{"@type":"ListItem","position":1,"name":"Startseite","item":"https:\/\/www.performance-floor.com\/"},{"@type":"ListItem","position":2,"name":"Sklep","item":"https:\/\/www.performance-floor.com\/pl\/shop\/"},{"@type":"ListItem","position":3,"name":"Quick Remover aus Metall"}]},{"@type":"WebSite","@id":"https:\/\/www.performance-floor.com\/#website","url":"https:\/\/www.performance-floor.com\/","name":"Performance Floor\u00ae","description":"Bodenbelag f\u00fcr Garagen, Rennteam, Messen und vieles mehr!","publisher":{"@id":"https:\/\/www.performance-floor.com\/#organization"},"potentialAction":[{"@type":"SearchAction","target":{"@type":"EntryPoint","urlTemplate":"https:\/\/www.performance-floor.com\/?s={search_term_string}"},"query-input":{"@type":"PropertyValueSpecification","valueRequired":true,"valueName":"search_term_string"}}],"inLanguage":"pl-PL"},{"@type":"Organization","@id":"https:\/\/www.performance-floor.com\/#organization","name":"Performance Floor","url":"https:\/\/www.performance-floor.com\/","logo":{"@type":"ImageObject","inLanguage":"pl-PL","@id":"https:\/\/www.performance-floor.com\/#\/schema\/logo\/image\/","url":"https:\/\/www.performance-floor.com\/wp-content\/uploads\/2025\/02\/performance-floor_logo-01_auf-weiss_2024-11-10.png","contentUrl":"https:\/\/www.performance-floor.com\/wp-content\/uploads\/2025\/02\/performance-floor_logo-01_auf-weiss_2024-11-10.png","width":806,"height":774,"caption":"Performance Floor"},"image":{"@id":"https:\/\/www.performance-floor.com\/#\/schema\/logo\/image\/"}}]}},"jetpack_sharing_enabled":true,"_links":{"self":[{"href":"https:\/\/www.performance-floor.com\/pl\/wp-json\/wp\/v2\/product\/9711","targetHints":{"allow":["GET"]}}],"collection":[{"href":"https:\/\/www.performance-floor.com\/pl\/wp-json\/wp\/v2\/product"}],"about":[{"href":"https:\/\/www.performance-floor.com\/pl\/wp-json\/wp\/v2\/types\/product"}],"wp:featuredmedia":[{"embeddable":true,"href":"https:\/\/www.performance-floor.com\/pl\/wp-json\/wp\/v2\/media\/9722"}],"wp:attachment":[{"href":"https:\/\/www.performance-floor.com\/pl\/wp-json\/wp\/v2\/media?parent=9711"}],"wp:term":[{"taxonomy":"product_brand","embeddable":true,"href":"https:\/\/www.performance-floor.com\/pl\/wp-json\/wp\/v2\/product_brand?post=9711"},{"taxonomy":"product_cat","embeddable":true,"href":"https:\/\/www.performance-floor.com\/pl\/wp-json\/wp\/v2\/product_cat?post=9711"},{"taxonomy":"product_tag","embeddable":true,"href":"https:\/\/www.performance-floor.com\/pl\/wp-json\/wp\/v2\/product_tag?post=9711"}],"curies":[{"name":"wp","href":"https:\/\/api.w.org\/{rel}","templated":true}]}}