{"id":7084,"date":"2022-10-26T07:20:14","date_gmt":"2022-10-26T07:20:14","guid":{"rendered":"https:\/\/www.performance-floor.com\/?post_type=product&#038;p=7084"},"modified":"2026-04-07T10:32:54","modified_gmt":"2026-04-07T10:32:54","slug":"antistatik-klickfliesen-reiniger","status":"publish","type":"product","link":"https:\/\/www.performance-floor.com\/pl\/produkt\/antistatik-klickfliesen-reiniger\/","title":{"rendered":"Antistatik Klickfliesen Reiniger"},"content":{"rendered":"<p>Der Performance Floor\u00ae Antistatik Klickfliesen Reiniger beseitigt schnell und schlierenfrei Verunreinigungen und tr\u00e4gt einen transparenten, antistatisch wirkenden Schutzfilm auf. Die hochwirksame Antistatik-Formel verhindert Entladungsschocks und reduziert Staubanziehung.<\/p>\n<p><strong>Anwendung<\/strong><br \/>\n100 ml des Konzentrats mit 900 ml Wasser verd\u00fcnnen, gleichm\u00e4\u00dfig auftragen und gr\u00fcndlich wischen. Danach trocknen lassen. Der Reiniger kann auch f\u00fcr die maschinelle Bodenpflege verwendet werden. Der aufgetragene Schutzfilm ist nicht gegen Wasser und andere Reinigungsmittel resistent und sollte daher nicht nachbehandelt werden. F\u00fcr eine antistatische Langzeitwirkung empfehlen wir eine w\u00f6chentliche Anwendung.<br \/>\nEmpfohlene Anwendungskonzentration:<br \/>\n1:9 (Konzentrat:Wasser)<\/p>\n","protected":false},"excerpt":{"rendered":"<p>Effektiver antistatik Reiniger, reduzierte Staubanziehung &amp; pH-neutrale Reinigung f\u00fcr Performance Floor\u00ae Klickfliesen. Inhalt: 1000 ml<\/p>\n<p>Empfohlene Anwendungskonzentration:<br \/>\n1:9 (Konzentrat:Wasser)<\/p>\n<p>Empfohlener Anwendungszeitraum:<br \/>\nAlle 2-3 Monate<\/p>\n<p>Lieferzeit 2-3 Werktage nach Zahlungseingang innerhalb Deutschlands und 5-7 Werktage nach Zahlungseingang innerhalb der EU.<\/p>\n","protected":false},"featured_media":7098,"template":"","meta":[],"product_brand":[],"product_cat":[33],"product_tag":[],"class_list":{"0":"post-7084","1":"product","2":"type-product","3":"status-publish","4":"has-post-thumbnail","6":"product_cat-zubehoer","7":"product_shipping_class-reiniger","9":"first","10":"instock","11":"shipping-taxable","12":"purchasable","13":"product-type-variable"},"yoast_head":"<!-- This site is optimized with the Yoast SEO plugin v27.3 - https:\/\/yoast.com\/product\/yoast-seo-wordpress\/ -->\n<title>Antistatik Klickfliesen Reiniger | Performance Floor\u00ae<\/title>\n<meta name=\"description\" content=\"Antistatik Klickfliesen Reiniger \u21d2 Performance Floor\u00ae \u27a4 Hier kannst Du Deinen einen Garagen-Bodenbelag selbst gestalten\" \/>\n<meta name=\"robots\" content=\"index, follow, max-snippet:-1, max-image-preview:large, max-video-preview:-1\" \/>\n<link rel=\"canonical\" href=\"https:\/\/www.performance-floor.com\/produkt\/antistatik-klickfliesen-reiniger\/\" \/>\n<meta property=\"og:locale\" content=\"pl_PL\" \/>\n<meta property=\"og:type\" content=\"article\" \/>\n<meta property=\"og:title\" content=\"Antistatik Klickfliesen Reiniger | Performance Floor\u00ae\" \/>\n<meta property=\"og:description\" content=\"Antistatik Klickfliesen Reiniger \u21d2 Performance Floor\u00ae \u27a4 Hier kannst Du Deinen einen Garagen-Bodenbelag selbst gestalten\" \/>\n<meta property=\"og:url\" content=\"https:\/\/www.performance-floor.com\/produkt\/antistatik-klickfliesen-reiniger\/\" \/>\n<meta property=\"og:site_name\" content=\"Performance Floor\u00ae\" \/>\n<meta property=\"article:modified_time\" content=\"2026-04-07T10:32:54+00:00\" \/>\n<meta property=\"og:image\" content=\"https:\/\/www.performance-floor.com\/wp-content\/uploads\/2022\/10\/antistatic-floor-cleaner.jpg\" \/>\n\t<meta property=\"og:image:width\" content=\"1200\" \/>\n\t<meta property=\"og:image:height\" content=\"1200\" \/>\n\t<meta property=\"og:image:type\" content=\"image\/jpeg\" \/>\n<meta name=\"twitter:card\" content=\"summary_large_image\" \/>\n<meta name=\"twitter:label1\" content=\"Szacowany czas czytania\" \/>\n\t<meta name=\"twitter:data1\" content=\"1 minuta\" \/>\n<script type=\"application\/ld+json\" class=\"yoast-schema-graph\">{\"@context\":\"https:\\\/\\\/schema.org\",\"@graph\":[{\"@type\":\"WebPage\",\"@id\":\"https:\\\/\\\/www.performance-floor.com\\\/produkt\\\/antistatik-klickfliesen-reiniger\\\/\",\"url\":\"https:\\\/\\\/www.performance-floor.com\\\/produkt\\\/antistatik-klickfliesen-reiniger\\\/\",\"name\":\"Antistatik Klickfliesen Reiniger | Performance Floor\u00ae\",\"isPartOf\":{\"@id\":\"https:\\\/\\\/www.performance-floor.com\\\/#website\"},\"primaryImageOfPage\":{\"@id\":\"https:\\\/\\\/www.performance-floor.com\\\/produkt\\\/antistatik-klickfliesen-reiniger\\\/#primaryimage\"},\"image\":{\"@id\":\"https:\\\/\\\/www.performance-floor.com\\\/produkt\\\/antistatik-klickfliesen-reiniger\\\/#primaryimage\"},\"thumbnailUrl\":\"https:\\\/\\\/www.performance-floor.com\\\/wp-content\\\/uploads\\\/2022\\\/10\\\/antistatic-floor-cleaner.jpg\",\"datePublished\":\"2022-10-26T07:20:14+00:00\",\"dateModified\":\"2026-04-07T10:32:54+00:00\",\"description\":\"Antistatik Klickfliesen Reiniger \u21d2 Performance Floor\u00ae \u27a4 Hier kannst Du Deinen einen Garagen-Bodenbelag selbst gestalten\",\"breadcrumb\":{\"@id\":\"https:\\\/\\\/www.performance-floor.com\\\/produkt\\\/antistatik-klickfliesen-reiniger\\\/#breadcrumb\"},\"inLanguage\":\"pl-PL\",\"potentialAction\":[{\"@type\":\"ReadAction\",\"target\":[\"https:\\\/\\\/www.performance-floor.com\\\/produkt\\\/antistatik-klickfliesen-reiniger\\\/\"]}]},{\"@type\":\"ImageObject\",\"inLanguage\":\"pl-PL\",\"@id\":\"https:\\\/\\\/www.performance-floor.com\\\/produkt\\\/antistatik-klickfliesen-reiniger\\\/#primaryimage\",\"url\":\"https:\\\/\\\/www.performance-floor.com\\\/wp-content\\\/uploads\\\/2022\\\/10\\\/antistatic-floor-cleaner.jpg\",\"contentUrl\":\"https:\\\/\\\/www.performance-floor.com\\\/wp-content\\\/uploads\\\/2022\\\/10\\\/antistatic-floor-cleaner.jpg\",\"width\":1200,\"height\":1200},{\"@type\":\"BreadcrumbList\",\"@id\":\"https:\\\/\\\/www.performance-floor.com\\\/produkt\\\/antistatik-klickfliesen-reiniger\\\/#breadcrumb\",\"itemListElement\":[{\"@type\":\"ListItem\",\"position\":1,\"name\":\"Startseite\",\"item\":\"https:\\\/\\\/www.performance-floor.com\\\/\"},{\"@type\":\"ListItem\",\"position\":2,\"name\":\"Sklep\",\"item\":\"https:\\\/\\\/www.performance-floor.com\\\/pl\\\/shop\\\/\"},{\"@type\":\"ListItem\",\"position\":3,\"name\":\"Antistatik Klickfliesen Reiniger\"}]},{\"@type\":\"WebSite\",\"@id\":\"https:\\\/\\\/www.performance-floor.com\\\/#website\",\"url\":\"https:\\\/\\\/www.performance-floor.com\\\/\",\"name\":\"Performance Floor\u00ae\",\"description\":\"Bodenbelag f\u00fcr Garagen, Rennteam, Messen und vieles mehr!\",\"publisher\":{\"@id\":\"https:\\\/\\\/www.performance-floor.com\\\/#organization\"},\"potentialAction\":[{\"@type\":\"SearchAction\",\"target\":{\"@type\":\"EntryPoint\",\"urlTemplate\":\"https:\\\/\\\/www.performance-floor.com\\\/?s={search_term_string}\"},\"query-input\":{\"@type\":\"PropertyValueSpecification\",\"valueRequired\":true,\"valueName\":\"search_term_string\"}}],\"inLanguage\":\"pl-PL\"},{\"@type\":\"Organization\",\"@id\":\"https:\\\/\\\/www.performance-floor.com\\\/#organization\",\"name\":\"Performance Floor\",\"url\":\"https:\\\/\\\/www.performance-floor.com\\\/\",\"logo\":{\"@type\":\"ImageObject\",\"inLanguage\":\"pl-PL\",\"@id\":\"https:\\\/\\\/www.performance-floor.com\\\/#\\\/schema\\\/logo\\\/image\\\/\",\"url\":\"https:\\\/\\\/www.performance-floor.com\\\/wp-content\\\/uploads\\\/2025\\\/02\\\/performance-floor_logo-01_auf-weiss_2024-11-10.png\",\"contentUrl\":\"https:\\\/\\\/www.performance-floor.com\\\/wp-content\\\/uploads\\\/2025\\\/02\\\/performance-floor_logo-01_auf-weiss_2024-11-10.png\",\"width\":806,\"height\":774,\"caption\":\"Performance Floor\"},\"image\":{\"@id\":\"https:\\\/\\\/www.performance-floor.com\\\/#\\\/schema\\\/logo\\\/image\\\/\"}}]}<\/script>\n<!-- \/ Yoast SEO plugin. -->","yoast_head_json":{"title":"Antistatik Klickfliesen Reiniger | Performance Floor\u00ae","description":"Antistatik Klickfliesen Reiniger \u21d2 Performance Floor\u00ae \u27a4 Hier kannst Du Deinen einen Garagen-Bodenbelag selbst gestalten","robots":{"index":"index","follow":"follow","max-snippet":"max-snippet:-1","max-image-preview":"max-image-preview:large","max-video-preview":"max-video-preview:-1"},"canonical":"https:\/\/www.performance-floor.com\/produkt\/antistatik-klickfliesen-reiniger\/","og_locale":"pl_PL","og_type":"article","og_title":"Antistatik Klickfliesen Reiniger | Performance Floor\u00ae","og_description":"Antistatik Klickfliesen Reiniger \u21d2 Performance Floor\u00ae \u27a4 Hier kannst Du Deinen einen Garagen-Bodenbelag selbst gestalten","og_url":"https:\/\/www.performance-floor.com\/produkt\/antistatik-klickfliesen-reiniger\/","og_site_name":"Performance Floor\u00ae","article_modified_time":"2026-04-07T10:32:54+00:00","og_image":[{"width":1200,"height":1200,"url":"https:\/\/www.performance-floor.com\/wp-content\/uploads\/2022\/10\/antistatic-floor-cleaner.jpg","type":"image\/jpeg"}],"twitter_card":"summary_large_image","twitter_misc":{"Szacowany czas czytania":"1 minuta"},"schema":{"@context":"https:\/\/schema.org","@graph":[{"@type":"WebPage","@id":"https:\/\/www.performance-floor.com\/produkt\/antistatik-klickfliesen-reiniger\/","url":"https:\/\/www.performance-floor.com\/produkt\/antistatik-klickfliesen-reiniger\/","name":"Antistatik Klickfliesen Reiniger | Performance Floor\u00ae","isPartOf":{"@id":"https:\/\/www.performance-floor.com\/#website"},"primaryImageOfPage":{"@id":"https:\/\/www.performance-floor.com\/produkt\/antistatik-klickfliesen-reiniger\/#primaryimage"},"image":{"@id":"https:\/\/www.performance-floor.com\/produkt\/antistatik-klickfliesen-reiniger\/#primaryimage"},"thumbnailUrl":"https:\/\/www.performance-floor.com\/wp-content\/uploads\/2022\/10\/antistatic-floor-cleaner.jpg","datePublished":"2022-10-26T07:20:14+00:00","dateModified":"2026-04-07T10:32:54+00:00","description":"Antistatik Klickfliesen Reiniger \u21d2 Performance Floor\u00ae \u27a4 Hier kannst Du Deinen einen Garagen-Bodenbelag selbst gestalten","breadcrumb":{"@id":"https:\/\/www.performance-floor.com\/produkt\/antistatik-klickfliesen-reiniger\/#breadcrumb"},"inLanguage":"pl-PL","potentialAction":[{"@type":"ReadAction","target":["https:\/\/www.performance-floor.com\/produkt\/antistatik-klickfliesen-reiniger\/"]}]},{"@type":"ImageObject","inLanguage":"pl-PL","@id":"https:\/\/www.performance-floor.com\/produkt\/antistatik-klickfliesen-reiniger\/#primaryimage","url":"https:\/\/www.performance-floor.com\/wp-content\/uploads\/2022\/10\/antistatic-floor-cleaner.jpg","contentUrl":"https:\/\/www.performance-floor.com\/wp-content\/uploads\/2022\/10\/antistatic-floor-cleaner.jpg","width":1200,"height":1200},{"@type":"BreadcrumbList","@id":"https:\/\/www.performance-floor.com\/produkt\/antistatik-klickfliesen-reiniger\/#breadcrumb","itemListElement":[{"@type":"ListItem","position":1,"name":"Startseite","item":"https:\/\/www.performance-floor.com\/"},{"@type":"ListItem","position":2,"name":"Sklep","item":"https:\/\/www.performance-floor.com\/pl\/shop\/"},{"@type":"ListItem","position":3,"name":"Antistatik Klickfliesen Reiniger"}]},{"@type":"WebSite","@id":"https:\/\/www.performance-floor.com\/#website","url":"https:\/\/www.performance-floor.com\/","name":"Performance Floor\u00ae","description":"Bodenbelag f\u00fcr Garagen, Rennteam, Messen und vieles mehr!","publisher":{"@id":"https:\/\/www.performance-floor.com\/#organization"},"potentialAction":[{"@type":"SearchAction","target":{"@type":"EntryPoint","urlTemplate":"https:\/\/www.performance-floor.com\/?s={search_term_string}"},"query-input":{"@type":"PropertyValueSpecification","valueRequired":true,"valueName":"search_term_string"}}],"inLanguage":"pl-PL"},{"@type":"Organization","@id":"https:\/\/www.performance-floor.com\/#organization","name":"Performance Floor","url":"https:\/\/www.performance-floor.com\/","logo":{"@type":"ImageObject","inLanguage":"pl-PL","@id":"https:\/\/www.performance-floor.com\/#\/schema\/logo\/image\/","url":"https:\/\/www.performance-floor.com\/wp-content\/uploads\/2025\/02\/performance-floor_logo-01_auf-weiss_2024-11-10.png","contentUrl":"https:\/\/www.performance-floor.com\/wp-content\/uploads\/2025\/02\/performance-floor_logo-01_auf-weiss_2024-11-10.png","width":806,"height":774,"caption":"Performance Floor"},"image":{"@id":"https:\/\/www.performance-floor.com\/#\/schema\/logo\/image\/"}}]}},"jetpack_sharing_enabled":true,"_links":{"self":[{"href":"https:\/\/www.performance-floor.com\/pl\/wp-json\/wp\/v2\/product\/7084","targetHints":{"allow":["GET"]}}],"collection":[{"href":"https:\/\/www.performance-floor.com\/pl\/wp-json\/wp\/v2\/product"}],"about":[{"href":"https:\/\/www.performance-floor.com\/pl\/wp-json\/wp\/v2\/types\/product"}],"wp:featuredmedia":[{"embeddable":true,"href":"https:\/\/www.performance-floor.com\/pl\/wp-json\/wp\/v2\/media\/7098"}],"wp:attachment":[{"href":"https:\/\/www.performance-floor.com\/pl\/wp-json\/wp\/v2\/media?parent=7084"}],"wp:term":[{"taxonomy":"product_brand","embeddable":true,"href":"https:\/\/www.performance-floor.com\/pl\/wp-json\/wp\/v2\/product_brand?post=7084"},{"taxonomy":"product_cat","embeddable":true,"href":"https:\/\/www.performance-floor.com\/pl\/wp-json\/wp\/v2\/product_cat?post=7084"},{"taxonomy":"product_tag","embeddable":true,"href":"https:\/\/www.performance-floor.com\/pl\/wp-json\/wp\/v2\/product_tag?post=7084"}],"curies":[{"name":"wp","href":"https:\/\/api.w.org\/{rel}","templated":true}]}}