{"id":2919,"date":"2020-06-18T14:20:39","date_gmt":"2020-06-18T14:20:39","guid":{"rendered":"https:\/\/www.performance-floor.com\/produkt\/anti-rutsch-band\/"},"modified":"2020-06-18T14:20:39","modified_gmt":"2020-06-18T14:20:39","slug":"anti-rutsch-band","status":"publish","type":"product","link":"https:\/\/www.performance-floor.com\/pl\/produkt\/anti-rutsch-band\/","title":{"rendered":"Anti-Rutsch-Band"},"content":{"rendered":"<p>Mata antypo\u015blizgowa rekomendowana jest przy bardzo \u015bliskich powierzchniach (pod\u0142ogi szklane, polerowane). Chroni przed przemieszczaniem si\u0119 modu\u0142\u00f3w. Nie ma konieczno\u015bci monta\u017cu maty na ca\u0142ej powierzchni, wystarczy na brzegach. Monta\u017c maty nie jest wymagany na sta\u0142e (ko\u0142ki, klej itp.).<\/p>\n","protected":false},"excerpt":{"rendered":"<p>Cena za metr bie\u017c\u0105cy, zawiera podatek VAT!<\/p>\n<p>Zapobiega przesuwaniu si\u0119 pod\u0142ogi na \u015bliskich powierzchniach.<\/p>\n<p>\u20261\u2026.. Dodaj do koszyka<\/p>\n<p>Kategoria: akcesoria<\/p>\n<p>Udost\u0119pnij on FB\u2026\u2026.<\/p>\n","protected":false},"featured_media":2920,"template":"","meta":[],"product_brand":[],"product_cat":[82],"product_tag":[],"class_list":{"0":"post-2919","1":"product","2":"type-product","3":"status-publish","4":"has-post-thumbnail","6":"product_cat-click-tiles-pl","8":"first","9":"instock","10":"shipping-taxable","11":"purchasable","12":"product-type-simple"},"yoast_head":"<!-- This site is optimized with the Yoast SEO plugin v27.3 - https:\/\/yoast.com\/product\/yoast-seo-wordpress\/ -->\n<title>Anti-Rutsch-Band | Performance Floor\u00ae<\/title>\n<meta name=\"description\" content=\"Anti-Rutsch-Band \u21d2 Performance Floor\u00ae \u27a4 Hier kannst Du Deinen einen Garagen-Bodenbelag selbst gestalten\" \/>\n<meta name=\"robots\" content=\"index, follow, max-snippet:-1, max-image-preview:large, max-video-preview:-1\" \/>\n<link rel=\"canonical\" href=\"https:\/\/www.performance-floor.com\/pl\/produkt\/anti-rutsch-band\/\" \/>\n<meta property=\"og:locale\" content=\"pl_PL\" \/>\n<meta property=\"og:type\" content=\"article\" \/>\n<meta property=\"og:title\" content=\"Anti-Rutsch-Band | Performance Floor\u00ae\" \/>\n<meta property=\"og:description\" content=\"Anti-Rutsch-Band \u21d2 Performance Floor\u00ae \u27a4 Hier kannst Du Deinen einen Garagen-Bodenbelag selbst gestalten\" \/>\n<meta property=\"og:url\" content=\"https:\/\/www.performance-floor.com\/pl\/produkt\/anti-rutsch-band\/\" \/>\n<meta property=\"og:site_name\" content=\"Performance Floor\u00ae\" \/>\n<meta property=\"og:image\" content=\"https:\/\/www.performance-floor.com\/wp-content\/uploads\/2020\/06\/anti-rutsch-band-01.jpg\" \/>\n\t<meta property=\"og:image:width\" content=\"1200\" \/>\n\t<meta property=\"og:image:height\" content=\"1200\" \/>\n\t<meta property=\"og:image:type\" content=\"image\/jpeg\" \/>\n<meta name=\"twitter:card\" content=\"summary_large_image\" \/>\n<script type=\"application\/ld+json\" class=\"yoast-schema-graph\">{\"@context\":\"https:\\\/\\\/schema.org\",\"@graph\":[{\"@type\":\"WebPage\",\"@id\":\"https:\\\/\\\/www.performance-floor.com\\\/pl\\\/produkt\\\/anti-rutsch-band\\\/\",\"url\":\"https:\\\/\\\/www.performance-floor.com\\\/pl\\\/produkt\\\/anti-rutsch-band\\\/\",\"name\":\"Anti-Rutsch-Band | Performance Floor\u00ae\",\"isPartOf\":{\"@id\":\"https:\\\/\\\/www.performance-floor.com\\\/#website\"},\"primaryImageOfPage\":{\"@id\":\"https:\\\/\\\/www.performance-floor.com\\\/pl\\\/produkt\\\/anti-rutsch-band\\\/#primaryimage\"},\"image\":{\"@id\":\"https:\\\/\\\/www.performance-floor.com\\\/pl\\\/produkt\\\/anti-rutsch-band\\\/#primaryimage\"},\"thumbnailUrl\":\"https:\\\/\\\/www.performance-floor.com\\\/wp-content\\\/uploads\\\/2020\\\/06\\\/anti-rutsch-band-01.jpg\",\"datePublished\":\"2020-06-18T14:20:39+00:00\",\"description\":\"Anti-Rutsch-Band \u21d2 Performance Floor\u00ae \u27a4 Hier kannst Du Deinen einen Garagen-Bodenbelag selbst gestalten\",\"breadcrumb\":{\"@id\":\"https:\\\/\\\/www.performance-floor.com\\\/pl\\\/produkt\\\/anti-rutsch-band\\\/#breadcrumb\"},\"inLanguage\":\"pl-PL\",\"potentialAction\":[{\"@type\":\"ReadAction\",\"target\":[\"https:\\\/\\\/www.performance-floor.com\\\/pl\\\/produkt\\\/anti-rutsch-band\\\/\"]}]},{\"@type\":\"ImageObject\",\"inLanguage\":\"pl-PL\",\"@id\":\"https:\\\/\\\/www.performance-floor.com\\\/pl\\\/produkt\\\/anti-rutsch-band\\\/#primaryimage\",\"url\":\"https:\\\/\\\/www.performance-floor.com\\\/wp-content\\\/uploads\\\/2020\\\/06\\\/anti-rutsch-band-01.jpg\",\"contentUrl\":\"https:\\\/\\\/www.performance-floor.com\\\/wp-content\\\/uploads\\\/2020\\\/06\\\/anti-rutsch-band-01.jpg\",\"width\":1200,\"height\":1200},{\"@type\":\"BreadcrumbList\",\"@id\":\"https:\\\/\\\/www.performance-floor.com\\\/pl\\\/produkt\\\/anti-rutsch-band\\\/#breadcrumb\",\"itemListElement\":[{\"@type\":\"ListItem\",\"position\":1,\"name\":\"Startseite\",\"item\":\"https:\\\/\\\/www.performance-floor.com\\\/\"},{\"@type\":\"ListItem\",\"position\":2,\"name\":\"Sklep\",\"item\":\"https:\\\/\\\/www.performance-floor.com\\\/pl\\\/shop\\\/\"},{\"@type\":\"ListItem\",\"position\":3,\"name\":\"Anti-Rutsch-Band\"}]},{\"@type\":\"WebSite\",\"@id\":\"https:\\\/\\\/www.performance-floor.com\\\/#website\",\"url\":\"https:\\\/\\\/www.performance-floor.com\\\/\",\"name\":\"Performance Floor\u00ae\",\"description\":\"Bodenbelag f\u00fcr Garagen, Rennteam, Messen und vieles mehr!\",\"publisher\":{\"@id\":\"https:\\\/\\\/www.performance-floor.com\\\/#organization\"},\"potentialAction\":[{\"@type\":\"SearchAction\",\"target\":{\"@type\":\"EntryPoint\",\"urlTemplate\":\"https:\\\/\\\/www.performance-floor.com\\\/?s={search_term_string}\"},\"query-input\":{\"@type\":\"PropertyValueSpecification\",\"valueRequired\":true,\"valueName\":\"search_term_string\"}}],\"inLanguage\":\"pl-PL\"},{\"@type\":\"Organization\",\"@id\":\"https:\\\/\\\/www.performance-floor.com\\\/#organization\",\"name\":\"Performance Floor\",\"url\":\"https:\\\/\\\/www.performance-floor.com\\\/\",\"logo\":{\"@type\":\"ImageObject\",\"inLanguage\":\"pl-PL\",\"@id\":\"https:\\\/\\\/www.performance-floor.com\\\/#\\\/schema\\\/logo\\\/image\\\/\",\"url\":\"https:\\\/\\\/www.performance-floor.com\\\/wp-content\\\/uploads\\\/2025\\\/02\\\/performance-floor_logo-01_auf-weiss_2024-11-10.png\",\"contentUrl\":\"https:\\\/\\\/www.performance-floor.com\\\/wp-content\\\/uploads\\\/2025\\\/02\\\/performance-floor_logo-01_auf-weiss_2024-11-10.png\",\"width\":806,\"height\":774,\"caption\":\"Performance Floor\"},\"image\":{\"@id\":\"https:\\\/\\\/www.performance-floor.com\\\/#\\\/schema\\\/logo\\\/image\\\/\"}}]}<\/script>\n<!-- \/ Yoast SEO plugin. -->","yoast_head_json":{"title":"Anti-Rutsch-Band | Performance Floor\u00ae","description":"Anti-Rutsch-Band \u21d2 Performance Floor\u00ae \u27a4 Hier kannst Du Deinen einen Garagen-Bodenbelag selbst gestalten","robots":{"index":"index","follow":"follow","max-snippet":"max-snippet:-1","max-image-preview":"max-image-preview:large","max-video-preview":"max-video-preview:-1"},"canonical":"https:\/\/www.performance-floor.com\/pl\/produkt\/anti-rutsch-band\/","og_locale":"pl_PL","og_type":"article","og_title":"Anti-Rutsch-Band | Performance Floor\u00ae","og_description":"Anti-Rutsch-Band \u21d2 Performance Floor\u00ae \u27a4 Hier kannst Du Deinen einen Garagen-Bodenbelag selbst gestalten","og_url":"https:\/\/www.performance-floor.com\/pl\/produkt\/anti-rutsch-band\/","og_site_name":"Performance Floor\u00ae","og_image":[{"width":1200,"height":1200,"url":"https:\/\/www.performance-floor.com\/wp-content\/uploads\/2020\/06\/anti-rutsch-band-01.jpg","type":"image\/jpeg"}],"twitter_card":"summary_large_image","schema":{"@context":"https:\/\/schema.org","@graph":[{"@type":"WebPage","@id":"https:\/\/www.performance-floor.com\/pl\/produkt\/anti-rutsch-band\/","url":"https:\/\/www.performance-floor.com\/pl\/produkt\/anti-rutsch-band\/","name":"Anti-Rutsch-Band | Performance Floor\u00ae","isPartOf":{"@id":"https:\/\/www.performance-floor.com\/#website"},"primaryImageOfPage":{"@id":"https:\/\/www.performance-floor.com\/pl\/produkt\/anti-rutsch-band\/#primaryimage"},"image":{"@id":"https:\/\/www.performance-floor.com\/pl\/produkt\/anti-rutsch-band\/#primaryimage"},"thumbnailUrl":"https:\/\/www.performance-floor.com\/wp-content\/uploads\/2020\/06\/anti-rutsch-band-01.jpg","datePublished":"2020-06-18T14:20:39+00:00","description":"Anti-Rutsch-Band \u21d2 Performance Floor\u00ae \u27a4 Hier kannst Du Deinen einen Garagen-Bodenbelag selbst gestalten","breadcrumb":{"@id":"https:\/\/www.performance-floor.com\/pl\/produkt\/anti-rutsch-band\/#breadcrumb"},"inLanguage":"pl-PL","potentialAction":[{"@type":"ReadAction","target":["https:\/\/www.performance-floor.com\/pl\/produkt\/anti-rutsch-band\/"]}]},{"@type":"ImageObject","inLanguage":"pl-PL","@id":"https:\/\/www.performance-floor.com\/pl\/produkt\/anti-rutsch-band\/#primaryimage","url":"https:\/\/www.performance-floor.com\/wp-content\/uploads\/2020\/06\/anti-rutsch-band-01.jpg","contentUrl":"https:\/\/www.performance-floor.com\/wp-content\/uploads\/2020\/06\/anti-rutsch-band-01.jpg","width":1200,"height":1200},{"@type":"BreadcrumbList","@id":"https:\/\/www.performance-floor.com\/pl\/produkt\/anti-rutsch-band\/#breadcrumb","itemListElement":[{"@type":"ListItem","position":1,"name":"Startseite","item":"https:\/\/www.performance-floor.com\/"},{"@type":"ListItem","position":2,"name":"Sklep","item":"https:\/\/www.performance-floor.com\/pl\/shop\/"},{"@type":"ListItem","position":3,"name":"Anti-Rutsch-Band"}]},{"@type":"WebSite","@id":"https:\/\/www.performance-floor.com\/#website","url":"https:\/\/www.performance-floor.com\/","name":"Performance Floor\u00ae","description":"Bodenbelag f\u00fcr Garagen, Rennteam, Messen und vieles mehr!","publisher":{"@id":"https:\/\/www.performance-floor.com\/#organization"},"potentialAction":[{"@type":"SearchAction","target":{"@type":"EntryPoint","urlTemplate":"https:\/\/www.performance-floor.com\/?s={search_term_string}"},"query-input":{"@type":"PropertyValueSpecification","valueRequired":true,"valueName":"search_term_string"}}],"inLanguage":"pl-PL"},{"@type":"Organization","@id":"https:\/\/www.performance-floor.com\/#organization","name":"Performance Floor","url":"https:\/\/www.performance-floor.com\/","logo":{"@type":"ImageObject","inLanguage":"pl-PL","@id":"https:\/\/www.performance-floor.com\/#\/schema\/logo\/image\/","url":"https:\/\/www.performance-floor.com\/wp-content\/uploads\/2025\/02\/performance-floor_logo-01_auf-weiss_2024-11-10.png","contentUrl":"https:\/\/www.performance-floor.com\/wp-content\/uploads\/2025\/02\/performance-floor_logo-01_auf-weiss_2024-11-10.png","width":806,"height":774,"caption":"Performance Floor"},"image":{"@id":"https:\/\/www.performance-floor.com\/#\/schema\/logo\/image\/"}}]}},"jetpack_sharing_enabled":true,"_links":{"self":[{"href":"https:\/\/www.performance-floor.com\/pl\/wp-json\/wp\/v2\/product\/2919","targetHints":{"allow":["GET"]}}],"collection":[{"href":"https:\/\/www.performance-floor.com\/pl\/wp-json\/wp\/v2\/product"}],"about":[{"href":"https:\/\/www.performance-floor.com\/pl\/wp-json\/wp\/v2\/types\/product"}],"wp:featuredmedia":[{"embeddable":true,"href":"https:\/\/www.performance-floor.com\/pl\/wp-json\/wp\/v2\/media\/2920"}],"wp:attachment":[{"href":"https:\/\/www.performance-floor.com\/pl\/wp-json\/wp\/v2\/media?parent=2919"}],"wp:term":[{"taxonomy":"product_brand","embeddable":true,"href":"https:\/\/www.performance-floor.com\/pl\/wp-json\/wp\/v2\/product_brand?post=2919"},{"taxonomy":"product_cat","embeddable":true,"href":"https:\/\/www.performance-floor.com\/pl\/wp-json\/wp\/v2\/product_cat?post=2919"},{"taxonomy":"product_tag","embeddable":true,"href":"https:\/\/www.performance-floor.com\/pl\/wp-json\/wp\/v2\/product_tag?post=2919"}],"curies":[{"name":"wp","href":"https:\/\/api.w.org\/{rel}","templated":true}]}}