{"id":2627,"date":"2020-02-05T11:44:07","date_gmt":"2020-02-05T11:44:07","guid":{"rendered":"https:\/\/www.performance-floor.com\/produkt\/race\/"},"modified":"2024-04-03T00:00:33","modified_gmt":"2024-04-03T00:00:33","slug":"race","status":"publish","type":"product","link":"https:\/\/www.performance-floor.com\/pl\/produkt\/race\/","title":{"rendered":"RACE"},"content":{"rendered":"<p>Zaokr\u0105glona powierzchnia<\/p>\n<p>Wyj\u0105tkowy wygl\u0105d dzi\u0119ki efektowi 3D<\/p>\n<p>Dzi\u0119ki otwartej strukturze kurz i py\u0142 jest niewidoczny, wilgo\u0107 znika nie<br \/>\npozostawiaj\u0105c mokrej powierzchni<\/p>\n<p>\u0141atwy w utrzymaniu przy pomocy odkurzacza<\/p>\n<p>R\u00f3\u017cnorodno\u015b\u0107 kolor\u00f3w<\/p>\n<p>Wytrzyma\u0142y do 30 t\/m2 nacisku<\/p>\n<p>Odporny na kwasy, zasady, oleje<\/p>\n","protected":false},"excerpt":{"rendered":"<p>Cena za opakowanie, zawiera podatek VAT!<br \/>\nOpakowanie = 6 modu\u0142\u00f3w (1 op. = 0,96m<sup>2<\/sup>)<\/p>\n<p>Sprzeda\u017c wy\u0142\u0105cznie w pe\u0142nym opakowaniu.<\/p>\n","protected":false},"featured_media":13608,"template":"","meta":[],"product_brand":[],"product_cat":[82],"product_tag":[],"class_list":{"0":"post-2627","1":"product","2":"type-product","3":"status-publish","4":"has-post-thumbnail","6":"product_cat-click-tiles-pl","8":"first","9":"instock","10":"sale","11":"featured","12":"shipping-taxable","13":"purchasable","14":"product-type-variable"},"yoast_head":"<!-- This site is optimized with the Yoast SEO plugin v26.7 - https:\/\/yoast.com\/wordpress\/plugins\/seo\/ -->\n<title>RACE | Performance Floor\u00ae<\/title>\n<meta name=\"description\" content=\"RACE \u21d2 Performance Floor\u00ae \u27a4 Hier kannst Du Deinen einen Garagen-Bodenbelag selbst gestalten\" \/>\n<meta name=\"robots\" content=\"index, follow, max-snippet:-1, max-image-preview:large, max-video-preview:-1\" \/>\n<link rel=\"canonical\" href=\"https:\/\/www.performance-floor.com\/pl\/produkt\/race\/\" \/>\n<meta property=\"og:locale\" content=\"pl_PL\" \/>\n<meta property=\"og:type\" content=\"article\" \/>\n<meta property=\"og:title\" content=\"RACE | Performance Floor\u00ae\" \/>\n<meta property=\"og:description\" content=\"RACE \u21d2 Performance Floor\u00ae \u27a4 Hier kannst Du Deinen einen Garagen-Bodenbelag selbst gestalten\" \/>\n<meta property=\"og:url\" content=\"https:\/\/www.performance-floor.com\/pl\/produkt\/race\/\" \/>\n<meta property=\"og:site_name\" content=\"Performance Floor\u00ae\" \/>\n<meta property=\"article:modified_time\" content=\"2024-04-03T00:00:33+00:00\" \/>\n<meta property=\"og:image\" content=\"https:\/\/www.performance-floor.com\/wp-content\/uploads\/2020\/02\/race_simple.jpg\" \/>\n\t<meta property=\"og:image:width\" content=\"1200\" \/>\n\t<meta property=\"og:image:height\" content=\"1200\" \/>\n\t<meta property=\"og:image:type\" content=\"image\/jpeg\" \/>\n<meta name=\"twitter:card\" content=\"summary_large_image\" \/>\n<script type=\"application\/ld+json\" class=\"yoast-schema-graph\">{\"@context\":\"https:\/\/schema.org\",\"@graph\":[{\"@type\":\"WebPage\",\"@id\":\"https:\/\/www.performance-floor.com\/pl\/produkt\/race\/\",\"url\":\"https:\/\/www.performance-floor.com\/pl\/produkt\/race\/\",\"name\":\"RACE | Performance Floor\u00ae\",\"isPartOf\":{\"@id\":\"https:\/\/www.performance-floor.com\/#website\"},\"primaryImageOfPage\":{\"@id\":\"https:\/\/www.performance-floor.com\/pl\/produkt\/race\/#primaryimage\"},\"image\":{\"@id\":\"https:\/\/www.performance-floor.com\/pl\/produkt\/race\/#primaryimage\"},\"thumbnailUrl\":\"https:\/\/www.performance-floor.com\/wp-content\/uploads\/2025\/11\/bodenbelagbannersArtboard-1.jpg\",\"datePublished\":\"2020-02-05T11:44:07+00:00\",\"dateModified\":\"2024-04-03T00:00:33+00:00\",\"description\":\"RACE \u21d2 Performance Floor\u00ae \u27a4 Hier kannst Du Deinen einen Garagen-Bodenbelag selbst gestalten\",\"breadcrumb\":{\"@id\":\"https:\/\/www.performance-floor.com\/pl\/produkt\/race\/#breadcrumb\"},\"inLanguage\":\"pl-PL\",\"potentialAction\":[{\"@type\":\"ReadAction\",\"target\":[\"https:\/\/www.performance-floor.com\/pl\/produkt\/race\/\"]}]},{\"@type\":\"ImageObject\",\"inLanguage\":\"pl-PL\",\"@id\":\"https:\/\/www.performance-floor.com\/pl\/produkt\/race\/#primaryimage\",\"url\":\"https:\/\/www.performance-floor.com\/wp-content\/uploads\/2025\/11\/bodenbelagbannersArtboard-1.jpg\",\"contentUrl\":\"https:\/\/www.performance-floor.com\/wp-content\/uploads\/2025\/11\/bodenbelagbannersArtboard-1.jpg\",\"width\":1200,\"height\":1200},{\"@type\":\"BreadcrumbList\",\"@id\":\"https:\/\/www.performance-floor.com\/pl\/produkt\/race\/#breadcrumb\",\"itemListElement\":[{\"@type\":\"ListItem\",\"position\":1,\"name\":\"Startseite\",\"item\":\"https:\/\/www.performance-floor.com\/\"},{\"@type\":\"ListItem\",\"position\":2,\"name\":\"Sklep\",\"item\":\"https:\/\/www.performance-floor.com\/pl\/shop\/\"},{\"@type\":\"ListItem\",\"position\":3,\"name\":\"RACE\"}]},{\"@type\":\"WebSite\",\"@id\":\"https:\/\/www.performance-floor.com\/#website\",\"url\":\"https:\/\/www.performance-floor.com\/\",\"name\":\"Performance Floor\u00ae\",\"description\":\"Bodenbelag f\u00fcr Garagen, Rennteam, Messen und vieles mehr!\",\"publisher\":{\"@id\":\"https:\/\/www.performance-floor.com\/#organization\"},\"potentialAction\":[{\"@type\":\"SearchAction\",\"target\":{\"@type\":\"EntryPoint\",\"urlTemplate\":\"https:\/\/www.performance-floor.com\/?s={search_term_string}\"},\"query-input\":{\"@type\":\"PropertyValueSpecification\",\"valueRequired\":true,\"valueName\":\"search_term_string\"}}],\"inLanguage\":\"pl-PL\"},{\"@type\":\"Organization\",\"@id\":\"https:\/\/www.performance-floor.com\/#organization\",\"name\":\"Performance Floor\",\"url\":\"https:\/\/www.performance-floor.com\/\",\"logo\":{\"@type\":\"ImageObject\",\"inLanguage\":\"pl-PL\",\"@id\":\"https:\/\/www.performance-floor.com\/#\/schema\/logo\/image\/\",\"url\":\"https:\/\/www.performance-floor.com\/wp-content\/uploads\/2025\/02\/performance-floor_logo-01_auf-weiss_2024-11-10.png\",\"contentUrl\":\"https:\/\/www.performance-floor.com\/wp-content\/uploads\/2025\/02\/performance-floor_logo-01_auf-weiss_2024-11-10.png\",\"width\":806,\"height\":774,\"caption\":\"Performance Floor\"},\"image\":{\"@id\":\"https:\/\/www.performance-floor.com\/#\/schema\/logo\/image\/\"}}]}<\/script>\n<!-- \/ Yoast SEO plugin. -->","yoast_head_json":{"title":"RACE | Performance Floor\u00ae","description":"RACE \u21d2 Performance Floor\u00ae \u27a4 Hier kannst Du Deinen einen Garagen-Bodenbelag selbst gestalten","robots":{"index":"index","follow":"follow","max-snippet":"max-snippet:-1","max-image-preview":"max-image-preview:large","max-video-preview":"max-video-preview:-1"},"canonical":"https:\/\/www.performance-floor.com\/pl\/produkt\/race\/","og_locale":"pl_PL","og_type":"article","og_title":"RACE | Performance Floor\u00ae","og_description":"RACE \u21d2 Performance Floor\u00ae \u27a4 Hier kannst Du Deinen einen Garagen-Bodenbelag selbst gestalten","og_url":"https:\/\/www.performance-floor.com\/pl\/produkt\/race\/","og_site_name":"Performance Floor\u00ae","article_modified_time":"2024-04-03T00:00:33+00:00","og_image":[{"width":1200,"height":1200,"url":"https:\/\/www.performance-floor.com\/wp-content\/uploads\/2020\/02\/race_simple.jpg","type":"image\/jpeg"}],"twitter_card":"summary_large_image","schema":{"@context":"https:\/\/schema.org","@graph":[{"@type":"WebPage","@id":"https:\/\/www.performance-floor.com\/pl\/produkt\/race\/","url":"https:\/\/www.performance-floor.com\/pl\/produkt\/race\/","name":"RACE | Performance Floor\u00ae","isPartOf":{"@id":"https:\/\/www.performance-floor.com\/#website"},"primaryImageOfPage":{"@id":"https:\/\/www.performance-floor.com\/pl\/produkt\/race\/#primaryimage"},"image":{"@id":"https:\/\/www.performance-floor.com\/pl\/produkt\/race\/#primaryimage"},"thumbnailUrl":"https:\/\/www.performance-floor.com\/wp-content\/uploads\/2025\/11\/bodenbelagbannersArtboard-1.jpg","datePublished":"2020-02-05T11:44:07+00:00","dateModified":"2024-04-03T00:00:33+00:00","description":"RACE \u21d2 Performance Floor\u00ae \u27a4 Hier kannst Du Deinen einen Garagen-Bodenbelag selbst gestalten","breadcrumb":{"@id":"https:\/\/www.performance-floor.com\/pl\/produkt\/race\/#breadcrumb"},"inLanguage":"pl-PL","potentialAction":[{"@type":"ReadAction","target":["https:\/\/www.performance-floor.com\/pl\/produkt\/race\/"]}]},{"@type":"ImageObject","inLanguage":"pl-PL","@id":"https:\/\/www.performance-floor.com\/pl\/produkt\/race\/#primaryimage","url":"https:\/\/www.performance-floor.com\/wp-content\/uploads\/2025\/11\/bodenbelagbannersArtboard-1.jpg","contentUrl":"https:\/\/www.performance-floor.com\/wp-content\/uploads\/2025\/11\/bodenbelagbannersArtboard-1.jpg","width":1200,"height":1200},{"@type":"BreadcrumbList","@id":"https:\/\/www.performance-floor.com\/pl\/produkt\/race\/#breadcrumb","itemListElement":[{"@type":"ListItem","position":1,"name":"Startseite","item":"https:\/\/www.performance-floor.com\/"},{"@type":"ListItem","position":2,"name":"Sklep","item":"https:\/\/www.performance-floor.com\/pl\/shop\/"},{"@type":"ListItem","position":3,"name":"RACE"}]},{"@type":"WebSite","@id":"https:\/\/www.performance-floor.com\/#website","url":"https:\/\/www.performance-floor.com\/","name":"Performance Floor\u00ae","description":"Bodenbelag f\u00fcr Garagen, Rennteam, Messen und vieles mehr!","publisher":{"@id":"https:\/\/www.performance-floor.com\/#organization"},"potentialAction":[{"@type":"SearchAction","target":{"@type":"EntryPoint","urlTemplate":"https:\/\/www.performance-floor.com\/?s={search_term_string}"},"query-input":{"@type":"PropertyValueSpecification","valueRequired":true,"valueName":"search_term_string"}}],"inLanguage":"pl-PL"},{"@type":"Organization","@id":"https:\/\/www.performance-floor.com\/#organization","name":"Performance Floor","url":"https:\/\/www.performance-floor.com\/","logo":{"@type":"ImageObject","inLanguage":"pl-PL","@id":"https:\/\/www.performance-floor.com\/#\/schema\/logo\/image\/","url":"https:\/\/www.performance-floor.com\/wp-content\/uploads\/2025\/02\/performance-floor_logo-01_auf-weiss_2024-11-10.png","contentUrl":"https:\/\/www.performance-floor.com\/wp-content\/uploads\/2025\/02\/performance-floor_logo-01_auf-weiss_2024-11-10.png","width":806,"height":774,"caption":"Performance Floor"},"image":{"@id":"https:\/\/www.performance-floor.com\/#\/schema\/logo\/image\/"}}]}},"jetpack_sharing_enabled":true,"_links":{"self":[{"href":"https:\/\/www.performance-floor.com\/pl\/wp-json\/wp\/v2\/product\/2627","targetHints":{"allow":["GET"]}}],"collection":[{"href":"https:\/\/www.performance-floor.com\/pl\/wp-json\/wp\/v2\/product"}],"about":[{"href":"https:\/\/www.performance-floor.com\/pl\/wp-json\/wp\/v2\/types\/product"}],"wp:featuredmedia":[{"embeddable":true,"href":"https:\/\/www.performance-floor.com\/pl\/wp-json\/wp\/v2\/media\/13608"}],"wp:attachment":[{"href":"https:\/\/www.performance-floor.com\/pl\/wp-json\/wp\/v2\/media?parent=2627"}],"wp:term":[{"taxonomy":"product_brand","embeddable":true,"href":"https:\/\/www.performance-floor.com\/pl\/wp-json\/wp\/v2\/product_brand?post=2627"},{"taxonomy":"product_cat","embeddable":true,"href":"https:\/\/www.performance-floor.com\/pl\/wp-json\/wp\/v2\/product_cat?post=2627"},{"taxonomy":"product_tag","embeddable":true,"href":"https:\/\/www.performance-floor.com\/pl\/wp-json\/wp\/v2\/product_tag?post=2627"}],"curies":[{"name":"wp","href":"https:\/\/api.w.org\/{rel}","templated":true}]}}