{"id":10469,"date":"2024-08-11T12:59:11","date_gmt":"2024-08-11T12:59:11","guid":{"rendered":"https:\/\/www.performance-floor.com\/?post_type=product&#038;p=10469"},"modified":"2026-04-07T10:28:54","modified_gmt":"2026-04-07T10:28:54","slug":"hexagon-rgb-deckenbeleuchtung-inkl-aluminiumrahmen","status":"publish","type":"product","link":"https:\/\/www.performance-floor.com\/pl\/produkt\/hexagon-rgb-deckenbeleuchtung-inkl-aluminiumrahmen\/","title":{"rendered":"Hexagon RGB-Deckenbeleuchtung inkl. Aluminiumrahmen"},"content":{"rendered":"<h5>Hexagon RGB Set inklusive Aluminiumrahmen<\/h5>\n<p style=\"text-align: left;\">Wir sind die einzigen die einen steckbaren und stabilen Alurahmen anbieten! Vorteile: Kein Rost, leicht und doch robust! Made in Germany by Performance Floor. F\u00fcr unseren Rahmen wird kein Werkzeug ben\u00f6tigt. Einfach zusammenstecken und mittels Kabelbinder mit dem Performance Floor Hexagon RGB Light verbinden. Die frei kombinierbaren RGB-Panels lassen deine Garage, Showroom, Gamingroom, Fahrzeugausstellung oder Werkstatt in neuem Glanz erstrahlen. Perfekt in Kombination mit den ebenso flexiblen Performance Floor Klickfliesen.<\/p>\n<p style=\"text-align: left;\">Ma\u00dfe: 2,53 x 4,97 m<\/p>\n<p style=\"text-align: left;\">Lieferzeit 2-3 Werktage nach Zahlungseingang innerhalb Deutschlands und 5-7 Werktage nach Zahlungseingang innerhalb der EU.<br \/>\n*Achtung Drahtseile oder Befestigung zum Abh\u00e4ngen nicht inkludiert*<\/p>\n<hr \/>\n<h5>Zuverl\u00e4ssiger Allrounder!<\/h5>\n<p>Unser Performance Floor Hexagon RGB-Deckenlicht ist nicht nur perfekt f\u00fcr professionelle Fahrzeugpflege und -reparatur geeignet, sondern auch ein beeindruckendes Highlight f\u00fcr Showrooms, Gaming-Rooms, Barbershops und mehr. Mit seiner innovativen RGB-Technologie bietet es eine optimale Beleuchtung, die nicht nur die Sicht auf Oberfl\u00e4chen verbessert, sondern auch ein exklusives Designmerkmal darstellt. Einfach zu montieren dank des praktischen Klick-Systems, erm\u00f6glicht es dir, beliebig viele Einheiten zu kombinieren, um gro\u00dfe Fl\u00e4chen abzudecken und so jedem Raum eine beeindruckende Atmosph\u00e4re zu verleihen. Ideal, um deine R\u00e4ume perfekt in Szene zu setzen und eine glanzvolle Pr\u00e4sentation zu bieten.<\/p>\n<hr \/>\n<h5>Exklusives Design!<\/h5>\n<p>Praktische Lichtl\u00f6sung wurde mit spektakul\u00e4rem Design vereint! Unsere Performance Floor RGB-Deckenbeleuchtung ist ein Muss f\u00fcr jede Garage, Showroom oder Gamingroom. Die RGB-Deckenbeleuchtung aus Aluminium mit PVC-Abdeckung ist sehr hochwertig verarbeitet und das einfache Klick-System sorgt f\u00fcr eine einfache Montage. Mit 552 W \/ Set Leistungsst\u00e4rke, RGB Farbt\u00f6nen erm\u00f6glicht das RGB-Lichtsystem eine optimale und zielgerichtete Beleuchtung. Ihrem Anwendungsbereich sind keine Grenzen gesetzt. Du kannst die Performance Floor RGB-Deckenleuchten beliebig, mit weiteren RGB-Deckenleuchten kombinieren und individuell gestalten. Das Wabenmuster ist keine Vorgabe, die einzelnen Bauteile lassen sich beliebig miteinander verbinden und um gr\u00f6\u00dfere Fl\u00e4chen zu belegen, erwerbe einfach ein weiteres Paket der Performance Floor RGB-Deckenbeleuchtung dazu.<\/p>\n<hr \/>\n<h5>Spezifikation \/ Eigenschaften<\/h5>\n<ul>\n<li>eignet sich ideal zur Fahrzeugaufbereitung, Autolackierung, Karosserie Instandsetzung, Lackversiegelung, Smart-Repair<\/li>\n<li>besonders beliebt bei Kfz-Werkst\u00e4tten, Fahrzeugausstellungen aber auch au\u00dferhalb des KFZ-Bereiches nutzbar<\/li>\n<li>gew\u00e4hrleistet eine zielgerichtete Lackinspektion<\/li>\n<li>ideal zur Pr\u00e4sentation von lackierten, aufbereiteten oder versiegelten Lackoberfl\u00e4chen<\/li>\n<li>einzigartiges Design mit garantiertem Wow-Effekt f\u00fcr deine Arbeitsr\u00e4ume<\/li>\n<li>hinterl\u00e4sst bei den Kunden einen erstklassigen optischen Eindruck<\/li>\n<li>geringer Energiebedarf, geringe W\u00e4rmeentwicklung<\/li>\n<li>hochwertig und stabil verarbeitet<\/li>\n<li>ist sehr leicht zu montieren<\/li>\n<\/ul>\n<hr \/>\n<h5>Technische Daten Hexagon RGB Light<\/h5>\n<p><strong>Ma\u00dfe:<\/strong> 2,53 x 4,97 m<br \/>\n<strong>Stromspannung:<\/strong> AC220 V<br \/>\n<strong>Leistung:<\/strong> 552 W<br \/>\n<strong>St\u00e4rke:<\/strong> 20 mm<br \/>\n<strong>Material:<\/strong> Aluminium + PVC-Abdeckung<\/p>\n<hr \/>\n<h5>Technische Daten Aluminium Rahmen<\/h5>\n<p><strong>Ma\u00dfe:<\/strong> 2,40 x 4,80 m<br \/>\n<strong>St\u00e4rke:<\/strong> 20 mm<br \/>\n<strong>Gewicht: <\/strong>8 kg<br \/>\n<strong>Material:<\/strong> Aluminium<\/p>\n<p><strong>Aufbauanleitung:\u00a0<a href=\"https:\/\/www.performance-floor.com\/wp-content\/uploads\/2024\/02\/2025-09-09_Performance-Floor_Anleitung_Rahmen.pdf\">Performance Floor \u2013 Aluminiumrahmen<\/a><\/strong><\/p>\n","protected":false},"excerpt":{"rendered":"<p><a href=\"https:\/\/www.performance-floor.com\/hexagon-deckenbeleuchtung-ideale-lichtloesung-fuer-jeden-raum\/\">Top-Qualit\u00e4t, die sich lohnt \u2013 6 Gr\u00fcnde f\u00fcr unser Hexagon<\/a><\/p>\n<p>Dein Performance Floor in ganz neuem Licht und es l\u00e4sst sich mit unserem neuen steckbaren Aluminiumrahmen &#8222;l\u00e4ssig&#8221; abh\u00e4ngen!<\/p>\n<p>Wir sind die einzigen die einen steckbaren und stabilen Alurahmen anbieten! Vorteile: Kein Rost, leicht und doch robust! Made in Germany by Performance Floor<\/p>\n<p>F\u00fcr unseren Rahmen wird kein Werkzeug ben\u00f6tigt. Einfach zusammenstecken und mittels Kabelbinder mit dem Performance Floor Hexagon RGB Light verbinden.<\/p>\n<p>Die frei kombinierbaren RGB-Panels lassen deine Garage, Werkstatt, Fahrzeugausstellung oder Showroom in neuem Glanz erstrahlen. Perfekt in Kombination mit den ebenso flexiblen Performance Floor Klickfliesen.<br \/>\nEs k\u00f6nnen bis zu zwei zusammengebaute Hexagons \u00fcber einen Strompunkt laufen. Per App oder Fernbedienung steuerbar.<\/p>\n<p>Ma\u00dfe: 2,53 x 4,97 m<\/p>\n<p>Lieferzeit 2-3 Werktage nach Zahlungseingang innerhalb Deutschlands und 5-7 Werktage nach Zahlungseingang innerhalb der EU.<\/p>\n<p><strong>Bitte beachten: <\/strong>Das Hexagon steht leicht \u00fcber dem Rahmen ab. RGB Hexagon leuchtet nicht so hell im wei\u00dfen Modus wie das Standard-Hexagon 6500K &#8211; es ist keine Arbeitsleuchte.<\/p>\n","protected":false},"featured_media":11032,"template":"","meta":[],"product_brand":[],"product_cat":[222],"product_tag":[],"class_list":{"0":"post-10469","1":"product","2":"type-product","3":"status-publish","4":"has-post-thumbnail","6":"product_cat-lichttechnik","8":"first","9":"instock","10":"shipping-taxable","11":"purchasable","12":"product-type-simple"},"yoast_head":"<!-- This site is optimized with the Yoast SEO plugin v27.3 - https:\/\/yoast.com\/product\/yoast-seo-wordpress\/ -->\n<title>Hexagon RGB-Deckenbeleuchtung inkl. Aluminiumrahmen | Performance Floor\u00ae<\/title>\n<meta name=\"description\" content=\"Hexagon RGB-Deckenbeleuchtung inkl. Aluminiumrahmen \u21d2 Performance Floor\u00ae \u27a4 Hier kannst Du Deinen einen Garagen-Bodenbelag selbst gestalten\" \/>\n<meta name=\"robots\" content=\"index, follow, max-snippet:-1, max-image-preview:large, max-video-preview:-1\" \/>\n<link rel=\"canonical\" href=\"https:\/\/www.performance-floor.com\/produkt\/hexagon-rgb-deckenbeleuchtung-inkl-aluminiumrahmen\/\" \/>\n<meta property=\"og:locale\" content=\"pl_PL\" \/>\n<meta property=\"og:type\" content=\"article\" \/>\n<meta property=\"og:title\" content=\"Hexagon RGB-Deckenbeleuchtung inkl. Aluminiumrahmen | Performance Floor\u00ae\" \/>\n<meta property=\"og:description\" content=\"Hexagon RGB-Deckenbeleuchtung inkl. Aluminiumrahmen \u21d2 Performance Floor\u00ae \u27a4 Hier kannst Du Deinen einen Garagen-Bodenbelag selbst gestalten\" \/>\n<meta property=\"og:url\" content=\"https:\/\/www.performance-floor.com\/produkt\/hexagon-rgb-deckenbeleuchtung-inkl-aluminiumrahmen\/\" \/>\n<meta property=\"og:site_name\" content=\"Performance Floor\u00ae\" \/>\n<meta property=\"article:modified_time\" content=\"2026-04-07T10:28:54+00:00\" \/>\n<meta property=\"og:image\" content=\"https:\/\/www.performance-floor.com\/wp-content\/uploads\/2024\/08\/hexagon-rgb-rahmen_005.jpg\" \/>\n\t<meta property=\"og:image:width\" content=\"1080\" \/>\n\t<meta property=\"og:image:height\" content=\"1080\" \/>\n\t<meta property=\"og:image:type\" content=\"image\/jpeg\" \/>\n<meta name=\"twitter:card\" content=\"summary_large_image\" \/>\n<meta name=\"twitter:label1\" content=\"Szacowany czas czytania\" \/>\n\t<meta name=\"twitter:data1\" content=\"3 minuty\" \/>\n<script type=\"application\/ld+json\" class=\"yoast-schema-graph\">{\"@context\":\"https:\\\/\\\/schema.org\",\"@graph\":[{\"@type\":\"WebPage\",\"@id\":\"https:\\\/\\\/www.performance-floor.com\\\/produkt\\\/hexagon-rgb-deckenbeleuchtung-inkl-aluminiumrahmen\\\/\",\"url\":\"https:\\\/\\\/www.performance-floor.com\\\/produkt\\\/hexagon-rgb-deckenbeleuchtung-inkl-aluminiumrahmen\\\/\",\"name\":\"Hexagon RGB-Deckenbeleuchtung inkl. Aluminiumrahmen | Performance Floor\u00ae\",\"isPartOf\":{\"@id\":\"https:\\\/\\\/www.performance-floor.com\\\/#website\"},\"primaryImageOfPage\":{\"@id\":\"https:\\\/\\\/www.performance-floor.com\\\/produkt\\\/hexagon-rgb-deckenbeleuchtung-inkl-aluminiumrahmen\\\/#primaryimage\"},\"image\":{\"@id\":\"https:\\\/\\\/www.performance-floor.com\\\/produkt\\\/hexagon-rgb-deckenbeleuchtung-inkl-aluminiumrahmen\\\/#primaryimage\"},\"thumbnailUrl\":\"https:\\\/\\\/www.performance-floor.com\\\/wp-content\\\/uploads\\\/2024\\\/08\\\/hexagon-rgb-rahmen_005.jpg\",\"datePublished\":\"2024-08-11T12:59:11+00:00\",\"dateModified\":\"2026-04-07T10:28:54+00:00\",\"description\":\"Hexagon RGB-Deckenbeleuchtung inkl. Aluminiumrahmen \u21d2 Performance Floor\u00ae \u27a4 Hier kannst Du Deinen einen Garagen-Bodenbelag selbst gestalten\",\"breadcrumb\":{\"@id\":\"https:\\\/\\\/www.performance-floor.com\\\/produkt\\\/hexagon-rgb-deckenbeleuchtung-inkl-aluminiumrahmen\\\/#breadcrumb\"},\"inLanguage\":\"pl-PL\",\"potentialAction\":[{\"@type\":\"ReadAction\",\"target\":[\"https:\\\/\\\/www.performance-floor.com\\\/produkt\\\/hexagon-rgb-deckenbeleuchtung-inkl-aluminiumrahmen\\\/\"]}]},{\"@type\":\"ImageObject\",\"inLanguage\":\"pl-PL\",\"@id\":\"https:\\\/\\\/www.performance-floor.com\\\/produkt\\\/hexagon-rgb-deckenbeleuchtung-inkl-aluminiumrahmen\\\/#primaryimage\",\"url\":\"https:\\\/\\\/www.performance-floor.com\\\/wp-content\\\/uploads\\\/2024\\\/08\\\/hexagon-rgb-rahmen_005.jpg\",\"contentUrl\":\"https:\\\/\\\/www.performance-floor.com\\\/wp-content\\\/uploads\\\/2024\\\/08\\\/hexagon-rgb-rahmen_005.jpg\",\"width\":1080,\"height\":1080,\"caption\":\"hexagon-rgb-rahmen_005.jpg\"},{\"@type\":\"BreadcrumbList\",\"@id\":\"https:\\\/\\\/www.performance-floor.com\\\/produkt\\\/hexagon-rgb-deckenbeleuchtung-inkl-aluminiumrahmen\\\/#breadcrumb\",\"itemListElement\":[{\"@type\":\"ListItem\",\"position\":1,\"name\":\"Startseite\",\"item\":\"https:\\\/\\\/www.performance-floor.com\\\/\"},{\"@type\":\"ListItem\",\"position\":2,\"name\":\"Sklep\",\"item\":\"https:\\\/\\\/www.performance-floor.com\\\/pl\\\/shop\\\/\"},{\"@type\":\"ListItem\",\"position\":3,\"name\":\"Hexagon RGB-Deckenbeleuchtung inkl. Aluminiumrahmen\"}]},{\"@type\":\"WebSite\",\"@id\":\"https:\\\/\\\/www.performance-floor.com\\\/#website\",\"url\":\"https:\\\/\\\/www.performance-floor.com\\\/\",\"name\":\"Performance Floor\u00ae\",\"description\":\"Bodenbelag f\u00fcr Garagen, Rennteam, Messen und vieles mehr!\",\"publisher\":{\"@id\":\"https:\\\/\\\/www.performance-floor.com\\\/#organization\"},\"potentialAction\":[{\"@type\":\"SearchAction\",\"target\":{\"@type\":\"EntryPoint\",\"urlTemplate\":\"https:\\\/\\\/www.performance-floor.com\\\/?s={search_term_string}\"},\"query-input\":{\"@type\":\"PropertyValueSpecification\",\"valueRequired\":true,\"valueName\":\"search_term_string\"}}],\"inLanguage\":\"pl-PL\"},{\"@type\":\"Organization\",\"@id\":\"https:\\\/\\\/www.performance-floor.com\\\/#organization\",\"name\":\"Performance Floor\",\"url\":\"https:\\\/\\\/www.performance-floor.com\\\/\",\"logo\":{\"@type\":\"ImageObject\",\"inLanguage\":\"pl-PL\",\"@id\":\"https:\\\/\\\/www.performance-floor.com\\\/#\\\/schema\\\/logo\\\/image\\\/\",\"url\":\"https:\\\/\\\/www.performance-floor.com\\\/wp-content\\\/uploads\\\/2025\\\/02\\\/performance-floor_logo-01_auf-weiss_2024-11-10.png\",\"contentUrl\":\"https:\\\/\\\/www.performance-floor.com\\\/wp-content\\\/uploads\\\/2025\\\/02\\\/performance-floor_logo-01_auf-weiss_2024-11-10.png\",\"width\":806,\"height\":774,\"caption\":\"Performance Floor\"},\"image\":{\"@id\":\"https:\\\/\\\/www.performance-floor.com\\\/#\\\/schema\\\/logo\\\/image\\\/\"}}]}<\/script>\n<!-- \/ Yoast SEO plugin. -->","yoast_head_json":{"title":"Hexagon RGB-Deckenbeleuchtung inkl. Aluminiumrahmen | Performance Floor\u00ae","description":"Hexagon RGB-Deckenbeleuchtung inkl. Aluminiumrahmen \u21d2 Performance Floor\u00ae \u27a4 Hier kannst Du Deinen einen Garagen-Bodenbelag selbst gestalten","robots":{"index":"index","follow":"follow","max-snippet":"max-snippet:-1","max-image-preview":"max-image-preview:large","max-video-preview":"max-video-preview:-1"},"canonical":"https:\/\/www.performance-floor.com\/produkt\/hexagon-rgb-deckenbeleuchtung-inkl-aluminiumrahmen\/","og_locale":"pl_PL","og_type":"article","og_title":"Hexagon RGB-Deckenbeleuchtung inkl. Aluminiumrahmen | Performance Floor\u00ae","og_description":"Hexagon RGB-Deckenbeleuchtung inkl. Aluminiumrahmen \u21d2 Performance Floor\u00ae \u27a4 Hier kannst Du Deinen einen Garagen-Bodenbelag selbst gestalten","og_url":"https:\/\/www.performance-floor.com\/produkt\/hexagon-rgb-deckenbeleuchtung-inkl-aluminiumrahmen\/","og_site_name":"Performance Floor\u00ae","article_modified_time":"2026-04-07T10:28:54+00:00","og_image":[{"width":1080,"height":1080,"url":"https:\/\/www.performance-floor.com\/wp-content\/uploads\/2024\/08\/hexagon-rgb-rahmen_005.jpg","type":"image\/jpeg"}],"twitter_card":"summary_large_image","twitter_misc":{"Szacowany czas czytania":"3 minuty"},"schema":{"@context":"https:\/\/schema.org","@graph":[{"@type":"WebPage","@id":"https:\/\/www.performance-floor.com\/produkt\/hexagon-rgb-deckenbeleuchtung-inkl-aluminiumrahmen\/","url":"https:\/\/www.performance-floor.com\/produkt\/hexagon-rgb-deckenbeleuchtung-inkl-aluminiumrahmen\/","name":"Hexagon RGB-Deckenbeleuchtung inkl. Aluminiumrahmen | Performance Floor\u00ae","isPartOf":{"@id":"https:\/\/www.performance-floor.com\/#website"},"primaryImageOfPage":{"@id":"https:\/\/www.performance-floor.com\/produkt\/hexagon-rgb-deckenbeleuchtung-inkl-aluminiumrahmen\/#primaryimage"},"image":{"@id":"https:\/\/www.performance-floor.com\/produkt\/hexagon-rgb-deckenbeleuchtung-inkl-aluminiumrahmen\/#primaryimage"},"thumbnailUrl":"https:\/\/www.performance-floor.com\/wp-content\/uploads\/2024\/08\/hexagon-rgb-rahmen_005.jpg","datePublished":"2024-08-11T12:59:11+00:00","dateModified":"2026-04-07T10:28:54+00:00","description":"Hexagon RGB-Deckenbeleuchtung inkl. Aluminiumrahmen \u21d2 Performance Floor\u00ae \u27a4 Hier kannst Du Deinen einen Garagen-Bodenbelag selbst gestalten","breadcrumb":{"@id":"https:\/\/www.performance-floor.com\/produkt\/hexagon-rgb-deckenbeleuchtung-inkl-aluminiumrahmen\/#breadcrumb"},"inLanguage":"pl-PL","potentialAction":[{"@type":"ReadAction","target":["https:\/\/www.performance-floor.com\/produkt\/hexagon-rgb-deckenbeleuchtung-inkl-aluminiumrahmen\/"]}]},{"@type":"ImageObject","inLanguage":"pl-PL","@id":"https:\/\/www.performance-floor.com\/produkt\/hexagon-rgb-deckenbeleuchtung-inkl-aluminiumrahmen\/#primaryimage","url":"https:\/\/www.performance-floor.com\/wp-content\/uploads\/2024\/08\/hexagon-rgb-rahmen_005.jpg","contentUrl":"https:\/\/www.performance-floor.com\/wp-content\/uploads\/2024\/08\/hexagon-rgb-rahmen_005.jpg","width":1080,"height":1080,"caption":"hexagon-rgb-rahmen_005.jpg"},{"@type":"BreadcrumbList","@id":"https:\/\/www.performance-floor.com\/produkt\/hexagon-rgb-deckenbeleuchtung-inkl-aluminiumrahmen\/#breadcrumb","itemListElement":[{"@type":"ListItem","position":1,"name":"Startseite","item":"https:\/\/www.performance-floor.com\/"},{"@type":"ListItem","position":2,"name":"Sklep","item":"https:\/\/www.performance-floor.com\/pl\/shop\/"},{"@type":"ListItem","position":3,"name":"Hexagon RGB-Deckenbeleuchtung inkl. Aluminiumrahmen"}]},{"@type":"WebSite","@id":"https:\/\/www.performance-floor.com\/#website","url":"https:\/\/www.performance-floor.com\/","name":"Performance Floor\u00ae","description":"Bodenbelag f\u00fcr Garagen, Rennteam, Messen und vieles mehr!","publisher":{"@id":"https:\/\/www.performance-floor.com\/#organization"},"potentialAction":[{"@type":"SearchAction","target":{"@type":"EntryPoint","urlTemplate":"https:\/\/www.performance-floor.com\/?s={search_term_string}"},"query-input":{"@type":"PropertyValueSpecification","valueRequired":true,"valueName":"search_term_string"}}],"inLanguage":"pl-PL"},{"@type":"Organization","@id":"https:\/\/www.performance-floor.com\/#organization","name":"Performance Floor","url":"https:\/\/www.performance-floor.com\/","logo":{"@type":"ImageObject","inLanguage":"pl-PL","@id":"https:\/\/www.performance-floor.com\/#\/schema\/logo\/image\/","url":"https:\/\/www.performance-floor.com\/wp-content\/uploads\/2025\/02\/performance-floor_logo-01_auf-weiss_2024-11-10.png","contentUrl":"https:\/\/www.performance-floor.com\/wp-content\/uploads\/2025\/02\/performance-floor_logo-01_auf-weiss_2024-11-10.png","width":806,"height":774,"caption":"Performance Floor"},"image":{"@id":"https:\/\/www.performance-floor.com\/#\/schema\/logo\/image\/"}}]}},"jetpack_sharing_enabled":true,"_links":{"self":[{"href":"https:\/\/www.performance-floor.com\/pl\/wp-json\/wp\/v2\/product\/10469","targetHints":{"allow":["GET"]}}],"collection":[{"href":"https:\/\/www.performance-floor.com\/pl\/wp-json\/wp\/v2\/product"}],"about":[{"href":"https:\/\/www.performance-floor.com\/pl\/wp-json\/wp\/v2\/types\/product"}],"wp:featuredmedia":[{"embeddable":true,"href":"https:\/\/www.performance-floor.com\/pl\/wp-json\/wp\/v2\/media\/11032"}],"wp:attachment":[{"href":"https:\/\/www.performance-floor.com\/pl\/wp-json\/wp\/v2\/media?parent=10469"}],"wp:term":[{"taxonomy":"product_brand","embeddable":true,"href":"https:\/\/www.performance-floor.com\/pl\/wp-json\/wp\/v2\/product_brand?post=10469"},{"taxonomy":"product_cat","embeddable":true,"href":"https:\/\/www.performance-floor.com\/pl\/wp-json\/wp\/v2\/product_cat?post=10469"},{"taxonomy":"product_tag","embeddable":true,"href":"https:\/\/www.performance-floor.com\/pl\/wp-json\/wp\/v2\/product_tag?post=10469"}],"curies":[{"name":"wp","href":"https:\/\/api.w.org\/{rel}","templated":true}]}}