{"id":7291,"date":"2022-10-27T13:27:51","date_gmt":"2022-10-27T13:27:51","guid":{"rendered":"https:\/\/www.performance-floor.com\/?post_type=product&#038;p=7291"},"modified":"2026-04-07T10:28:07","modified_gmt":"2026-04-07T10:28:07","slug":"led-lichtleiste","status":"publish","type":"product","link":"https:\/\/www.performance-floor.com\/en\/produkt\/led-lichtleiste\/","title":{"rendered":"LED Lichtleiste"},"content":{"rendered":"<p>Die Lichtleiste von Performance Floor, einzigartig in ihrer Funktion und in der Welt der Klickfliesen. Ausgestattet mit dem weltweit besten Klicksystem PRO 48.<\/p>\n<p>Die Lichtleiste ist in einer Farbe und in zwei Ausf\u00fchrungen bei uns erh\u00e4ltlich. Diese zwei unterschiedlichen Ausf\u00fchrungen erm\u00f6glichen es, jede Klickfliese zu umranden, um besondere Lichtakzente zu setzen.<\/p>\n<p>Durch den abnehmbaren Deckel, kann ein RGB-LED-Band Deiner Wahl in die Lichtleiste eingelegt werden. Dadurch kann die Lichtleiste in jeder gew\u00fcnschten Farbe leuchten und Deiner Kreativit\u00e4t sind keine Grenzen gesetzt.<\/p>\n<p>Der Deckel der Lichtleiste wird mit 16 Klickverbindungen an den Unterk\u00f6rper geklickt, sodass eine stabile Verbindung zu diesem entsteht. Die Konstruktion bietet auch bei eintretenden Fl\u00fcssigkeiten eine Entw\u00e4sserung, sodass diese schnell ablaufen und unter dem Performance Floor trocknen k\u00f6nnen.<\/p>\n","protected":false},"excerpt":{"rendered":"<p><strong>Mit dem verbessertem Klicksystem Pro48\u00ae<\/strong><\/p>\n<p>Preis inkl. MwSt.<\/p>\n<p>Die Lichtleiste von Performance Floor, kann in jeder gew\u00fcnschten Farbe Deinen Boden erleuchten und somit sind Deiner Kreativit\u00e4t keine Grenzen gesetzt.<\/p>\n<p>Lieferzeit 2-3 Werktage nach Zahlungseingang innerhalb Deutschlands und 5-7 Werktage nach Zahlungseingang innerhalb der EU.<\/p>\n<p><a href=\"https:\/\/www.performance-floor.com\/produkt\/led-strip-cob\/\"><b>Zum passenden LED Band<\/b><\/a><\/p>\n","protected":false},"featured_media":13585,"template":"","meta":[],"product_brand":[],"product_cat":[19],"product_tag":[],"class_list":{"0":"post-7291","1":"product","2":"type-product","3":"status-publish","4":"has-post-thumbnail","6":"product_cat-bodenbelag","8":"first","9":"instock","10":"shipping-taxable","11":"purchasable","12":"product-type-variable"},"yoast_head":"<!-- This site is optimized with the Yoast SEO plugin v27.3 - https:\/\/yoast.com\/product\/yoast-seo-wordpress\/ -->\n<title>LED Lichtleiste | Performance Floor\u00ae<\/title>\n<meta name=\"description\" content=\"LED Lichtleiste \u21d2 Performance Floor\u00ae \u27a4 Gestalte deinen Bodenbelag und werte diesen auf mit unserer LED Lichtleiste und lasse Deinen Boden erstrahlen.\" \/>\n<meta name=\"robots\" content=\"index, follow, max-snippet:-1, max-image-preview:large, max-video-preview:-1\" \/>\n<link rel=\"canonical\" href=\"https:\/\/www.performance-floor.com\/produkt\/led-lichtleiste\/\" \/>\n<meta property=\"og:locale\" content=\"en_US\" \/>\n<meta property=\"og:type\" content=\"article\" \/>\n<meta property=\"og:title\" content=\"LED Lichtleiste | Performance Floor\u00ae\" \/>\n<meta property=\"og:description\" content=\"LED Lichtleiste \u21d2 Performance Floor\u00ae \u27a4 Gestalte deinen Bodenbelag und werte diesen auf mit unserer LED Lichtleiste und lasse Deinen Boden erstrahlen.\" \/>\n<meta property=\"og:url\" content=\"https:\/\/www.performance-floor.com\/produkt\/led-lichtleiste\/\" \/>\n<meta property=\"og:site_name\" content=\"Performance Floor\u00ae\" \/>\n<meta property=\"article:modified_time\" content=\"2026-04-07T10:28:07+00:00\" \/>\n<meta property=\"og:image\" content=\"https:\/\/www.performance-floor.com\/wp-content\/uploads\/2025\/11\/bodenbelagbannersArtboard-1-copy-7.jpg\" \/>\n\t<meta property=\"og:image:width\" content=\"1200\" \/>\n\t<meta property=\"og:image:height\" content=\"1200\" \/>\n\t<meta property=\"og:image:type\" content=\"image\/jpeg\" \/>\n<meta name=\"twitter:card\" content=\"summary_large_image\" \/>\n<meta name=\"twitter:label1\" content=\"Est. reading time\" \/>\n\t<meta name=\"twitter:data1\" content=\"1 minute\" \/>\n<script type=\"application\/ld+json\" class=\"yoast-schema-graph\">{\"@context\":\"https:\\\/\\\/schema.org\",\"@graph\":[{\"@type\":\"WebPage\",\"@id\":\"https:\\\/\\\/www.performance-floor.com\\\/produkt\\\/led-lichtleiste\\\/\",\"url\":\"https:\\\/\\\/www.performance-floor.com\\\/produkt\\\/led-lichtleiste\\\/\",\"name\":\"LED Lichtleiste | Performance Floor\u00ae\",\"isPartOf\":{\"@id\":\"https:\\\/\\\/www.performance-floor.com\\\/#website\"},\"primaryImageOfPage\":{\"@id\":\"https:\\\/\\\/www.performance-floor.com\\\/produkt\\\/led-lichtleiste\\\/#primaryimage\"},\"image\":{\"@id\":\"https:\\\/\\\/www.performance-floor.com\\\/produkt\\\/led-lichtleiste\\\/#primaryimage\"},\"thumbnailUrl\":\"https:\\\/\\\/www.performance-floor.com\\\/wp-content\\\/uploads\\\/2025\\\/11\\\/bodenbelagbannersArtboard-1-copy-7.jpg\",\"datePublished\":\"2022-10-27T13:27:51+00:00\",\"dateModified\":\"2026-04-07T10:28:07+00:00\",\"description\":\"LED Lichtleiste \u21d2 Performance Floor\u00ae \u27a4 Gestalte deinen Bodenbelag und werte diesen auf mit unserer LED Lichtleiste und lasse Deinen Boden erstrahlen.\",\"breadcrumb\":{\"@id\":\"https:\\\/\\\/www.performance-floor.com\\\/produkt\\\/led-lichtleiste\\\/#breadcrumb\"},\"inLanguage\":\"en-US\",\"potentialAction\":[{\"@type\":\"ReadAction\",\"target\":[\"https:\\\/\\\/www.performance-floor.com\\\/produkt\\\/led-lichtleiste\\\/\"]}]},{\"@type\":\"ImageObject\",\"inLanguage\":\"en-US\",\"@id\":\"https:\\\/\\\/www.performance-floor.com\\\/produkt\\\/led-lichtleiste\\\/#primaryimage\",\"url\":\"https:\\\/\\\/www.performance-floor.com\\\/wp-content\\\/uploads\\\/2025\\\/11\\\/bodenbelagbannersArtboard-1-copy-7.jpg\",\"contentUrl\":\"https:\\\/\\\/www.performance-floor.com\\\/wp-content\\\/uploads\\\/2025\\\/11\\\/bodenbelagbannersArtboard-1-copy-7.jpg\",\"width\":1200,\"height\":1200},{\"@type\":\"BreadcrumbList\",\"@id\":\"https:\\\/\\\/www.performance-floor.com\\\/produkt\\\/led-lichtleiste\\\/#breadcrumb\",\"itemListElement\":[{\"@type\":\"ListItem\",\"position\":1,\"name\":\"Startseite\",\"item\":\"https:\\\/\\\/www.performance-floor.com\\\/\"},{\"@type\":\"ListItem\",\"position\":2,\"name\":\"Shop\",\"item\":\"https:\\\/\\\/www.performance-floor.com\\\/en\\\/shop\\\/\"},{\"@type\":\"ListItem\",\"position\":3,\"name\":\"LED Lichtleiste\"}]},{\"@type\":\"WebSite\",\"@id\":\"https:\\\/\\\/www.performance-floor.com\\\/#website\",\"url\":\"https:\\\/\\\/www.performance-floor.com\\\/\",\"name\":\"Performance Floor\u00ae\",\"description\":\"Bodenbelag f\u00fcr Garagen, Rennteam, Messen und vieles mehr!\",\"publisher\":{\"@id\":\"https:\\\/\\\/www.performance-floor.com\\\/#organization\"},\"potentialAction\":[{\"@type\":\"SearchAction\",\"target\":{\"@type\":\"EntryPoint\",\"urlTemplate\":\"https:\\\/\\\/www.performance-floor.com\\\/?s={search_term_string}\"},\"query-input\":{\"@type\":\"PropertyValueSpecification\",\"valueRequired\":true,\"valueName\":\"search_term_string\"}}],\"inLanguage\":\"en-US\"},{\"@type\":\"Organization\",\"@id\":\"https:\\\/\\\/www.performance-floor.com\\\/#organization\",\"name\":\"Performance Floor\",\"url\":\"https:\\\/\\\/www.performance-floor.com\\\/\",\"logo\":{\"@type\":\"ImageObject\",\"inLanguage\":\"en-US\",\"@id\":\"https:\\\/\\\/www.performance-floor.com\\\/#\\\/schema\\\/logo\\\/image\\\/\",\"url\":\"https:\\\/\\\/www.performance-floor.com\\\/wp-content\\\/uploads\\\/2025\\\/02\\\/performance-floor_logo-01_auf-weiss_2024-11-10.png\",\"contentUrl\":\"https:\\\/\\\/www.performance-floor.com\\\/wp-content\\\/uploads\\\/2025\\\/02\\\/performance-floor_logo-01_auf-weiss_2024-11-10.png\",\"width\":806,\"height\":774,\"caption\":\"Performance Floor\"},\"image\":{\"@id\":\"https:\\\/\\\/www.performance-floor.com\\\/#\\\/schema\\\/logo\\\/image\\\/\"}}]}<\/script>\n<!-- \/ Yoast SEO plugin. -->","yoast_head_json":{"title":"LED Lichtleiste | Performance Floor\u00ae","description":"LED Lichtleiste \u21d2 Performance Floor\u00ae \u27a4 Gestalte deinen Bodenbelag und werte diesen auf mit unserer LED Lichtleiste und lasse Deinen Boden erstrahlen.","robots":{"index":"index","follow":"follow","max-snippet":"max-snippet:-1","max-image-preview":"max-image-preview:large","max-video-preview":"max-video-preview:-1"},"canonical":"https:\/\/www.performance-floor.com\/produkt\/led-lichtleiste\/","og_locale":"en_US","og_type":"article","og_title":"LED Lichtleiste | Performance Floor\u00ae","og_description":"LED Lichtleiste \u21d2 Performance Floor\u00ae \u27a4 Gestalte deinen Bodenbelag und werte diesen auf mit unserer LED Lichtleiste und lasse Deinen Boden erstrahlen.","og_url":"https:\/\/www.performance-floor.com\/produkt\/led-lichtleiste\/","og_site_name":"Performance Floor\u00ae","article_modified_time":"2026-04-07T10:28:07+00:00","og_image":[{"width":1200,"height":1200,"url":"https:\/\/www.performance-floor.com\/wp-content\/uploads\/2025\/11\/bodenbelagbannersArtboard-1-copy-7.jpg","type":"image\/jpeg"}],"twitter_card":"summary_large_image","twitter_misc":{"Est. reading time":"1 minute"},"schema":{"@context":"https:\/\/schema.org","@graph":[{"@type":"WebPage","@id":"https:\/\/www.performance-floor.com\/produkt\/led-lichtleiste\/","url":"https:\/\/www.performance-floor.com\/produkt\/led-lichtleiste\/","name":"LED Lichtleiste | Performance Floor\u00ae","isPartOf":{"@id":"https:\/\/www.performance-floor.com\/#website"},"primaryImageOfPage":{"@id":"https:\/\/www.performance-floor.com\/produkt\/led-lichtleiste\/#primaryimage"},"image":{"@id":"https:\/\/www.performance-floor.com\/produkt\/led-lichtleiste\/#primaryimage"},"thumbnailUrl":"https:\/\/www.performance-floor.com\/wp-content\/uploads\/2025\/11\/bodenbelagbannersArtboard-1-copy-7.jpg","datePublished":"2022-10-27T13:27:51+00:00","dateModified":"2026-04-07T10:28:07+00:00","description":"LED Lichtleiste \u21d2 Performance Floor\u00ae \u27a4 Gestalte deinen Bodenbelag und werte diesen auf mit unserer LED Lichtleiste und lasse Deinen Boden erstrahlen.","breadcrumb":{"@id":"https:\/\/www.performance-floor.com\/produkt\/led-lichtleiste\/#breadcrumb"},"inLanguage":"en-US","potentialAction":[{"@type":"ReadAction","target":["https:\/\/www.performance-floor.com\/produkt\/led-lichtleiste\/"]}]},{"@type":"ImageObject","inLanguage":"en-US","@id":"https:\/\/www.performance-floor.com\/produkt\/led-lichtleiste\/#primaryimage","url":"https:\/\/www.performance-floor.com\/wp-content\/uploads\/2025\/11\/bodenbelagbannersArtboard-1-copy-7.jpg","contentUrl":"https:\/\/www.performance-floor.com\/wp-content\/uploads\/2025\/11\/bodenbelagbannersArtboard-1-copy-7.jpg","width":1200,"height":1200},{"@type":"BreadcrumbList","@id":"https:\/\/www.performance-floor.com\/produkt\/led-lichtleiste\/#breadcrumb","itemListElement":[{"@type":"ListItem","position":1,"name":"Startseite","item":"https:\/\/www.performance-floor.com\/"},{"@type":"ListItem","position":2,"name":"Shop","item":"https:\/\/www.performance-floor.com\/en\/shop\/"},{"@type":"ListItem","position":3,"name":"LED Lichtleiste"}]},{"@type":"WebSite","@id":"https:\/\/www.performance-floor.com\/#website","url":"https:\/\/www.performance-floor.com\/","name":"Performance Floor\u00ae","description":"Bodenbelag f\u00fcr Garagen, Rennteam, Messen und vieles mehr!","publisher":{"@id":"https:\/\/www.performance-floor.com\/#organization"},"potentialAction":[{"@type":"SearchAction","target":{"@type":"EntryPoint","urlTemplate":"https:\/\/www.performance-floor.com\/?s={search_term_string}"},"query-input":{"@type":"PropertyValueSpecification","valueRequired":true,"valueName":"search_term_string"}}],"inLanguage":"en-US"},{"@type":"Organization","@id":"https:\/\/www.performance-floor.com\/#organization","name":"Performance Floor","url":"https:\/\/www.performance-floor.com\/","logo":{"@type":"ImageObject","inLanguage":"en-US","@id":"https:\/\/www.performance-floor.com\/#\/schema\/logo\/image\/","url":"https:\/\/www.performance-floor.com\/wp-content\/uploads\/2025\/02\/performance-floor_logo-01_auf-weiss_2024-11-10.png","contentUrl":"https:\/\/www.performance-floor.com\/wp-content\/uploads\/2025\/02\/performance-floor_logo-01_auf-weiss_2024-11-10.png","width":806,"height":774,"caption":"Performance Floor"},"image":{"@id":"https:\/\/www.performance-floor.com\/#\/schema\/logo\/image\/"}}]}},"jetpack_sharing_enabled":true,"_links":{"self":[{"href":"https:\/\/www.performance-floor.com\/en\/wp-json\/wp\/v2\/product\/7291","targetHints":{"allow":["GET"]}}],"collection":[{"href":"https:\/\/www.performance-floor.com\/en\/wp-json\/wp\/v2\/product"}],"about":[{"href":"https:\/\/www.performance-floor.com\/en\/wp-json\/wp\/v2\/types\/product"}],"wp:featuredmedia":[{"embeddable":true,"href":"https:\/\/www.performance-floor.com\/en\/wp-json\/wp\/v2\/media\/13585"}],"wp:attachment":[{"href":"https:\/\/www.performance-floor.com\/en\/wp-json\/wp\/v2\/media?parent=7291"}],"wp:term":[{"taxonomy":"product_brand","embeddable":true,"href":"https:\/\/www.performance-floor.com\/en\/wp-json\/wp\/v2\/product_brand?post=7291"},{"taxonomy":"product_cat","embeddable":true,"href":"https:\/\/www.performance-floor.com\/en\/wp-json\/wp\/v2\/product_cat?post=7291"},{"taxonomy":"product_tag","embeddable":true,"href":"https:\/\/www.performance-floor.com\/en\/wp-json\/wp\/v2\/product_tag?post=7291"}],"curies":[{"name":"wp","href":"https:\/\/api.w.org\/{rel}","templated":true}]}}