{"id":5851,"date":"2022-04-22T08:58:02","date_gmt":"2022-04-22T08:58:02","guid":{"rendered":"https:\/\/www.performance-floor.com\/?post_type=product&#038;p=5851"},"modified":"2026-04-02T15:08:58","modified_gmt":"2026-04-02T15:08:58","slug":"sockelleiste-fugencover","status":"publish","type":"product","link":"https:\/\/www.performance-floor.com\/en\/produkt\/sockelleiste-fugencover\/","title":{"rendered":"Sockelleiste Fugencover"},"content":{"rendered":"<p>Um dem Klickfliesen-Boden genug Expansionsspielraum zu geben, muss zu festen Bauteilen, eine Dehnfuge von ca. 3 cm gelassen werden. Mit dem Performance Floor Fugencover, kann diese L\u00fccke ganz einfach \u00fcberdeckt werden. Die Sockelleiste wird mit den im Set beiliegenden D\u00fcbeln und Schrauben an der Wand befestigt \u2013 so erfolgt die Montage spielend einfach und ist in wenigen Schritten umgesetzt. F\u00fcr einen rundum sch\u00f6nen Look in Deiner Garage, Showroom oder Werkstatt!<\/p>\n","protected":false},"excerpt":{"rendered":"<p><b>Set Preis<\/b><strong>\u00a0pro 5 Meter<\/strong><\/p>\n<p>Preis inkl. Mwst<\/p>\n<p>Die praktische Fugen-\u00dcberdeckung f\u00fcr Deinen Performance Floor! Inklusive jeweils 10 Schrauben\/D\u00fcbeln pro 5m.<\/p>\n<p>Lieferzeit 2-3 Werktage nach Zahlungseingang innerhalb Deutschlands und 5-7 Werktage nach Zahlungseingang innerhalb der EU.<\/p>\n<p><strong>Bitte beachten: Sockelleiste ist aufgerollt auf einer 5m Rolle<\/strong><\/p>\n","protected":false},"featured_media":7029,"template":"","meta":[],"product_brand":[],"product_cat":[232],"product_tag":[],"class_list":{"0":"post-5851","1":"product","2":"type-product","3":"status-publish","4":"has-post-thumbnail","6":"product_cat-florco-balkon-und-terrassenboden","8":"first","9":"outofstock","10":"shipping-taxable","11":"purchasable","12":"product-type-variable"},"yoast_head":"<!-- This site is optimized with the Yoast SEO plugin v27.3 - https:\/\/yoast.com\/product\/yoast-seo-wordpress\/ -->\n<title>Sockelleiste Fugencover | Performance Floor\u00ae<\/title>\n<meta name=\"description\" content=\"Sockelleiste Fugencover \u21d2 Performance Floor\u00ae \u27a4 Hier kannst Du Deinen einen Garagen-Bodenbelag selbst gestalten\" \/>\n<meta name=\"robots\" content=\"index, follow, max-snippet:-1, max-image-preview:large, max-video-preview:-1\" \/>\n<link rel=\"canonical\" href=\"https:\/\/www.performance-floor.com\/produkt\/sockelleiste-fugencover\/\" \/>\n<meta property=\"og:locale\" content=\"en_US\" \/>\n<meta property=\"og:type\" content=\"article\" \/>\n<meta property=\"og:title\" content=\"Sockelleiste Fugencover | Performance Floor\u00ae\" \/>\n<meta property=\"og:description\" content=\"Sockelleiste Fugencover \u21d2 Performance Floor\u00ae \u27a4 Hier kannst Du Deinen einen Garagen-Bodenbelag selbst gestalten\" \/>\n<meta property=\"og:url\" content=\"https:\/\/www.performance-floor.com\/produkt\/sockelleiste-fugencover\/\" \/>\n<meta property=\"og:site_name\" content=\"Performance Floor\u00ae\" \/>\n<meta property=\"article:modified_time\" content=\"2026-04-02T15:08:58+00:00\" \/>\n<meta property=\"og:image\" content=\"https:\/\/www.performance-floor.com\/wp-content\/uploads\/2022\/04\/fugencover-schwarz-1.jpg\" \/>\n\t<meta property=\"og:image:width\" content=\"1200\" \/>\n\t<meta property=\"og:image:height\" content=\"1200\" \/>\n\t<meta property=\"og:image:type\" content=\"image\/jpeg\" \/>\n<meta name=\"twitter:card\" content=\"summary_large_image\" \/>\n<meta name=\"twitter:label1\" content=\"Est. reading time\" \/>\n\t<meta name=\"twitter:data1\" content=\"1 minute\" \/>\n<script type=\"application\/ld+json\" class=\"yoast-schema-graph\">{\"@context\":\"https:\\\/\\\/schema.org\",\"@graph\":[{\"@type\":\"WebPage\",\"@id\":\"https:\\\/\\\/www.performance-floor.com\\\/produkt\\\/sockelleiste-fugencover\\\/\",\"url\":\"https:\\\/\\\/www.performance-floor.com\\\/produkt\\\/sockelleiste-fugencover\\\/\",\"name\":\"Sockelleiste Fugencover | Performance Floor\u00ae\",\"isPartOf\":{\"@id\":\"https:\\\/\\\/www.performance-floor.com\\\/#website\"},\"primaryImageOfPage\":{\"@id\":\"https:\\\/\\\/www.performance-floor.com\\\/produkt\\\/sockelleiste-fugencover\\\/#primaryimage\"},\"image\":{\"@id\":\"https:\\\/\\\/www.performance-floor.com\\\/produkt\\\/sockelleiste-fugencover\\\/#primaryimage\"},\"thumbnailUrl\":\"https:\\\/\\\/www.performance-floor.com\\\/wp-content\\\/uploads\\\/2022\\\/04\\\/fugencover-schwarz-1.jpg\",\"datePublished\":\"2022-04-22T08:58:02+00:00\",\"dateModified\":\"2026-04-02T15:08:58+00:00\",\"description\":\"Sockelleiste Fugencover \u21d2 Performance Floor\u00ae \u27a4 Hier kannst Du Deinen einen Garagen-Bodenbelag selbst gestalten\",\"breadcrumb\":{\"@id\":\"https:\\\/\\\/www.performance-floor.com\\\/produkt\\\/sockelleiste-fugencover\\\/#breadcrumb\"},\"inLanguage\":\"en-US\",\"potentialAction\":[{\"@type\":\"ReadAction\",\"target\":[\"https:\\\/\\\/www.performance-floor.com\\\/produkt\\\/sockelleiste-fugencover\\\/\"]}]},{\"@type\":\"ImageObject\",\"inLanguage\":\"en-US\",\"@id\":\"https:\\\/\\\/www.performance-floor.com\\\/produkt\\\/sockelleiste-fugencover\\\/#primaryimage\",\"url\":\"https:\\\/\\\/www.performance-floor.com\\\/wp-content\\\/uploads\\\/2022\\\/04\\\/fugencover-schwarz-1.jpg\",\"contentUrl\":\"https:\\\/\\\/www.performance-floor.com\\\/wp-content\\\/uploads\\\/2022\\\/04\\\/fugencover-schwarz-1.jpg\",\"width\":1200,\"height\":1200},{\"@type\":\"BreadcrumbList\",\"@id\":\"https:\\\/\\\/www.performance-floor.com\\\/produkt\\\/sockelleiste-fugencover\\\/#breadcrumb\",\"itemListElement\":[{\"@type\":\"ListItem\",\"position\":1,\"name\":\"Startseite\",\"item\":\"https:\\\/\\\/www.performance-floor.com\\\/\"},{\"@type\":\"ListItem\",\"position\":2,\"name\":\"Shop\",\"item\":\"https:\\\/\\\/www.performance-floor.com\\\/en\\\/shop\\\/\"},{\"@type\":\"ListItem\",\"position\":3,\"name\":\"Sockelleiste Fugencover\"}]},{\"@type\":\"WebSite\",\"@id\":\"https:\\\/\\\/www.performance-floor.com\\\/#website\",\"url\":\"https:\\\/\\\/www.performance-floor.com\\\/\",\"name\":\"Performance Floor\u00ae\",\"description\":\"Bodenbelag f\u00fcr Garagen, Rennteam, Messen und vieles mehr!\",\"publisher\":{\"@id\":\"https:\\\/\\\/www.performance-floor.com\\\/#organization\"},\"potentialAction\":[{\"@type\":\"SearchAction\",\"target\":{\"@type\":\"EntryPoint\",\"urlTemplate\":\"https:\\\/\\\/www.performance-floor.com\\\/?s={search_term_string}\"},\"query-input\":{\"@type\":\"PropertyValueSpecification\",\"valueRequired\":true,\"valueName\":\"search_term_string\"}}],\"inLanguage\":\"en-US\"},{\"@type\":\"Organization\",\"@id\":\"https:\\\/\\\/www.performance-floor.com\\\/#organization\",\"name\":\"Performance Floor\",\"url\":\"https:\\\/\\\/www.performance-floor.com\\\/\",\"logo\":{\"@type\":\"ImageObject\",\"inLanguage\":\"en-US\",\"@id\":\"https:\\\/\\\/www.performance-floor.com\\\/#\\\/schema\\\/logo\\\/image\\\/\",\"url\":\"https:\\\/\\\/www.performance-floor.com\\\/wp-content\\\/uploads\\\/2025\\\/02\\\/performance-floor_logo-01_auf-weiss_2024-11-10.png\",\"contentUrl\":\"https:\\\/\\\/www.performance-floor.com\\\/wp-content\\\/uploads\\\/2025\\\/02\\\/performance-floor_logo-01_auf-weiss_2024-11-10.png\",\"width\":806,\"height\":774,\"caption\":\"Performance Floor\"},\"image\":{\"@id\":\"https:\\\/\\\/www.performance-floor.com\\\/#\\\/schema\\\/logo\\\/image\\\/\"}}]}<\/script>\n<!-- \/ Yoast SEO plugin. -->","yoast_head_json":{"title":"Sockelleiste Fugencover | Performance Floor\u00ae","description":"Sockelleiste Fugencover \u21d2 Performance Floor\u00ae \u27a4 Hier kannst Du Deinen einen Garagen-Bodenbelag selbst gestalten","robots":{"index":"index","follow":"follow","max-snippet":"max-snippet:-1","max-image-preview":"max-image-preview:large","max-video-preview":"max-video-preview:-1"},"canonical":"https:\/\/www.performance-floor.com\/produkt\/sockelleiste-fugencover\/","og_locale":"en_US","og_type":"article","og_title":"Sockelleiste Fugencover | Performance Floor\u00ae","og_description":"Sockelleiste Fugencover \u21d2 Performance Floor\u00ae \u27a4 Hier kannst Du Deinen einen Garagen-Bodenbelag selbst gestalten","og_url":"https:\/\/www.performance-floor.com\/produkt\/sockelleiste-fugencover\/","og_site_name":"Performance Floor\u00ae","article_modified_time":"2026-04-02T15:08:58+00:00","og_image":[{"width":1200,"height":1200,"url":"https:\/\/www.performance-floor.com\/wp-content\/uploads\/2022\/04\/fugencover-schwarz-1.jpg","type":"image\/jpeg"}],"twitter_card":"summary_large_image","twitter_misc":{"Est. reading time":"1 minute"},"schema":{"@context":"https:\/\/schema.org","@graph":[{"@type":"WebPage","@id":"https:\/\/www.performance-floor.com\/produkt\/sockelleiste-fugencover\/","url":"https:\/\/www.performance-floor.com\/produkt\/sockelleiste-fugencover\/","name":"Sockelleiste Fugencover | Performance Floor\u00ae","isPartOf":{"@id":"https:\/\/www.performance-floor.com\/#website"},"primaryImageOfPage":{"@id":"https:\/\/www.performance-floor.com\/produkt\/sockelleiste-fugencover\/#primaryimage"},"image":{"@id":"https:\/\/www.performance-floor.com\/produkt\/sockelleiste-fugencover\/#primaryimage"},"thumbnailUrl":"https:\/\/www.performance-floor.com\/wp-content\/uploads\/2022\/04\/fugencover-schwarz-1.jpg","datePublished":"2022-04-22T08:58:02+00:00","dateModified":"2026-04-02T15:08:58+00:00","description":"Sockelleiste Fugencover \u21d2 Performance Floor\u00ae \u27a4 Hier kannst Du Deinen einen Garagen-Bodenbelag selbst gestalten","breadcrumb":{"@id":"https:\/\/www.performance-floor.com\/produkt\/sockelleiste-fugencover\/#breadcrumb"},"inLanguage":"en-US","potentialAction":[{"@type":"ReadAction","target":["https:\/\/www.performance-floor.com\/produkt\/sockelleiste-fugencover\/"]}]},{"@type":"ImageObject","inLanguage":"en-US","@id":"https:\/\/www.performance-floor.com\/produkt\/sockelleiste-fugencover\/#primaryimage","url":"https:\/\/www.performance-floor.com\/wp-content\/uploads\/2022\/04\/fugencover-schwarz-1.jpg","contentUrl":"https:\/\/www.performance-floor.com\/wp-content\/uploads\/2022\/04\/fugencover-schwarz-1.jpg","width":1200,"height":1200},{"@type":"BreadcrumbList","@id":"https:\/\/www.performance-floor.com\/produkt\/sockelleiste-fugencover\/#breadcrumb","itemListElement":[{"@type":"ListItem","position":1,"name":"Startseite","item":"https:\/\/www.performance-floor.com\/"},{"@type":"ListItem","position":2,"name":"Shop","item":"https:\/\/www.performance-floor.com\/en\/shop\/"},{"@type":"ListItem","position":3,"name":"Sockelleiste Fugencover"}]},{"@type":"WebSite","@id":"https:\/\/www.performance-floor.com\/#website","url":"https:\/\/www.performance-floor.com\/","name":"Performance Floor\u00ae","description":"Bodenbelag f\u00fcr Garagen, Rennteam, Messen und vieles mehr!","publisher":{"@id":"https:\/\/www.performance-floor.com\/#organization"},"potentialAction":[{"@type":"SearchAction","target":{"@type":"EntryPoint","urlTemplate":"https:\/\/www.performance-floor.com\/?s={search_term_string}"},"query-input":{"@type":"PropertyValueSpecification","valueRequired":true,"valueName":"search_term_string"}}],"inLanguage":"en-US"},{"@type":"Organization","@id":"https:\/\/www.performance-floor.com\/#organization","name":"Performance Floor","url":"https:\/\/www.performance-floor.com\/","logo":{"@type":"ImageObject","inLanguage":"en-US","@id":"https:\/\/www.performance-floor.com\/#\/schema\/logo\/image\/","url":"https:\/\/www.performance-floor.com\/wp-content\/uploads\/2025\/02\/performance-floor_logo-01_auf-weiss_2024-11-10.png","contentUrl":"https:\/\/www.performance-floor.com\/wp-content\/uploads\/2025\/02\/performance-floor_logo-01_auf-weiss_2024-11-10.png","width":806,"height":774,"caption":"Performance Floor"},"image":{"@id":"https:\/\/www.performance-floor.com\/#\/schema\/logo\/image\/"}}]}},"jetpack_sharing_enabled":true,"_links":{"self":[{"href":"https:\/\/www.performance-floor.com\/en\/wp-json\/wp\/v2\/product\/5851","targetHints":{"allow":["GET"]}}],"collection":[{"href":"https:\/\/www.performance-floor.com\/en\/wp-json\/wp\/v2\/product"}],"about":[{"href":"https:\/\/www.performance-floor.com\/en\/wp-json\/wp\/v2\/types\/product"}],"wp:featuredmedia":[{"embeddable":true,"href":"https:\/\/www.performance-floor.com\/en\/wp-json\/wp\/v2\/media\/7029"}],"wp:attachment":[{"href":"https:\/\/www.performance-floor.com\/en\/wp-json\/wp\/v2\/media?parent=5851"}],"wp:term":[{"taxonomy":"product_brand","embeddable":true,"href":"https:\/\/www.performance-floor.com\/en\/wp-json\/wp\/v2\/product_brand?post=5851"},{"taxonomy":"product_cat","embeddable":true,"href":"https:\/\/www.performance-floor.com\/en\/wp-json\/wp\/v2\/product_cat?post=5851"},{"taxonomy":"product_tag","embeddable":true,"href":"https:\/\/www.performance-floor.com\/en\/wp-json\/wp\/v2\/product_tag?post=5851"}],"curies":[{"name":"wp","href":"https:\/\/api.w.org\/{rel}","templated":true}]}}