{"id":8635,"date":"2023-06-30T11:50:52","date_gmt":"2023-06-30T11:50:52","guid":{"rendered":"https:\/\/www.performance-floor.com\/?post_type=product&#038;p=8635"},"modified":"2026-04-10T09:16:37","modified_gmt":"2026-04-10T09:16:37","slug":"hexagon-led-deckenbeleuchtung-inkl-aluminiumrahmen","status":"publish","type":"product","link":"https:\/\/www.performance-floor.com\/cs\/produkt\/hexagon-led-deckenbeleuchtung-inkl-aluminiumrahmen\/","title":{"rendered":"Hexagon LED-Deckenbeleuchtung inkl. Aluminiumrahmen"},"content":{"rendered":"<p><strong>Zuverl\u00e4ssiger Allrounder!<\/strong><\/p>\n<p>Ob bei einer professionellen Fahrzeugaufbereitung, Lackierung, Karosserie-Instandsetzung, Lackversiegelung, Smart-Repair oder in der heimischen Garage. Jede dieser T\u00e4tigkeiten erfordert eine sehr gute Sicht auf Oberfl\u00e4chen, welche nur durch perfekte Belichtung erreicht wird. Unsere innovative Performance Floor Hexagon LED-Deckenbeleuchtung mit kaltwei\u00dfem Licht (6500K) unterst\u00fctzt dich dabei, alle relevanten Lackdefekte wie Kratzer, Swirls, matte Lackstellen, Beulen und Dellen problemlos zu erkennen und zu bewerten. Die raffinierte LED-Deckenbeleuchtung erm\u00f6glicht dir eine kontinuierliche Ergebnisoptimierung und somit ein makelloses Endergebnis.<\/p>\n<hr \/>\n<p><strong>Exklusives Design!<\/strong><\/p>\n<p>Praktische Lichtl\u00f6sung wurde mit spektakul\u00e4rem Design vereint! Unsere Performance Floor LED-Deckenbeleuchtung ist ein Muss f\u00fcr jede Werkstatt, Fahrzeugausstellung oder Showroom. Die LED-Deckenbeleuchtung aus Kunststoff mit PVC-Abdeckung ist sehr hochwertig verarbeitet und das einfache Klick-System sorgt f\u00fcr eine einfache Montage. Mit 552 W \/ Set Leistungsst\u00e4rke, 6500 K (Wei\u00df) Farbton erm\u00f6glicht das LED-Lichtsystem eine optimale und zielgerichtete Beleuchtung. Ihrem Anwendungsbereich sind \u00fcbrigens keine Grenzen gesetzt. Du kannst die Performance Floor LED-Deckenleuchten beliebig, mit weiteren LED-Deckenleuchten kombinieren und individuell gestalten. Das Wabenmuster ist keine Vorgabe, die einzelnen Bauteile lassen sich beliebig miteinander verbinden und um gr\u00f6\u00dfere Fl\u00e4chen zu belegen, erwerbe einfach ein weiteres Paket der Performance Floor LED-Deckenbeleuchtung dazu.<\/p>\n<hr \/>\n<p><strong>Spezifikation \/ Eigenschaften:<\/strong><\/p>\n<ul>\n<li>eignet sich ideal zur Fahrzeugaufbereitung, Autolackierung, Karosserie Instandsetzung, Lackversiegelung, Smart-Repair<\/li>\n<li>besonders beliebt bei Kfz-Werkst\u00e4tten, Fahrzeugausstellungen aber auch au\u00dferhalb des KFZ-Bereiches nutzbar<\/li>\n<li>gew\u00e4hrleistet eine zielgerichtete Lackinspektion<\/li>\n<li>ideal zur Pr\u00e4sentation von lackierten, aufbereiteten oder versiegelten Lackoberfl\u00e4chen<\/li>\n<li>einzigartiges Design mit garantiertem Wow-Effekt f\u00fcr deine Arbeitsr\u00e4ume<\/li>\n<li>hinterl\u00e4sst bei den Kunden einen erstklassigen optischen Eindruck<\/li>\n<li>geringer Energiebedarf, geringe W\u00e4rmeentwicklung<\/li>\n<li>hochwertig und stabil verarbeitet<\/li>\n<li>ist sehr leicht zu montieren<\/li>\n<\/ul>\n<hr \/>\n<p><strong>Technische Daten:<\/strong><\/p>\n<ul>\n<li>Ma\u00dfe: 2,43 x 4,84 m<\/li>\n<li>Stromspannung: AC220 V<\/li>\n<li>Leistung: 552 W<\/li>\n<li>St\u00e4rke: 20 mm<\/li>\n<li>Lichtstrom: 110 \u2013 120 lm\/w<\/li>\n<li>CRI.: &gt;90<\/li>\n<li>CCT.: 6500 K (Wei\u00df)<\/li>\n<li>Material: Aluminium + PVC-Abdeckung<\/li>\n<\/ul>\n<hr \/>\n<p><strong>Technische Daten Aluminium Rahmen:<\/strong><\/p>\n<ul>\n<li>Ma\u00dfe: 2,43 x 4,84 m<\/li>\n<li>St\u00e4rke: 20 mm<\/li>\n<li>Gewicht: 8 kg<\/li>\n<li>Material: Aluminium<\/li>\n<\/ul>\n<p><strong>Aufbauanleitung: <a href=\"https:\/\/www.performance-floor.com\/wp-content\/uploads\/2024\/02\/2025-09-09_Performance-Floor_Anleitung_Rahmen.pdf\">Performance Floor &#8211; Aluminiumrahmen<\/a><\/strong><\/p>\n","protected":false},"excerpt":{"rendered":"<p><strong>Bauanleitung:<\/strong>\u00a0 <a href=\"https:\/\/www.youtube.com\/watch?v=8Ma8xYHxhRI\" target=\"_blank\" rel=\"noopener\">https:\/\/www.youtube.com\/watch?v=8Ma8xYHxhRI<\/a><\/p>\n<p><a href=\"https:\/\/www.performance-floor.com\/hexagon-deckenbeleuchtung-ideale-lichtloesung-fuer-jeden-raum\/\">Top-Qualit\u00e4t, die sich lohnt \u2013 6 Gr\u00fcnde f\u00fcr unser Hexagon<\/a><\/p>\n<p>Dein Performance Floor in ganz neuem Licht und es l\u00e4sst sich mit unserem neuen steckbaren Aluminiumrahmen &#8222;l\u00e4ssig&#8220; abh\u00e4ngen!<\/p>\n<p>Wir sind die einzigen die einen steckbaren und stabilen Alurahmen anbieten! Vorteile: Kein Rost, leicht und doch robust! Made in Germany by Performance Floor. F\u00fcr unseren Rahmen wird kein Werkzeug ben\u00f6tigt. Einfach zusammenstecken und mittels Kabelbinder mit dem Performance Floor Hexagon LED Light verbinden.<\/p>\n<p>Die frei kombinierbaren LED-Panels lassen deine Garage, Werkstatt, Fahrzeugausstellung oder Showroom in neuem Glanz erstrahlen. Perfekt in Kombination mit den ebenso flexiblen Performance Floor Klickfliesen.<\/p>\n<p>Es k\u00f6nnen bis zu zwei zusammengebaute Hexagons \u00fcber einen Strompunkt laufen.<\/p>\n<p>Ma\u00dfe: 2,40 x 4,80 m<\/p>\n<p>Lieferzeit 2-3 Werktage nach Zahlungseingang innerhalb Deutschlands und 5-7 Werktage nach Zahlungseingang innerhalb der EU<\/p>\n","protected":false},"featured_media":11064,"template":"","meta":[],"product_brand":[],"product_cat":[222],"product_tag":[],"class_list":{"0":"post-8635","1":"product","2":"type-product","3":"status-publish","4":"has-post-thumbnail","6":"product_cat-lichttechnik","8":"first","9":"instock","10":"shipping-taxable","11":"purchasable","12":"product-type-simple"},"yoast_head":"<!-- This site is optimized with the Yoast SEO plugin v27.3 - https:\/\/yoast.com\/product\/yoast-seo-wordpress\/ -->\n<title>Hexagon LED-Deckenbeleuchtung inkl. Aluminiumrahmen | Performance Floor\u00ae<\/title>\n<meta name=\"description\" content=\"Hexagon LED-Deckenbeleuchtung inkl. Aluminiumrahmen \u21d2 Performance Floor\u00ae \u27a4 Hier kannst Du Deinen einen Garagen-Bodenbelag selbst gestalten\" \/>\n<meta name=\"robots\" content=\"index, follow, max-snippet:-1, max-image-preview:large, max-video-preview:-1\" \/>\n<link rel=\"canonical\" href=\"https:\/\/www.performance-floor.com\/produkt\/hexagon-led-deckenbeleuchtung-inkl-aluminiumrahmen\/\" \/>\n<meta property=\"og:locale\" content=\"cs_CZ\" \/>\n<meta property=\"og:type\" content=\"article\" \/>\n<meta property=\"og:title\" content=\"Hexagon LED-Deckenbeleuchtung inkl. Aluminiumrahmen | Performance Floor\u00ae\" \/>\n<meta property=\"og:description\" content=\"Hexagon LED-Deckenbeleuchtung inkl. Aluminiumrahmen \u21d2 Performance Floor\u00ae \u27a4 Hier kannst Du Deinen einen Garagen-Bodenbelag selbst gestalten\" \/>\n<meta property=\"og:url\" content=\"https:\/\/www.performance-floor.com\/produkt\/hexagon-led-deckenbeleuchtung-inkl-aluminiumrahmen\/\" \/>\n<meta property=\"og:site_name\" content=\"Performance Floor\u00ae\" \/>\n<meta property=\"article:modified_time\" content=\"2026-04-10T09:16:37+00:00\" \/>\n<meta property=\"og:image\" content=\"https:\/\/www.performance-floor.com\/wp-content\/uploads\/2023\/06\/hexagon-rahmen_005.jpg\" \/>\n\t<meta property=\"og:image:width\" content=\"1080\" \/>\n\t<meta property=\"og:image:height\" content=\"1080\" \/>\n\t<meta property=\"og:image:type\" content=\"image\/jpeg\" \/>\n<meta name=\"twitter:card\" content=\"summary_large_image\" \/>\n<meta name=\"twitter:label1\" content=\"Odhadovan\u00e1 doba \u010dten\u00ed\" \/>\n\t<meta name=\"twitter:data1\" content=\"2 minuty\" \/>\n<script type=\"application\/ld+json\" class=\"yoast-schema-graph\">{\"@context\":\"https:\\\/\\\/schema.org\",\"@graph\":[{\"@type\":\"WebPage\",\"@id\":\"https:\\\/\\\/www.performance-floor.com\\\/produkt\\\/hexagon-led-deckenbeleuchtung-inkl-aluminiumrahmen\\\/\",\"url\":\"https:\\\/\\\/www.performance-floor.com\\\/produkt\\\/hexagon-led-deckenbeleuchtung-inkl-aluminiumrahmen\\\/\",\"name\":\"Hexagon LED-Deckenbeleuchtung inkl. Aluminiumrahmen | Performance Floor\u00ae\",\"isPartOf\":{\"@id\":\"https:\\\/\\\/www.performance-floor.com\\\/#website\"},\"primaryImageOfPage\":{\"@id\":\"https:\\\/\\\/www.performance-floor.com\\\/produkt\\\/hexagon-led-deckenbeleuchtung-inkl-aluminiumrahmen\\\/#primaryimage\"},\"image\":{\"@id\":\"https:\\\/\\\/www.performance-floor.com\\\/produkt\\\/hexagon-led-deckenbeleuchtung-inkl-aluminiumrahmen\\\/#primaryimage\"},\"thumbnailUrl\":\"https:\\\/\\\/www.performance-floor.com\\\/wp-content\\\/uploads\\\/2023\\\/06\\\/hexagon-rahmen_005.jpg\",\"datePublished\":\"2023-06-30T11:50:52+00:00\",\"dateModified\":\"2026-04-10T09:16:37+00:00\",\"description\":\"Hexagon LED-Deckenbeleuchtung inkl. Aluminiumrahmen \u21d2 Performance Floor\u00ae \u27a4 Hier kannst Du Deinen einen Garagen-Bodenbelag selbst gestalten\",\"breadcrumb\":{\"@id\":\"https:\\\/\\\/www.performance-floor.com\\\/produkt\\\/hexagon-led-deckenbeleuchtung-inkl-aluminiumrahmen\\\/#breadcrumb\"},\"inLanguage\":\"cs\",\"potentialAction\":[{\"@type\":\"ReadAction\",\"target\":[\"https:\\\/\\\/www.performance-floor.com\\\/produkt\\\/hexagon-led-deckenbeleuchtung-inkl-aluminiumrahmen\\\/\"]}]},{\"@type\":\"ImageObject\",\"inLanguage\":\"cs\",\"@id\":\"https:\\\/\\\/www.performance-floor.com\\\/produkt\\\/hexagon-led-deckenbeleuchtung-inkl-aluminiumrahmen\\\/#primaryimage\",\"url\":\"https:\\\/\\\/www.performance-floor.com\\\/wp-content\\\/uploads\\\/2023\\\/06\\\/hexagon-rahmen_005.jpg\",\"contentUrl\":\"https:\\\/\\\/www.performance-floor.com\\\/wp-content\\\/uploads\\\/2023\\\/06\\\/hexagon-rahmen_005.jpg\",\"width\":1080,\"height\":1080,\"caption\":\"hexagon-rahmen_005\"},{\"@type\":\"BreadcrumbList\",\"@id\":\"https:\\\/\\\/www.performance-floor.com\\\/produkt\\\/hexagon-led-deckenbeleuchtung-inkl-aluminiumrahmen\\\/#breadcrumb\",\"itemListElement\":[{\"@type\":\"ListItem\",\"position\":1,\"name\":\"Startseite\",\"item\":\"https:\\\/\\\/www.performance-floor.com\\\/\"},{\"@type\":\"ListItem\",\"position\":2,\"name\":\"Shop\",\"item\":\"https:\\\/\\\/www.performance-floor.com\\\/cs\\\/shop\\\/\"},{\"@type\":\"ListItem\",\"position\":3,\"name\":\"Hexagon LED-Deckenbeleuchtung inkl. Aluminiumrahmen\"}]},{\"@type\":\"WebSite\",\"@id\":\"https:\\\/\\\/www.performance-floor.com\\\/#website\",\"url\":\"https:\\\/\\\/www.performance-floor.com\\\/\",\"name\":\"Performance Floor\u00ae\",\"description\":\"Bodenbelag f\u00fcr Garagen, Rennteam, Messen und vieles mehr!\",\"publisher\":{\"@id\":\"https:\\\/\\\/www.performance-floor.com\\\/#organization\"},\"potentialAction\":[{\"@type\":\"SearchAction\",\"target\":{\"@type\":\"EntryPoint\",\"urlTemplate\":\"https:\\\/\\\/www.performance-floor.com\\\/?s={search_term_string}\"},\"query-input\":{\"@type\":\"PropertyValueSpecification\",\"valueRequired\":true,\"valueName\":\"search_term_string\"}}],\"inLanguage\":\"cs\"},{\"@type\":\"Organization\",\"@id\":\"https:\\\/\\\/www.performance-floor.com\\\/#organization\",\"name\":\"Performance Floor\",\"url\":\"https:\\\/\\\/www.performance-floor.com\\\/\",\"logo\":{\"@type\":\"ImageObject\",\"inLanguage\":\"cs\",\"@id\":\"https:\\\/\\\/www.performance-floor.com\\\/#\\\/schema\\\/logo\\\/image\\\/\",\"url\":\"https:\\\/\\\/www.performance-floor.com\\\/wp-content\\\/uploads\\\/2025\\\/02\\\/performance-floor_logo-01_auf-weiss_2024-11-10.png\",\"contentUrl\":\"https:\\\/\\\/www.performance-floor.com\\\/wp-content\\\/uploads\\\/2025\\\/02\\\/performance-floor_logo-01_auf-weiss_2024-11-10.png\",\"width\":806,\"height\":774,\"caption\":\"Performance Floor\"},\"image\":{\"@id\":\"https:\\\/\\\/www.performance-floor.com\\\/#\\\/schema\\\/logo\\\/image\\\/\"}}]}<\/script>\n<!-- \/ Yoast SEO plugin. -->","yoast_head_json":{"title":"Hexagon LED-Deckenbeleuchtung inkl. Aluminiumrahmen | Performance Floor\u00ae","description":"Hexagon LED-Deckenbeleuchtung inkl. Aluminiumrahmen \u21d2 Performance Floor\u00ae \u27a4 Hier kannst Du Deinen einen Garagen-Bodenbelag selbst gestalten","robots":{"index":"index","follow":"follow","max-snippet":"max-snippet:-1","max-image-preview":"max-image-preview:large","max-video-preview":"max-video-preview:-1"},"canonical":"https:\/\/www.performance-floor.com\/produkt\/hexagon-led-deckenbeleuchtung-inkl-aluminiumrahmen\/","og_locale":"cs_CZ","og_type":"article","og_title":"Hexagon LED-Deckenbeleuchtung inkl. Aluminiumrahmen | Performance Floor\u00ae","og_description":"Hexagon LED-Deckenbeleuchtung inkl. Aluminiumrahmen \u21d2 Performance Floor\u00ae \u27a4 Hier kannst Du Deinen einen Garagen-Bodenbelag selbst gestalten","og_url":"https:\/\/www.performance-floor.com\/produkt\/hexagon-led-deckenbeleuchtung-inkl-aluminiumrahmen\/","og_site_name":"Performance Floor\u00ae","article_modified_time":"2026-04-10T09:16:37+00:00","og_image":[{"width":1080,"height":1080,"url":"https:\/\/www.performance-floor.com\/wp-content\/uploads\/2023\/06\/hexagon-rahmen_005.jpg","type":"image\/jpeg"}],"twitter_card":"summary_large_image","twitter_misc":{"Odhadovan\u00e1 doba \u010dten\u00ed":"2 minuty"},"schema":{"@context":"https:\/\/schema.org","@graph":[{"@type":"WebPage","@id":"https:\/\/www.performance-floor.com\/produkt\/hexagon-led-deckenbeleuchtung-inkl-aluminiumrahmen\/","url":"https:\/\/www.performance-floor.com\/produkt\/hexagon-led-deckenbeleuchtung-inkl-aluminiumrahmen\/","name":"Hexagon LED-Deckenbeleuchtung inkl. Aluminiumrahmen | Performance Floor\u00ae","isPartOf":{"@id":"https:\/\/www.performance-floor.com\/#website"},"primaryImageOfPage":{"@id":"https:\/\/www.performance-floor.com\/produkt\/hexagon-led-deckenbeleuchtung-inkl-aluminiumrahmen\/#primaryimage"},"image":{"@id":"https:\/\/www.performance-floor.com\/produkt\/hexagon-led-deckenbeleuchtung-inkl-aluminiumrahmen\/#primaryimage"},"thumbnailUrl":"https:\/\/www.performance-floor.com\/wp-content\/uploads\/2023\/06\/hexagon-rahmen_005.jpg","datePublished":"2023-06-30T11:50:52+00:00","dateModified":"2026-04-10T09:16:37+00:00","description":"Hexagon LED-Deckenbeleuchtung inkl. Aluminiumrahmen \u21d2 Performance Floor\u00ae \u27a4 Hier kannst Du Deinen einen Garagen-Bodenbelag selbst gestalten","breadcrumb":{"@id":"https:\/\/www.performance-floor.com\/produkt\/hexagon-led-deckenbeleuchtung-inkl-aluminiumrahmen\/#breadcrumb"},"inLanguage":"cs","potentialAction":[{"@type":"ReadAction","target":["https:\/\/www.performance-floor.com\/produkt\/hexagon-led-deckenbeleuchtung-inkl-aluminiumrahmen\/"]}]},{"@type":"ImageObject","inLanguage":"cs","@id":"https:\/\/www.performance-floor.com\/produkt\/hexagon-led-deckenbeleuchtung-inkl-aluminiumrahmen\/#primaryimage","url":"https:\/\/www.performance-floor.com\/wp-content\/uploads\/2023\/06\/hexagon-rahmen_005.jpg","contentUrl":"https:\/\/www.performance-floor.com\/wp-content\/uploads\/2023\/06\/hexagon-rahmen_005.jpg","width":1080,"height":1080,"caption":"hexagon-rahmen_005"},{"@type":"BreadcrumbList","@id":"https:\/\/www.performance-floor.com\/produkt\/hexagon-led-deckenbeleuchtung-inkl-aluminiumrahmen\/#breadcrumb","itemListElement":[{"@type":"ListItem","position":1,"name":"Startseite","item":"https:\/\/www.performance-floor.com\/"},{"@type":"ListItem","position":2,"name":"Shop","item":"https:\/\/www.performance-floor.com\/cs\/shop\/"},{"@type":"ListItem","position":3,"name":"Hexagon LED-Deckenbeleuchtung inkl. Aluminiumrahmen"}]},{"@type":"WebSite","@id":"https:\/\/www.performance-floor.com\/#website","url":"https:\/\/www.performance-floor.com\/","name":"Performance Floor\u00ae","description":"Bodenbelag f\u00fcr Garagen, Rennteam, Messen und vieles mehr!","publisher":{"@id":"https:\/\/www.performance-floor.com\/#organization"},"potentialAction":[{"@type":"SearchAction","target":{"@type":"EntryPoint","urlTemplate":"https:\/\/www.performance-floor.com\/?s={search_term_string}"},"query-input":{"@type":"PropertyValueSpecification","valueRequired":true,"valueName":"search_term_string"}}],"inLanguage":"cs"},{"@type":"Organization","@id":"https:\/\/www.performance-floor.com\/#organization","name":"Performance Floor","url":"https:\/\/www.performance-floor.com\/","logo":{"@type":"ImageObject","inLanguage":"cs","@id":"https:\/\/www.performance-floor.com\/#\/schema\/logo\/image\/","url":"https:\/\/www.performance-floor.com\/wp-content\/uploads\/2025\/02\/performance-floor_logo-01_auf-weiss_2024-11-10.png","contentUrl":"https:\/\/www.performance-floor.com\/wp-content\/uploads\/2025\/02\/performance-floor_logo-01_auf-weiss_2024-11-10.png","width":806,"height":774,"caption":"Performance Floor"},"image":{"@id":"https:\/\/www.performance-floor.com\/#\/schema\/logo\/image\/"}}]}},"jetpack_sharing_enabled":true,"_links":{"self":[{"href":"https:\/\/www.performance-floor.com\/cs\/wp-json\/wp\/v2\/product\/8635","targetHints":{"allow":["GET"]}}],"collection":[{"href":"https:\/\/www.performance-floor.com\/cs\/wp-json\/wp\/v2\/product"}],"about":[{"href":"https:\/\/www.performance-floor.com\/cs\/wp-json\/wp\/v2\/types\/product"}],"wp:featuredmedia":[{"embeddable":true,"href":"https:\/\/www.performance-floor.com\/cs\/wp-json\/wp\/v2\/media\/11064"}],"wp:attachment":[{"href":"https:\/\/www.performance-floor.com\/cs\/wp-json\/wp\/v2\/media?parent=8635"}],"wp:term":[{"taxonomy":"product_brand","embeddable":true,"href":"https:\/\/www.performance-floor.com\/cs\/wp-json\/wp\/v2\/product_brand?post=8635"},{"taxonomy":"product_cat","embeddable":true,"href":"https:\/\/www.performance-floor.com\/cs\/wp-json\/wp\/v2\/product_cat?post=8635"},{"taxonomy":"product_tag","embeddable":true,"href":"https:\/\/www.performance-floor.com\/cs\/wp-json\/wp\/v2\/product_tag?post=8635"}],"curies":[{"name":"wp","href":"https:\/\/api.w.org\/{rel}","templated":true}]}}