{"id":8563,"date":"2023-06-27T14:00:02","date_gmt":"2023-06-27T14:00:02","guid":{"rendered":"https:\/\/www.performance-floor.com\/?post_type=product&#038;p=8563"},"modified":"2026-04-07T10:32:35","modified_gmt":"2026-04-07T10:32:35","slug":"led-strip-cob","status":"publish","type":"product","link":"https:\/\/www.performance-floor.com\/cs\/produkt\/led-strip-cob\/","title":{"rendered":"LED Strip COB"},"content":{"rendered":"<p>Bringe mit unserem hochwertigen LED-Strip COB Licht und Farbe in dein Projekt! Die neueste COB-LED-Technologie sorgt f\u00fcr beeindruckende Helligkeit und eine breite Farbpalette. Einfach anzubringen dank des selbstklebenden R\u00fcckens und individuell zuschneidbar. Steuere den Strip bequem \u00fcber Fernbedienung oder Smartphone-App. Energiesparend und umweltfreundlich. Perfekt f\u00fcr deine Garage, Showroom, Messe, Werkstatt und mehr. Erwecke deine R\u00e4ume zum Leben \u2013 bestelle jetzt und werte deinen Performance Floor mit unser LED Leiste und unserem LED Strip COB auf.<\/p>\n","protected":false},"excerpt":{"rendered":"<p>Preis inkl. Mwst<\/p>\n<p>Die LED Strip f\u00fcr deine Performance Floor LED Lichtleiste!<\/p>\n<p>Lieferzeit 2-3 Werktage nach Zahlungseingang innerhalb Deutschlands und 5-7 Werktage nach Zahlungseingang innerhalb der EU.<\/p>\n","protected":false},"featured_media":13794,"template":"","meta":[],"product_brand":[],"product_cat":[222],"product_tag":[],"class_list":{"0":"post-8563","1":"product","2":"type-product","3":"status-publish","4":"has-post-thumbnail","6":"product_cat-lichttechnik","8":"first","9":"instock","10":"shipping-taxable","11":"purchasable","12":"product-type-variable"},"yoast_head":"<!-- This site is optimized with the Yoast SEO plugin v27.3 - https:\/\/yoast.com\/product\/yoast-seo-wordpress\/ -->\n<title>LED Strip COB | Performance Floor\u00ae<\/title>\n<meta name=\"description\" content=\"LED Strip COB \u21d2 Performance Floor\u00ae \u27a4 Hier kannst Du Deinen einen Garagen-Bodenbelag selbst gestalten ausgestattet mit LED Leiste und LED Strip COB!\" \/>\n<meta name=\"robots\" content=\"index, follow, max-snippet:-1, max-image-preview:large, max-video-preview:-1\" \/>\n<link rel=\"canonical\" href=\"https:\/\/www.performance-floor.com\/produkt\/led-strip-cob\/\" \/>\n<meta property=\"og:locale\" content=\"cs_CZ\" \/>\n<meta property=\"og:type\" content=\"article\" \/>\n<meta property=\"og:title\" content=\"LED Strip COB | Performance Floor\u00ae\" \/>\n<meta property=\"og:description\" content=\"LED Strip COB \u21d2 Performance Floor\u00ae \u27a4 Hier kannst Du Deinen einen Garagen-Bodenbelag selbst gestalten ausgestattet mit LED Leiste und LED Strip COB!\" \/>\n<meta property=\"og:url\" content=\"https:\/\/www.performance-floor.com\/produkt\/led-strip-cob\/\" \/>\n<meta property=\"og:site_name\" content=\"Performance Floor\u00ae\" \/>\n<meta property=\"article:modified_time\" content=\"2026-04-07T10:32:35+00:00\" \/>\n<meta property=\"og:image\" content=\"https:\/\/www.performance-floor.com\/wp-content\/uploads\/2023\/06\/ledstripArtboard-1-copy.jpg\" \/>\n\t<meta property=\"og:image:width\" content=\"1200\" \/>\n\t<meta property=\"og:image:height\" content=\"1200\" \/>\n\t<meta property=\"og:image:type\" content=\"image\/jpeg\" \/>\n<meta name=\"twitter:card\" content=\"summary_large_image\" \/>\n<meta name=\"twitter:label1\" content=\"Odhadovan\u00e1 doba \u010dten\u00ed\" \/>\n\t<meta name=\"twitter:data1\" content=\"1 minuta\" \/>\n<script type=\"application\/ld+json\" class=\"yoast-schema-graph\">{\"@context\":\"https:\\\/\\\/schema.org\",\"@graph\":[{\"@type\":\"WebPage\",\"@id\":\"https:\\\/\\\/www.performance-floor.com\\\/produkt\\\/led-strip-cob\\\/\",\"url\":\"https:\\\/\\\/www.performance-floor.com\\\/produkt\\\/led-strip-cob\\\/\",\"name\":\"LED Strip COB | Performance Floor\u00ae\",\"isPartOf\":{\"@id\":\"https:\\\/\\\/www.performance-floor.com\\\/#website\"},\"primaryImageOfPage\":{\"@id\":\"https:\\\/\\\/www.performance-floor.com\\\/produkt\\\/led-strip-cob\\\/#primaryimage\"},\"image\":{\"@id\":\"https:\\\/\\\/www.performance-floor.com\\\/produkt\\\/led-strip-cob\\\/#primaryimage\"},\"thumbnailUrl\":\"https:\\\/\\\/www.performance-floor.com\\\/wp-content\\\/uploads\\\/2023\\\/06\\\/ledstripArtboard-1-copy.jpg\",\"datePublished\":\"2023-06-27T14:00:02+00:00\",\"dateModified\":\"2026-04-07T10:32:35+00:00\",\"description\":\"LED Strip COB \u21d2 Performance Floor\u00ae \u27a4 Hier kannst Du Deinen einen Garagen-Bodenbelag selbst gestalten ausgestattet mit LED Leiste und LED Strip COB!\",\"breadcrumb\":{\"@id\":\"https:\\\/\\\/www.performance-floor.com\\\/produkt\\\/led-strip-cob\\\/#breadcrumb\"},\"inLanguage\":\"cs\",\"potentialAction\":[{\"@type\":\"ReadAction\",\"target\":[\"https:\\\/\\\/www.performance-floor.com\\\/produkt\\\/led-strip-cob\\\/\"]}]},{\"@type\":\"ImageObject\",\"inLanguage\":\"cs\",\"@id\":\"https:\\\/\\\/www.performance-floor.com\\\/produkt\\\/led-strip-cob\\\/#primaryimage\",\"url\":\"https:\\\/\\\/www.performance-floor.com\\\/wp-content\\\/uploads\\\/2023\\\/06\\\/ledstripArtboard-1-copy.jpg\",\"contentUrl\":\"https:\\\/\\\/www.performance-floor.com\\\/wp-content\\\/uploads\\\/2023\\\/06\\\/ledstripArtboard-1-copy.jpg\",\"width\":1200,\"height\":1200,\"caption\":\"Performance Floor COB LED Band f\u00fcr gleichm\u00e4\u00dfige, punktfreie Beleuchtung\"},{\"@type\":\"BreadcrumbList\",\"@id\":\"https:\\\/\\\/www.performance-floor.com\\\/produkt\\\/led-strip-cob\\\/#breadcrumb\",\"itemListElement\":[{\"@type\":\"ListItem\",\"position\":1,\"name\":\"Startseite\",\"item\":\"https:\\\/\\\/www.performance-floor.com\\\/\"},{\"@type\":\"ListItem\",\"position\":2,\"name\":\"Shop\",\"item\":\"https:\\\/\\\/www.performance-floor.com\\\/cs\\\/shop\\\/\"},{\"@type\":\"ListItem\",\"position\":3,\"name\":\"LED Strip COB\"}]},{\"@type\":\"WebSite\",\"@id\":\"https:\\\/\\\/www.performance-floor.com\\\/#website\",\"url\":\"https:\\\/\\\/www.performance-floor.com\\\/\",\"name\":\"Performance Floor\u00ae\",\"description\":\"Bodenbelag f\u00fcr Garagen, Rennteam, Messen und vieles mehr!\",\"publisher\":{\"@id\":\"https:\\\/\\\/www.performance-floor.com\\\/#organization\"},\"potentialAction\":[{\"@type\":\"SearchAction\",\"target\":{\"@type\":\"EntryPoint\",\"urlTemplate\":\"https:\\\/\\\/www.performance-floor.com\\\/?s={search_term_string}\"},\"query-input\":{\"@type\":\"PropertyValueSpecification\",\"valueRequired\":true,\"valueName\":\"search_term_string\"}}],\"inLanguage\":\"cs\"},{\"@type\":\"Organization\",\"@id\":\"https:\\\/\\\/www.performance-floor.com\\\/#organization\",\"name\":\"Performance Floor\",\"url\":\"https:\\\/\\\/www.performance-floor.com\\\/\",\"logo\":{\"@type\":\"ImageObject\",\"inLanguage\":\"cs\",\"@id\":\"https:\\\/\\\/www.performance-floor.com\\\/#\\\/schema\\\/logo\\\/image\\\/\",\"url\":\"https:\\\/\\\/www.performance-floor.com\\\/wp-content\\\/uploads\\\/2025\\\/02\\\/performance-floor_logo-01_auf-weiss_2024-11-10.png\",\"contentUrl\":\"https:\\\/\\\/www.performance-floor.com\\\/wp-content\\\/uploads\\\/2025\\\/02\\\/performance-floor_logo-01_auf-weiss_2024-11-10.png\",\"width\":806,\"height\":774,\"caption\":\"Performance Floor\"},\"image\":{\"@id\":\"https:\\\/\\\/www.performance-floor.com\\\/#\\\/schema\\\/logo\\\/image\\\/\"}}]}<\/script>\n<!-- \/ Yoast SEO plugin. -->","yoast_head_json":{"title":"LED Strip COB | Performance Floor\u00ae","description":"LED Strip COB \u21d2 Performance Floor\u00ae \u27a4 Hier kannst Du Deinen einen Garagen-Bodenbelag selbst gestalten ausgestattet mit LED Leiste und LED Strip COB!","robots":{"index":"index","follow":"follow","max-snippet":"max-snippet:-1","max-image-preview":"max-image-preview:large","max-video-preview":"max-video-preview:-1"},"canonical":"https:\/\/www.performance-floor.com\/produkt\/led-strip-cob\/","og_locale":"cs_CZ","og_type":"article","og_title":"LED Strip COB | Performance Floor\u00ae","og_description":"LED Strip COB \u21d2 Performance Floor\u00ae \u27a4 Hier kannst Du Deinen einen Garagen-Bodenbelag selbst gestalten ausgestattet mit LED Leiste und LED Strip COB!","og_url":"https:\/\/www.performance-floor.com\/produkt\/led-strip-cob\/","og_site_name":"Performance Floor\u00ae","article_modified_time":"2026-04-07T10:32:35+00:00","og_image":[{"width":1200,"height":1200,"url":"https:\/\/www.performance-floor.com\/wp-content\/uploads\/2023\/06\/ledstripArtboard-1-copy.jpg","type":"image\/jpeg"}],"twitter_card":"summary_large_image","twitter_misc":{"Odhadovan\u00e1 doba \u010dten\u00ed":"1 minuta"},"schema":{"@context":"https:\/\/schema.org","@graph":[{"@type":"WebPage","@id":"https:\/\/www.performance-floor.com\/produkt\/led-strip-cob\/","url":"https:\/\/www.performance-floor.com\/produkt\/led-strip-cob\/","name":"LED Strip COB | Performance Floor\u00ae","isPartOf":{"@id":"https:\/\/www.performance-floor.com\/#website"},"primaryImageOfPage":{"@id":"https:\/\/www.performance-floor.com\/produkt\/led-strip-cob\/#primaryimage"},"image":{"@id":"https:\/\/www.performance-floor.com\/produkt\/led-strip-cob\/#primaryimage"},"thumbnailUrl":"https:\/\/www.performance-floor.com\/wp-content\/uploads\/2023\/06\/ledstripArtboard-1-copy.jpg","datePublished":"2023-06-27T14:00:02+00:00","dateModified":"2026-04-07T10:32:35+00:00","description":"LED Strip COB \u21d2 Performance Floor\u00ae \u27a4 Hier kannst Du Deinen einen Garagen-Bodenbelag selbst gestalten ausgestattet mit LED Leiste und LED Strip COB!","breadcrumb":{"@id":"https:\/\/www.performance-floor.com\/produkt\/led-strip-cob\/#breadcrumb"},"inLanguage":"cs","potentialAction":[{"@type":"ReadAction","target":["https:\/\/www.performance-floor.com\/produkt\/led-strip-cob\/"]}]},{"@type":"ImageObject","inLanguage":"cs","@id":"https:\/\/www.performance-floor.com\/produkt\/led-strip-cob\/#primaryimage","url":"https:\/\/www.performance-floor.com\/wp-content\/uploads\/2023\/06\/ledstripArtboard-1-copy.jpg","contentUrl":"https:\/\/www.performance-floor.com\/wp-content\/uploads\/2023\/06\/ledstripArtboard-1-copy.jpg","width":1200,"height":1200,"caption":"Performance Floor COB LED Band f\u00fcr gleichm\u00e4\u00dfige, punktfreie Beleuchtung"},{"@type":"BreadcrumbList","@id":"https:\/\/www.performance-floor.com\/produkt\/led-strip-cob\/#breadcrumb","itemListElement":[{"@type":"ListItem","position":1,"name":"Startseite","item":"https:\/\/www.performance-floor.com\/"},{"@type":"ListItem","position":2,"name":"Shop","item":"https:\/\/www.performance-floor.com\/cs\/shop\/"},{"@type":"ListItem","position":3,"name":"LED Strip COB"}]},{"@type":"WebSite","@id":"https:\/\/www.performance-floor.com\/#website","url":"https:\/\/www.performance-floor.com\/","name":"Performance Floor\u00ae","description":"Bodenbelag f\u00fcr Garagen, Rennteam, Messen und vieles mehr!","publisher":{"@id":"https:\/\/www.performance-floor.com\/#organization"},"potentialAction":[{"@type":"SearchAction","target":{"@type":"EntryPoint","urlTemplate":"https:\/\/www.performance-floor.com\/?s={search_term_string}"},"query-input":{"@type":"PropertyValueSpecification","valueRequired":true,"valueName":"search_term_string"}}],"inLanguage":"cs"},{"@type":"Organization","@id":"https:\/\/www.performance-floor.com\/#organization","name":"Performance Floor","url":"https:\/\/www.performance-floor.com\/","logo":{"@type":"ImageObject","inLanguage":"cs","@id":"https:\/\/www.performance-floor.com\/#\/schema\/logo\/image\/","url":"https:\/\/www.performance-floor.com\/wp-content\/uploads\/2025\/02\/performance-floor_logo-01_auf-weiss_2024-11-10.png","contentUrl":"https:\/\/www.performance-floor.com\/wp-content\/uploads\/2025\/02\/performance-floor_logo-01_auf-weiss_2024-11-10.png","width":806,"height":774,"caption":"Performance Floor"},"image":{"@id":"https:\/\/www.performance-floor.com\/#\/schema\/logo\/image\/"}}]}},"jetpack_sharing_enabled":true,"_links":{"self":[{"href":"https:\/\/www.performance-floor.com\/cs\/wp-json\/wp\/v2\/product\/8563","targetHints":{"allow":["GET"]}}],"collection":[{"href":"https:\/\/www.performance-floor.com\/cs\/wp-json\/wp\/v2\/product"}],"about":[{"href":"https:\/\/www.performance-floor.com\/cs\/wp-json\/wp\/v2\/types\/product"}],"wp:featuredmedia":[{"embeddable":true,"href":"https:\/\/www.performance-floor.com\/cs\/wp-json\/wp\/v2\/media\/13794"}],"wp:attachment":[{"href":"https:\/\/www.performance-floor.com\/cs\/wp-json\/wp\/v2\/media?parent=8563"}],"wp:term":[{"taxonomy":"product_brand","embeddable":true,"href":"https:\/\/www.performance-floor.com\/cs\/wp-json\/wp\/v2\/product_brand?post=8563"},{"taxonomy":"product_cat","embeddable":true,"href":"https:\/\/www.performance-floor.com\/cs\/wp-json\/wp\/v2\/product_cat?post=8563"},{"taxonomy":"product_tag","embeddable":true,"href":"https:\/\/www.performance-floor.com\/cs\/wp-json\/wp\/v2\/product_tag?post=8563"}],"curies":[{"name":"wp","href":"https:\/\/api.w.org\/{rel}","templated":true}]}}