{"id":2957,"date":"2021-03-30T11:40:18","date_gmt":"2021-03-30T11:40:18","guid":{"rendered":"https:\/\/www.performance-floor.com\/?post_type=product&#038;p=2957"},"modified":"2024-04-03T00:00:19","modified_gmt":"2024-04-03T00:00:19","slug":"race-gold-edition","status":"publish","type":"product","link":"https:\/\/www.performance-floor.com\/cs\/produkt\/race-gold-edition\/","title":{"rendered":"RACE Gold Edition"},"content":{"rendered":"<p>Zaoblen\u00fd povrch<\/p>\n<p>Speci\u00e1ln\u00ed vzhled d\u00edky 3D struktu\u0159e<\/p>\n<p>D\u00edky otev\u0159en\u00e9 struktu\u0159e mohou ne\u010distoty prot\u00e9kat a tekutiny vyschnout<br \/>\nSnadno se \u010dist\u00ed pomoc\u00ed vysava\u010de a parn\u00edho \u010disti\u010de<\/p>\n<p>Mo\u017enost volby barev<\/p>\n<p>Odolnost a\u017e 30 t\/m\u00b2Odoln\u00e9 v\u016f\u010di kyselin\u00e1m, z\u00e1sad\u00e1m a uhlovod\u00edk\u016fm<\/p>\n","protected":false},"excerpt":{"rendered":"<p>Cena v\u010detn\u011b DPH a za balen\u00ed!<br \/>\nV\u00a0balen\u00ed 6 dla\u017edic (1 balen\u00ed = 0,96m\u00b2)<\/p>\n<p>Prodej je mo\u017en\u00fd pouze v balen\u00edch.<\/p>\n","protected":false},"featured_media":13574,"template":"","meta":[],"product_brand":[],"product_cat":[71],"product_tag":[],"class_list":{"0":"post-2957","1":"product","2":"type-product","3":"status-publish","4":"has-post-thumbnail","6":"product_cat-kliknete-na-dlazdice","8":"first","9":"instock","10":"shipping-taxable","11":"purchasable","12":"product-type-simple"},"yoast_head":"<!-- This site is optimized with the Yoast SEO plugin v27.3 - https:\/\/yoast.com\/product\/yoast-seo-wordpress\/ -->\n<title>RACE Gold Edition | Performance Floor\u00ae<\/title>\n<meta name=\"description\" content=\"RACE Gold Edition \u21d2 Performance Floor\u00ae \u27a4 Hier kannst Du Deinen einen Garagen-Bodenbelag selbst gestalten\" \/>\n<meta name=\"robots\" content=\"index, follow, max-snippet:-1, max-image-preview:large, max-video-preview:-1\" \/>\n<link rel=\"canonical\" href=\"https:\/\/www.performance-floor.com\/cs\/produkt\/race-gold-edition\/\" \/>\n<meta property=\"og:locale\" content=\"cs_CZ\" \/>\n<meta property=\"og:type\" content=\"article\" \/>\n<meta property=\"og:title\" content=\"RACE Gold Edition | Performance Floor\u00ae\" \/>\n<meta property=\"og:description\" content=\"RACE Gold Edition \u21d2 Performance Floor\u00ae \u27a4 Hier kannst Du Deinen einen Garagen-Bodenbelag selbst gestalten\" \/>\n<meta property=\"og:url\" content=\"https:\/\/www.performance-floor.com\/cs\/produkt\/race-gold-edition\/\" \/>\n<meta property=\"og:site_name\" content=\"Performance Floor\u00ae\" \/>\n<meta property=\"article:modified_time\" content=\"2024-04-03T00:00:19+00:00\" \/>\n<meta property=\"og:image\" content=\"https:\/\/www.performance-floor.com\/wp-content\/uploads\/2022\/10\/race-gold-uebersicht.jpg\" \/>\n\t<meta property=\"og:image:width\" content=\"1200\" \/>\n\t<meta property=\"og:image:height\" content=\"1200\" \/>\n\t<meta property=\"og:image:type\" content=\"image\/jpeg\" \/>\n<meta name=\"twitter:card\" content=\"summary_large_image\" \/>\n<script type=\"application\/ld+json\" class=\"yoast-schema-graph\">{\"@context\":\"https:\\\/\\\/schema.org\",\"@graph\":[{\"@type\":\"WebPage\",\"@id\":\"https:\\\/\\\/www.performance-floor.com\\\/cs\\\/produkt\\\/race-gold-edition\\\/\",\"url\":\"https:\\\/\\\/www.performance-floor.com\\\/cs\\\/produkt\\\/race-gold-edition\\\/\",\"name\":\"RACE Gold Edition | Performance Floor\u00ae\",\"isPartOf\":{\"@id\":\"https:\\\/\\\/www.performance-floor.com\\\/#website\"},\"primaryImageOfPage\":{\"@id\":\"https:\\\/\\\/www.performance-floor.com\\\/cs\\\/produkt\\\/race-gold-edition\\\/#primaryimage\"},\"image\":{\"@id\":\"https:\\\/\\\/www.performance-floor.com\\\/cs\\\/produkt\\\/race-gold-edition\\\/#primaryimage\"},\"thumbnailUrl\":\"https:\\\/\\\/www.performance-floor.com\\\/wp-content\\\/uploads\\\/2025\\\/11\\\/bodenbelagbannersArtboard-1-copy-4.jpg\",\"datePublished\":\"2021-03-30T11:40:18+00:00\",\"dateModified\":\"2024-04-03T00:00:19+00:00\",\"description\":\"RACE Gold Edition \u21d2 Performance Floor\u00ae \u27a4 Hier kannst Du Deinen einen Garagen-Bodenbelag selbst gestalten\",\"breadcrumb\":{\"@id\":\"https:\\\/\\\/www.performance-floor.com\\\/cs\\\/produkt\\\/race-gold-edition\\\/#breadcrumb\"},\"inLanguage\":\"cs\",\"potentialAction\":[{\"@type\":\"ReadAction\",\"target\":[\"https:\\\/\\\/www.performance-floor.com\\\/cs\\\/produkt\\\/race-gold-edition\\\/\"]}]},{\"@type\":\"ImageObject\",\"inLanguage\":\"cs\",\"@id\":\"https:\\\/\\\/www.performance-floor.com\\\/cs\\\/produkt\\\/race-gold-edition\\\/#primaryimage\",\"url\":\"https:\\\/\\\/www.performance-floor.com\\\/wp-content\\\/uploads\\\/2025\\\/11\\\/bodenbelagbannersArtboard-1-copy-4.jpg\",\"contentUrl\":\"https:\\\/\\\/www.performance-floor.com\\\/wp-content\\\/uploads\\\/2025\\\/11\\\/bodenbelagbannersArtboard-1-copy-4.jpg\",\"width\":1200,\"height\":1200},{\"@type\":\"BreadcrumbList\",\"@id\":\"https:\\\/\\\/www.performance-floor.com\\\/cs\\\/produkt\\\/race-gold-edition\\\/#breadcrumb\",\"itemListElement\":[{\"@type\":\"ListItem\",\"position\":1,\"name\":\"Startseite\",\"item\":\"https:\\\/\\\/www.performance-floor.com\\\/\"},{\"@type\":\"ListItem\",\"position\":2,\"name\":\"Shop\",\"item\":\"https:\\\/\\\/www.performance-floor.com\\\/cs\\\/shop\\\/\"},{\"@type\":\"ListItem\",\"position\":3,\"name\":\"RACE Gold Edition\"}]},{\"@type\":\"WebSite\",\"@id\":\"https:\\\/\\\/www.performance-floor.com\\\/#website\",\"url\":\"https:\\\/\\\/www.performance-floor.com\\\/\",\"name\":\"Performance Floor\u00ae\",\"description\":\"Bodenbelag f\u00fcr Garagen, Rennteam, Messen und vieles mehr!\",\"publisher\":{\"@id\":\"https:\\\/\\\/www.performance-floor.com\\\/#organization\"},\"potentialAction\":[{\"@type\":\"SearchAction\",\"target\":{\"@type\":\"EntryPoint\",\"urlTemplate\":\"https:\\\/\\\/www.performance-floor.com\\\/?s={search_term_string}\"},\"query-input\":{\"@type\":\"PropertyValueSpecification\",\"valueRequired\":true,\"valueName\":\"search_term_string\"}}],\"inLanguage\":\"cs\"},{\"@type\":\"Organization\",\"@id\":\"https:\\\/\\\/www.performance-floor.com\\\/#organization\",\"name\":\"Performance Floor\",\"url\":\"https:\\\/\\\/www.performance-floor.com\\\/\",\"logo\":{\"@type\":\"ImageObject\",\"inLanguage\":\"cs\",\"@id\":\"https:\\\/\\\/www.performance-floor.com\\\/#\\\/schema\\\/logo\\\/image\\\/\",\"url\":\"https:\\\/\\\/www.performance-floor.com\\\/wp-content\\\/uploads\\\/2025\\\/02\\\/performance-floor_logo-01_auf-weiss_2024-11-10.png\",\"contentUrl\":\"https:\\\/\\\/www.performance-floor.com\\\/wp-content\\\/uploads\\\/2025\\\/02\\\/performance-floor_logo-01_auf-weiss_2024-11-10.png\",\"width\":806,\"height\":774,\"caption\":\"Performance Floor\"},\"image\":{\"@id\":\"https:\\\/\\\/www.performance-floor.com\\\/#\\\/schema\\\/logo\\\/image\\\/\"}}]}<\/script>\n<!-- \/ Yoast SEO plugin. -->","yoast_head_json":{"title":"RACE Gold Edition | Performance Floor\u00ae","description":"RACE Gold Edition \u21d2 Performance Floor\u00ae \u27a4 Hier kannst Du Deinen einen Garagen-Bodenbelag selbst gestalten","robots":{"index":"index","follow":"follow","max-snippet":"max-snippet:-1","max-image-preview":"max-image-preview:large","max-video-preview":"max-video-preview:-1"},"canonical":"https:\/\/www.performance-floor.com\/cs\/produkt\/race-gold-edition\/","og_locale":"cs_CZ","og_type":"article","og_title":"RACE Gold Edition | Performance Floor\u00ae","og_description":"RACE Gold Edition \u21d2 Performance Floor\u00ae \u27a4 Hier kannst Du Deinen einen Garagen-Bodenbelag selbst gestalten","og_url":"https:\/\/www.performance-floor.com\/cs\/produkt\/race-gold-edition\/","og_site_name":"Performance Floor\u00ae","article_modified_time":"2024-04-03T00:00:19+00:00","og_image":[{"width":1200,"height":1200,"url":"https:\/\/www.performance-floor.com\/wp-content\/uploads\/2022\/10\/race-gold-uebersicht.jpg","type":"image\/jpeg"}],"twitter_card":"summary_large_image","schema":{"@context":"https:\/\/schema.org","@graph":[{"@type":"WebPage","@id":"https:\/\/www.performance-floor.com\/cs\/produkt\/race-gold-edition\/","url":"https:\/\/www.performance-floor.com\/cs\/produkt\/race-gold-edition\/","name":"RACE Gold Edition | Performance Floor\u00ae","isPartOf":{"@id":"https:\/\/www.performance-floor.com\/#website"},"primaryImageOfPage":{"@id":"https:\/\/www.performance-floor.com\/cs\/produkt\/race-gold-edition\/#primaryimage"},"image":{"@id":"https:\/\/www.performance-floor.com\/cs\/produkt\/race-gold-edition\/#primaryimage"},"thumbnailUrl":"https:\/\/www.performance-floor.com\/wp-content\/uploads\/2025\/11\/bodenbelagbannersArtboard-1-copy-4.jpg","datePublished":"2021-03-30T11:40:18+00:00","dateModified":"2024-04-03T00:00:19+00:00","description":"RACE Gold Edition \u21d2 Performance Floor\u00ae \u27a4 Hier kannst Du Deinen einen Garagen-Bodenbelag selbst gestalten","breadcrumb":{"@id":"https:\/\/www.performance-floor.com\/cs\/produkt\/race-gold-edition\/#breadcrumb"},"inLanguage":"cs","potentialAction":[{"@type":"ReadAction","target":["https:\/\/www.performance-floor.com\/cs\/produkt\/race-gold-edition\/"]}]},{"@type":"ImageObject","inLanguage":"cs","@id":"https:\/\/www.performance-floor.com\/cs\/produkt\/race-gold-edition\/#primaryimage","url":"https:\/\/www.performance-floor.com\/wp-content\/uploads\/2025\/11\/bodenbelagbannersArtboard-1-copy-4.jpg","contentUrl":"https:\/\/www.performance-floor.com\/wp-content\/uploads\/2025\/11\/bodenbelagbannersArtboard-1-copy-4.jpg","width":1200,"height":1200},{"@type":"BreadcrumbList","@id":"https:\/\/www.performance-floor.com\/cs\/produkt\/race-gold-edition\/#breadcrumb","itemListElement":[{"@type":"ListItem","position":1,"name":"Startseite","item":"https:\/\/www.performance-floor.com\/"},{"@type":"ListItem","position":2,"name":"Shop","item":"https:\/\/www.performance-floor.com\/cs\/shop\/"},{"@type":"ListItem","position":3,"name":"RACE Gold Edition"}]},{"@type":"WebSite","@id":"https:\/\/www.performance-floor.com\/#website","url":"https:\/\/www.performance-floor.com\/","name":"Performance Floor\u00ae","description":"Bodenbelag f\u00fcr Garagen, Rennteam, Messen und vieles mehr!","publisher":{"@id":"https:\/\/www.performance-floor.com\/#organization"},"potentialAction":[{"@type":"SearchAction","target":{"@type":"EntryPoint","urlTemplate":"https:\/\/www.performance-floor.com\/?s={search_term_string}"},"query-input":{"@type":"PropertyValueSpecification","valueRequired":true,"valueName":"search_term_string"}}],"inLanguage":"cs"},{"@type":"Organization","@id":"https:\/\/www.performance-floor.com\/#organization","name":"Performance Floor","url":"https:\/\/www.performance-floor.com\/","logo":{"@type":"ImageObject","inLanguage":"cs","@id":"https:\/\/www.performance-floor.com\/#\/schema\/logo\/image\/","url":"https:\/\/www.performance-floor.com\/wp-content\/uploads\/2025\/02\/performance-floor_logo-01_auf-weiss_2024-11-10.png","contentUrl":"https:\/\/www.performance-floor.com\/wp-content\/uploads\/2025\/02\/performance-floor_logo-01_auf-weiss_2024-11-10.png","width":806,"height":774,"caption":"Performance Floor"},"image":{"@id":"https:\/\/www.performance-floor.com\/#\/schema\/logo\/image\/"}}]}},"jetpack_sharing_enabled":true,"_links":{"self":[{"href":"https:\/\/www.performance-floor.com\/cs\/wp-json\/wp\/v2\/product\/2957","targetHints":{"allow":["GET"]}}],"collection":[{"href":"https:\/\/www.performance-floor.com\/cs\/wp-json\/wp\/v2\/product"}],"about":[{"href":"https:\/\/www.performance-floor.com\/cs\/wp-json\/wp\/v2\/types\/product"}],"wp:featuredmedia":[{"embeddable":true,"href":"https:\/\/www.performance-floor.com\/cs\/wp-json\/wp\/v2\/media\/13574"}],"wp:attachment":[{"href":"https:\/\/www.performance-floor.com\/cs\/wp-json\/wp\/v2\/media?parent=2957"}],"wp:term":[{"taxonomy":"product_brand","embeddable":true,"href":"https:\/\/www.performance-floor.com\/cs\/wp-json\/wp\/v2\/product_brand?post=2957"},{"taxonomy":"product_cat","embeddable":true,"href":"https:\/\/www.performance-floor.com\/cs\/wp-json\/wp\/v2\/product_cat?post=2957"},{"taxonomy":"product_tag","embeddable":true,"href":"https:\/\/www.performance-floor.com\/cs\/wp-json\/wp\/v2\/product_tag?post=2957"}],"curies":[{"name":"wp","href":"https:\/\/api.w.org\/{rel}","templated":true}]}}