{"id":2491,"date":"2020-06-18T14:20:39","date_gmt":"2020-06-18T14:20:39","guid":{"rendered":"https:\/\/www.performance-floor.com\/produkt\/protiskluzna-podlozka\/"},"modified":"2020-06-18T14:20:39","modified_gmt":"2020-06-18T14:20:39","slug":"protiskluzna-podlozka","status":"publish","type":"product","link":"https:\/\/www.performance-floor.com\/cs\/produkt\/protiskluzna-podlozka\/","title":{"rendered":"Protiskluzn\u00e1 podlo\u017eka"},"content":{"rendered":"<p>Na\u0161e podlahov\u00e1 protiskluzn\u00e1 podlo\u017eka je nezbytn\u00e1, kdy\u017e je podklad velmi kluzk\u00fd. Na\u0161e podlo\u017eka zastav\u00ed nap\u0159\u00edklad pohyb dla\u017edic na glazovan\u00fdch nebo le\u0161t\u011bn\u00fdch povr\u0161\u00edch. Nen\u00ed nutn\u00e9 ji pou\u017e\u00edvat na cel\u00fd prostor, sta\u010d\u00ed pouze u vchodu, \u010d\u00edm\u017e z\u00edsk\u00e1te optim\u00e1ln\u00ed \u00fa\u010dinek. Nen\u00ed nutn\u00e1 \u017e\u00e1dn\u00e1 fixace.<\/p>\n","protected":false},"excerpt":{"rendered":"<p><strong>Cena za metr<\/strong><\/p>\n<p>D\u00edky protiskluzn\u00e9 podlo\u017ece Performance Floor nedoch\u00e1z\u00ed k posun\u016fm na kluzk\u00e9m povrchu.<\/p>\n","protected":false},"featured_media":2492,"template":"","meta":[],"product_brand":[],"product_cat":[71],"product_tag":[],"class_list":{"0":"post-2491","1":"product","2":"type-product","3":"status-publish","4":"has-post-thumbnail","6":"product_cat-kliknete-na-dlazdice","8":"first","9":"instock","10":"shipping-taxable","11":"purchasable","12":"product-type-simple"},"yoast_head":"<!-- This site is optimized with the Yoast SEO plugin v27.3 - https:\/\/yoast.com\/product\/yoast-seo-wordpress\/ -->\n<title>Protiskluzn\u00e1 podlo\u017eka | Performance Floor\u00ae<\/title>\n<meta name=\"description\" content=\"Protiskluzn\u00e1 podlo\u017eka \u21d2 Performance Floor\u00ae \u27a4 Hier kannst Du Deinen einen Garagen-Bodenbelag selbst gestalten\" \/>\n<meta name=\"robots\" content=\"index, follow, max-snippet:-1, max-image-preview:large, max-video-preview:-1\" \/>\n<link rel=\"canonical\" href=\"https:\/\/www.performance-floor.com\/cs\/produkt\/protiskluzna-podlozka\/\" \/>\n<meta property=\"og:locale\" content=\"cs_CZ\" \/>\n<meta property=\"og:type\" content=\"article\" \/>\n<meta property=\"og:title\" content=\"Protiskluzn\u00e1 podlo\u017eka | Performance Floor\u00ae\" \/>\n<meta property=\"og:description\" content=\"Protiskluzn\u00e1 podlo\u017eka \u21d2 Performance Floor\u00ae \u27a4 Hier kannst Du Deinen einen Garagen-Bodenbelag selbst gestalten\" \/>\n<meta property=\"og:url\" content=\"https:\/\/www.performance-floor.com\/cs\/produkt\/protiskluzna-podlozka\/\" \/>\n<meta property=\"og:site_name\" content=\"Performance Floor\u00ae\" \/>\n<meta property=\"og:image\" content=\"https:\/\/www.performance-floor.com\/wp-content\/uploads\/2020\/06\/anti-rutsch-band-01.jpg\" \/>\n\t<meta property=\"og:image:width\" content=\"1200\" \/>\n\t<meta property=\"og:image:height\" content=\"1200\" \/>\n\t<meta property=\"og:image:type\" content=\"image\/jpeg\" \/>\n<meta name=\"twitter:card\" content=\"summary_large_image\" \/>\n<script type=\"application\/ld+json\" class=\"yoast-schema-graph\">{\"@context\":\"https:\\\/\\\/schema.org\",\"@graph\":[{\"@type\":\"WebPage\",\"@id\":\"https:\\\/\\\/www.performance-floor.com\\\/cs\\\/produkt\\\/protiskluzna-podlozka\\\/\",\"url\":\"https:\\\/\\\/www.performance-floor.com\\\/cs\\\/produkt\\\/protiskluzna-podlozka\\\/\",\"name\":\"Protiskluzn\u00e1 podlo\u017eka | Performance Floor\u00ae\",\"isPartOf\":{\"@id\":\"https:\\\/\\\/www.performance-floor.com\\\/#website\"},\"primaryImageOfPage\":{\"@id\":\"https:\\\/\\\/www.performance-floor.com\\\/cs\\\/produkt\\\/protiskluzna-podlozka\\\/#primaryimage\"},\"image\":{\"@id\":\"https:\\\/\\\/www.performance-floor.com\\\/cs\\\/produkt\\\/protiskluzna-podlozka\\\/#primaryimage\"},\"thumbnailUrl\":\"https:\\\/\\\/www.performance-floor.com\\\/wp-content\\\/uploads\\\/2020\\\/06\\\/anti-rutsch-band-01.jpg\",\"datePublished\":\"2020-06-18T14:20:39+00:00\",\"description\":\"Protiskluzn\u00e1 podlo\u017eka \u21d2 Performance Floor\u00ae \u27a4 Hier kannst Du Deinen einen Garagen-Bodenbelag selbst gestalten\",\"breadcrumb\":{\"@id\":\"https:\\\/\\\/www.performance-floor.com\\\/cs\\\/produkt\\\/protiskluzna-podlozka\\\/#breadcrumb\"},\"inLanguage\":\"cs\",\"potentialAction\":[{\"@type\":\"ReadAction\",\"target\":[\"https:\\\/\\\/www.performance-floor.com\\\/cs\\\/produkt\\\/protiskluzna-podlozka\\\/\"]}]},{\"@type\":\"ImageObject\",\"inLanguage\":\"cs\",\"@id\":\"https:\\\/\\\/www.performance-floor.com\\\/cs\\\/produkt\\\/protiskluzna-podlozka\\\/#primaryimage\",\"url\":\"https:\\\/\\\/www.performance-floor.com\\\/wp-content\\\/uploads\\\/2020\\\/06\\\/anti-rutsch-band-01.jpg\",\"contentUrl\":\"https:\\\/\\\/www.performance-floor.com\\\/wp-content\\\/uploads\\\/2020\\\/06\\\/anti-rutsch-band-01.jpg\",\"width\":1200,\"height\":1200},{\"@type\":\"BreadcrumbList\",\"@id\":\"https:\\\/\\\/www.performance-floor.com\\\/cs\\\/produkt\\\/protiskluzna-podlozka\\\/#breadcrumb\",\"itemListElement\":[{\"@type\":\"ListItem\",\"position\":1,\"name\":\"Startseite\",\"item\":\"https:\\\/\\\/www.performance-floor.com\\\/\"},{\"@type\":\"ListItem\",\"position\":2,\"name\":\"Shop\",\"item\":\"https:\\\/\\\/www.performance-floor.com\\\/cs\\\/shop\\\/\"},{\"@type\":\"ListItem\",\"position\":3,\"name\":\"Protiskluzn\u00e1 podlo\u017eka\"}]},{\"@type\":\"WebSite\",\"@id\":\"https:\\\/\\\/www.performance-floor.com\\\/#website\",\"url\":\"https:\\\/\\\/www.performance-floor.com\\\/\",\"name\":\"Performance Floor\u00ae\",\"description\":\"Bodenbelag f\u00fcr Garagen, Rennteam, Messen und vieles mehr!\",\"publisher\":{\"@id\":\"https:\\\/\\\/www.performance-floor.com\\\/#organization\"},\"potentialAction\":[{\"@type\":\"SearchAction\",\"target\":{\"@type\":\"EntryPoint\",\"urlTemplate\":\"https:\\\/\\\/www.performance-floor.com\\\/?s={search_term_string}\"},\"query-input\":{\"@type\":\"PropertyValueSpecification\",\"valueRequired\":true,\"valueName\":\"search_term_string\"}}],\"inLanguage\":\"cs\"},{\"@type\":\"Organization\",\"@id\":\"https:\\\/\\\/www.performance-floor.com\\\/#organization\",\"name\":\"Performance Floor\",\"url\":\"https:\\\/\\\/www.performance-floor.com\\\/\",\"logo\":{\"@type\":\"ImageObject\",\"inLanguage\":\"cs\",\"@id\":\"https:\\\/\\\/www.performance-floor.com\\\/#\\\/schema\\\/logo\\\/image\\\/\",\"url\":\"https:\\\/\\\/www.performance-floor.com\\\/wp-content\\\/uploads\\\/2025\\\/02\\\/performance-floor_logo-01_auf-weiss_2024-11-10.png\",\"contentUrl\":\"https:\\\/\\\/www.performance-floor.com\\\/wp-content\\\/uploads\\\/2025\\\/02\\\/performance-floor_logo-01_auf-weiss_2024-11-10.png\",\"width\":806,\"height\":774,\"caption\":\"Performance Floor\"},\"image\":{\"@id\":\"https:\\\/\\\/www.performance-floor.com\\\/#\\\/schema\\\/logo\\\/image\\\/\"}}]}<\/script>\n<!-- \/ Yoast SEO plugin. -->","yoast_head_json":{"title":"Protiskluzn\u00e1 podlo\u017eka | Performance Floor\u00ae","description":"Protiskluzn\u00e1 podlo\u017eka \u21d2 Performance Floor\u00ae \u27a4 Hier kannst Du Deinen einen Garagen-Bodenbelag selbst gestalten","robots":{"index":"index","follow":"follow","max-snippet":"max-snippet:-1","max-image-preview":"max-image-preview:large","max-video-preview":"max-video-preview:-1"},"canonical":"https:\/\/www.performance-floor.com\/cs\/produkt\/protiskluzna-podlozka\/","og_locale":"cs_CZ","og_type":"article","og_title":"Protiskluzn\u00e1 podlo\u017eka | Performance Floor\u00ae","og_description":"Protiskluzn\u00e1 podlo\u017eka \u21d2 Performance Floor\u00ae \u27a4 Hier kannst Du Deinen einen Garagen-Bodenbelag selbst gestalten","og_url":"https:\/\/www.performance-floor.com\/cs\/produkt\/protiskluzna-podlozka\/","og_site_name":"Performance Floor\u00ae","og_image":[{"width":1200,"height":1200,"url":"https:\/\/www.performance-floor.com\/wp-content\/uploads\/2020\/06\/anti-rutsch-band-01.jpg","type":"image\/jpeg"}],"twitter_card":"summary_large_image","schema":{"@context":"https:\/\/schema.org","@graph":[{"@type":"WebPage","@id":"https:\/\/www.performance-floor.com\/cs\/produkt\/protiskluzna-podlozka\/","url":"https:\/\/www.performance-floor.com\/cs\/produkt\/protiskluzna-podlozka\/","name":"Protiskluzn\u00e1 podlo\u017eka | Performance Floor\u00ae","isPartOf":{"@id":"https:\/\/www.performance-floor.com\/#website"},"primaryImageOfPage":{"@id":"https:\/\/www.performance-floor.com\/cs\/produkt\/protiskluzna-podlozka\/#primaryimage"},"image":{"@id":"https:\/\/www.performance-floor.com\/cs\/produkt\/protiskluzna-podlozka\/#primaryimage"},"thumbnailUrl":"https:\/\/www.performance-floor.com\/wp-content\/uploads\/2020\/06\/anti-rutsch-band-01.jpg","datePublished":"2020-06-18T14:20:39+00:00","description":"Protiskluzn\u00e1 podlo\u017eka \u21d2 Performance Floor\u00ae \u27a4 Hier kannst Du Deinen einen Garagen-Bodenbelag selbst gestalten","breadcrumb":{"@id":"https:\/\/www.performance-floor.com\/cs\/produkt\/protiskluzna-podlozka\/#breadcrumb"},"inLanguage":"cs","potentialAction":[{"@type":"ReadAction","target":["https:\/\/www.performance-floor.com\/cs\/produkt\/protiskluzna-podlozka\/"]}]},{"@type":"ImageObject","inLanguage":"cs","@id":"https:\/\/www.performance-floor.com\/cs\/produkt\/protiskluzna-podlozka\/#primaryimage","url":"https:\/\/www.performance-floor.com\/wp-content\/uploads\/2020\/06\/anti-rutsch-band-01.jpg","contentUrl":"https:\/\/www.performance-floor.com\/wp-content\/uploads\/2020\/06\/anti-rutsch-band-01.jpg","width":1200,"height":1200},{"@type":"BreadcrumbList","@id":"https:\/\/www.performance-floor.com\/cs\/produkt\/protiskluzna-podlozka\/#breadcrumb","itemListElement":[{"@type":"ListItem","position":1,"name":"Startseite","item":"https:\/\/www.performance-floor.com\/"},{"@type":"ListItem","position":2,"name":"Shop","item":"https:\/\/www.performance-floor.com\/cs\/shop\/"},{"@type":"ListItem","position":3,"name":"Protiskluzn\u00e1 podlo\u017eka"}]},{"@type":"WebSite","@id":"https:\/\/www.performance-floor.com\/#website","url":"https:\/\/www.performance-floor.com\/","name":"Performance Floor\u00ae","description":"Bodenbelag f\u00fcr Garagen, Rennteam, Messen und vieles mehr!","publisher":{"@id":"https:\/\/www.performance-floor.com\/#organization"},"potentialAction":[{"@type":"SearchAction","target":{"@type":"EntryPoint","urlTemplate":"https:\/\/www.performance-floor.com\/?s={search_term_string}"},"query-input":{"@type":"PropertyValueSpecification","valueRequired":true,"valueName":"search_term_string"}}],"inLanguage":"cs"},{"@type":"Organization","@id":"https:\/\/www.performance-floor.com\/#organization","name":"Performance Floor","url":"https:\/\/www.performance-floor.com\/","logo":{"@type":"ImageObject","inLanguage":"cs","@id":"https:\/\/www.performance-floor.com\/#\/schema\/logo\/image\/","url":"https:\/\/www.performance-floor.com\/wp-content\/uploads\/2025\/02\/performance-floor_logo-01_auf-weiss_2024-11-10.png","contentUrl":"https:\/\/www.performance-floor.com\/wp-content\/uploads\/2025\/02\/performance-floor_logo-01_auf-weiss_2024-11-10.png","width":806,"height":774,"caption":"Performance Floor"},"image":{"@id":"https:\/\/www.performance-floor.com\/#\/schema\/logo\/image\/"}}]}},"jetpack_sharing_enabled":true,"_links":{"self":[{"href":"https:\/\/www.performance-floor.com\/cs\/wp-json\/wp\/v2\/product\/2491","targetHints":{"allow":["GET"]}}],"collection":[{"href":"https:\/\/www.performance-floor.com\/cs\/wp-json\/wp\/v2\/product"}],"about":[{"href":"https:\/\/www.performance-floor.com\/cs\/wp-json\/wp\/v2\/types\/product"}],"wp:featuredmedia":[{"embeddable":true,"href":"https:\/\/www.performance-floor.com\/cs\/wp-json\/wp\/v2\/media\/2492"}],"wp:attachment":[{"href":"https:\/\/www.performance-floor.com\/cs\/wp-json\/wp\/v2\/media?parent=2491"}],"wp:term":[{"taxonomy":"product_brand","embeddable":true,"href":"https:\/\/www.performance-floor.com\/cs\/wp-json\/wp\/v2\/product_brand?post=2491"},{"taxonomy":"product_cat","embeddable":true,"href":"https:\/\/www.performance-floor.com\/cs\/wp-json\/wp\/v2\/product_cat?post=2491"},{"taxonomy":"product_tag","embeddable":true,"href":"https:\/\/www.performance-floor.com\/cs\/wp-json\/wp\/v2\/product_tag?post=2491"}],"curies":[{"name":"wp","href":"https:\/\/api.w.org\/{rel}","templated":true}]}}