{"id":2487,"date":"2020-08-03T14:03:49","date_gmt":"2020-08-03T14:03:49","guid":{"rendered":"https:\/\/www.performance-floor.com\/produkt\/ksiltovka-snapback-bodenstaendig-specialni-nabidka\/"},"modified":"2022-01-01T00:02:57","modified_gmt":"2022-01-01T00:02:57","slug":"ksiltovka-snapback-bodenstaendig-specialni-nabidka","status":"publish","type":"product","link":"https:\/\/www.performance-floor.com\/cs\/produkt\/ksiltovka-snapback-bodenstaendig-specialni-nabidka\/","title":{"rendered":"K\u0161iltovka SnapBack #Bodenst\u00e4ndig SPECI\u00c1LN\u00cd NAB\u00cdDKA"},"content":{"rendered":"<p>L\u00edb\u00ed se v\u00e1m to jednoduch\u00e9 a #down-to-earth? Na\u0161e k\u0161iltovka SnapBack s vysoce kvalitn\u00ed v\u00fd\u0161ivkou a velurov\u00fdm povrchem p\u0159esv\u011bd\u010d\u00ed elegantn\u00edm designem. D\u00edky fluorescentn\u00edm vl\u00e1kn\u016fm za\u0159\u00ed v\u00fd\u0161ivka ve tm\u011b a d\u011bl\u00e1 z k\u0161iltovky opravdu v\u00fdjime\u010dn\u00fd produkt i v noci.<\/p>\n","protected":false},"excerpt":{"rendered":"<p>Na\u0161e # Bodenst\u00e4ndig k\u0161iltovka SnapBack pro v\u0161echny, kte\u0159\u00ed maj\u00ed r\u00e1di jednoduchost a eleganci. D\u00edky fluorescentn\u00edm nit\u00edm v\u00fd\u0161ivka z\u00e1\u0159\u00ed ve tm\u011b.<\/p>\n<p>SPECI\u00c1LN\u00cd NAB\u00cdDKA: Z\u00edskejte 3x Performance Floor osv\u011b\u017eova\u010d vzduchu s ovocnou v\u016fn\u00ed bobule-shisha zdarma!<\/p>\n","protected":false},"featured_media":2488,"template":"","meta":[],"product_brand":[],"product_cat":[75],"product_tag":[],"class_list":{"0":"post-2487","1":"product","2":"type-product","3":"status-publish","4":"has-post-thumbnail","6":"product_cat-obleceni-a-prislusenstvi","8":"first","9":"outofstock","10":"shipping-taxable","11":"purchasable","12":"product-type-simple"},"yoast_head":"<!-- This site is optimized with the Yoast SEO plugin v27.3 - https:\/\/yoast.com\/product\/yoast-seo-wordpress\/ -->\n<title>K\u0161iltovka SnapBack #Bodenst\u00e4ndig SPECI\u00c1LN\u00cd NAB\u00cdDKA | Performance Floor\u00ae<\/title>\n<meta name=\"description\" content=\"K\u0161iltovka SnapBack #Bodenst\u00e4ndig SPECI\u00c1LN\u00cd NAB\u00cdDKA \u21d2 Performance Floor\u00ae \u27a4 Hier kannst Du Deinen einen Garagen-Bodenbelag selbst gestalten\" \/>\n<meta name=\"robots\" content=\"index, follow, max-snippet:-1, max-image-preview:large, max-video-preview:-1\" \/>\n<link rel=\"canonical\" href=\"https:\/\/www.performance-floor.com\/cs\/produkt\/ksiltovka-snapback-bodenstaendig-specialni-nabidka\/\" \/>\n<meta property=\"og:locale\" content=\"cs_CZ\" \/>\n<meta property=\"og:type\" content=\"article\" \/>\n<meta property=\"og:title\" content=\"K\u0161iltovka SnapBack #Bodenst\u00e4ndig SPECI\u00c1LN\u00cd NAB\u00cdDKA | Performance Floor\u00ae\" \/>\n<meta property=\"og:description\" content=\"K\u0161iltovka SnapBack #Bodenst\u00e4ndig SPECI\u00c1LN\u00cd NAB\u00cdDKA \u21d2 Performance Floor\u00ae \u27a4 Hier kannst Du Deinen einen Garagen-Bodenbelag selbst gestalten\" \/>\n<meta property=\"og:url\" content=\"https:\/\/www.performance-floor.com\/cs\/produkt\/ksiltovka-snapback-bodenstaendig-specialni-nabidka\/\" \/>\n<meta property=\"og:site_name\" content=\"Performance Floor\u00ae\" \/>\n<meta property=\"article:modified_time\" content=\"2022-01-01T00:02:57+00:00\" \/>\n<meta property=\"og:image\" content=\"https:\/\/www.performance-floor.com\/wp-content\/uploads\/2020\/08\/snapback-cap-bodenstaendig-01-aktion.jpg\" \/>\n\t<meta property=\"og:image:width\" content=\"1200\" \/>\n\t<meta property=\"og:image:height\" content=\"1200\" \/>\n\t<meta property=\"og:image:type\" content=\"image\/jpeg\" \/>\n<meta name=\"twitter:card\" content=\"summary_large_image\" \/>\n<script type=\"application\/ld+json\" class=\"yoast-schema-graph\">{\"@context\":\"https:\\\/\\\/schema.org\",\"@graph\":[{\"@type\":\"WebPage\",\"@id\":\"https:\\\/\\\/www.performance-floor.com\\\/cs\\\/produkt\\\/ksiltovka-snapback-bodenstaendig-specialni-nabidka\\\/\",\"url\":\"https:\\\/\\\/www.performance-floor.com\\\/cs\\\/produkt\\\/ksiltovka-snapback-bodenstaendig-specialni-nabidka\\\/\",\"name\":\"K\u0161iltovka SnapBack #Bodenst\u00e4ndig SPECI\u00c1LN\u00cd NAB\u00cdDKA | Performance Floor\u00ae\",\"isPartOf\":{\"@id\":\"https:\\\/\\\/www.performance-floor.com\\\/#website\"},\"primaryImageOfPage\":{\"@id\":\"https:\\\/\\\/www.performance-floor.com\\\/cs\\\/produkt\\\/ksiltovka-snapback-bodenstaendig-specialni-nabidka\\\/#primaryimage\"},\"image\":{\"@id\":\"https:\\\/\\\/www.performance-floor.com\\\/cs\\\/produkt\\\/ksiltovka-snapback-bodenstaendig-specialni-nabidka\\\/#primaryimage\"},\"thumbnailUrl\":\"https:\\\/\\\/www.performance-floor.com\\\/wp-content\\\/uploads\\\/2020\\\/08\\\/snapback-cap-bodenstaendig-01-aktion.jpg\",\"datePublished\":\"2020-08-03T14:03:49+00:00\",\"dateModified\":\"2022-01-01T00:02:57+00:00\",\"description\":\"K\u0161iltovka SnapBack #Bodenst\u00e4ndig SPECI\u00c1LN\u00cd NAB\u00cdDKA \u21d2 Performance Floor\u00ae \u27a4 Hier kannst Du Deinen einen Garagen-Bodenbelag selbst gestalten\",\"breadcrumb\":{\"@id\":\"https:\\\/\\\/www.performance-floor.com\\\/cs\\\/produkt\\\/ksiltovka-snapback-bodenstaendig-specialni-nabidka\\\/#breadcrumb\"},\"inLanguage\":\"cs\",\"potentialAction\":[{\"@type\":\"ReadAction\",\"target\":[\"https:\\\/\\\/www.performance-floor.com\\\/cs\\\/produkt\\\/ksiltovka-snapback-bodenstaendig-specialni-nabidka\\\/\"]}]},{\"@type\":\"ImageObject\",\"inLanguage\":\"cs\",\"@id\":\"https:\\\/\\\/www.performance-floor.com\\\/cs\\\/produkt\\\/ksiltovka-snapback-bodenstaendig-specialni-nabidka\\\/#primaryimage\",\"url\":\"https:\\\/\\\/www.performance-floor.com\\\/wp-content\\\/uploads\\\/2020\\\/08\\\/snapback-cap-bodenstaendig-01-aktion.jpg\",\"contentUrl\":\"https:\\\/\\\/www.performance-floor.com\\\/wp-content\\\/uploads\\\/2020\\\/08\\\/snapback-cap-bodenstaendig-01-aktion.jpg\",\"width\":1200,\"height\":1200},{\"@type\":\"BreadcrumbList\",\"@id\":\"https:\\\/\\\/www.performance-floor.com\\\/cs\\\/produkt\\\/ksiltovka-snapback-bodenstaendig-specialni-nabidka\\\/#breadcrumb\",\"itemListElement\":[{\"@type\":\"ListItem\",\"position\":1,\"name\":\"Startseite\",\"item\":\"https:\\\/\\\/www.performance-floor.com\\\/\"},{\"@type\":\"ListItem\",\"position\":2,\"name\":\"Shop\",\"item\":\"https:\\\/\\\/www.performance-floor.com\\\/cs\\\/shop\\\/\"},{\"@type\":\"ListItem\",\"position\":3,\"name\":\"K\u0161iltovka SnapBack #Bodenst\u00e4ndig SPECI\u00c1LN\u00cd NAB\u00cdDKA\"}]},{\"@type\":\"WebSite\",\"@id\":\"https:\\\/\\\/www.performance-floor.com\\\/#website\",\"url\":\"https:\\\/\\\/www.performance-floor.com\\\/\",\"name\":\"Performance Floor\u00ae\",\"description\":\"Bodenbelag f\u00fcr Garagen, Rennteam, Messen und vieles mehr!\",\"publisher\":{\"@id\":\"https:\\\/\\\/www.performance-floor.com\\\/#organization\"},\"potentialAction\":[{\"@type\":\"SearchAction\",\"target\":{\"@type\":\"EntryPoint\",\"urlTemplate\":\"https:\\\/\\\/www.performance-floor.com\\\/?s={search_term_string}\"},\"query-input\":{\"@type\":\"PropertyValueSpecification\",\"valueRequired\":true,\"valueName\":\"search_term_string\"}}],\"inLanguage\":\"cs\"},{\"@type\":\"Organization\",\"@id\":\"https:\\\/\\\/www.performance-floor.com\\\/#organization\",\"name\":\"Performance Floor\",\"url\":\"https:\\\/\\\/www.performance-floor.com\\\/\",\"logo\":{\"@type\":\"ImageObject\",\"inLanguage\":\"cs\",\"@id\":\"https:\\\/\\\/www.performance-floor.com\\\/#\\\/schema\\\/logo\\\/image\\\/\",\"url\":\"https:\\\/\\\/www.performance-floor.com\\\/wp-content\\\/uploads\\\/2025\\\/02\\\/performance-floor_logo-01_auf-weiss_2024-11-10.png\",\"contentUrl\":\"https:\\\/\\\/www.performance-floor.com\\\/wp-content\\\/uploads\\\/2025\\\/02\\\/performance-floor_logo-01_auf-weiss_2024-11-10.png\",\"width\":806,\"height\":774,\"caption\":\"Performance Floor\"},\"image\":{\"@id\":\"https:\\\/\\\/www.performance-floor.com\\\/#\\\/schema\\\/logo\\\/image\\\/\"}}]}<\/script>\n<!-- \/ Yoast SEO plugin. -->","yoast_head_json":{"title":"K\u0161iltovka SnapBack #Bodenst\u00e4ndig SPECI\u00c1LN\u00cd NAB\u00cdDKA | Performance Floor\u00ae","description":"K\u0161iltovka SnapBack #Bodenst\u00e4ndig SPECI\u00c1LN\u00cd NAB\u00cdDKA \u21d2 Performance Floor\u00ae \u27a4 Hier kannst Du Deinen einen Garagen-Bodenbelag selbst gestalten","robots":{"index":"index","follow":"follow","max-snippet":"max-snippet:-1","max-image-preview":"max-image-preview:large","max-video-preview":"max-video-preview:-1"},"canonical":"https:\/\/www.performance-floor.com\/cs\/produkt\/ksiltovka-snapback-bodenstaendig-specialni-nabidka\/","og_locale":"cs_CZ","og_type":"article","og_title":"K\u0161iltovka SnapBack #Bodenst\u00e4ndig SPECI\u00c1LN\u00cd NAB\u00cdDKA | Performance Floor\u00ae","og_description":"K\u0161iltovka SnapBack #Bodenst\u00e4ndig SPECI\u00c1LN\u00cd NAB\u00cdDKA \u21d2 Performance Floor\u00ae \u27a4 Hier kannst Du Deinen einen Garagen-Bodenbelag selbst gestalten","og_url":"https:\/\/www.performance-floor.com\/cs\/produkt\/ksiltovka-snapback-bodenstaendig-specialni-nabidka\/","og_site_name":"Performance Floor\u00ae","article_modified_time":"2022-01-01T00:02:57+00:00","og_image":[{"width":1200,"height":1200,"url":"https:\/\/www.performance-floor.com\/wp-content\/uploads\/2020\/08\/snapback-cap-bodenstaendig-01-aktion.jpg","type":"image\/jpeg"}],"twitter_card":"summary_large_image","schema":{"@context":"https:\/\/schema.org","@graph":[{"@type":"WebPage","@id":"https:\/\/www.performance-floor.com\/cs\/produkt\/ksiltovka-snapback-bodenstaendig-specialni-nabidka\/","url":"https:\/\/www.performance-floor.com\/cs\/produkt\/ksiltovka-snapback-bodenstaendig-specialni-nabidka\/","name":"K\u0161iltovka SnapBack #Bodenst\u00e4ndig SPECI\u00c1LN\u00cd NAB\u00cdDKA | Performance Floor\u00ae","isPartOf":{"@id":"https:\/\/www.performance-floor.com\/#website"},"primaryImageOfPage":{"@id":"https:\/\/www.performance-floor.com\/cs\/produkt\/ksiltovka-snapback-bodenstaendig-specialni-nabidka\/#primaryimage"},"image":{"@id":"https:\/\/www.performance-floor.com\/cs\/produkt\/ksiltovka-snapback-bodenstaendig-specialni-nabidka\/#primaryimage"},"thumbnailUrl":"https:\/\/www.performance-floor.com\/wp-content\/uploads\/2020\/08\/snapback-cap-bodenstaendig-01-aktion.jpg","datePublished":"2020-08-03T14:03:49+00:00","dateModified":"2022-01-01T00:02:57+00:00","description":"K\u0161iltovka SnapBack #Bodenst\u00e4ndig SPECI\u00c1LN\u00cd NAB\u00cdDKA \u21d2 Performance Floor\u00ae \u27a4 Hier kannst Du Deinen einen Garagen-Bodenbelag selbst gestalten","breadcrumb":{"@id":"https:\/\/www.performance-floor.com\/cs\/produkt\/ksiltovka-snapback-bodenstaendig-specialni-nabidka\/#breadcrumb"},"inLanguage":"cs","potentialAction":[{"@type":"ReadAction","target":["https:\/\/www.performance-floor.com\/cs\/produkt\/ksiltovka-snapback-bodenstaendig-specialni-nabidka\/"]}]},{"@type":"ImageObject","inLanguage":"cs","@id":"https:\/\/www.performance-floor.com\/cs\/produkt\/ksiltovka-snapback-bodenstaendig-specialni-nabidka\/#primaryimage","url":"https:\/\/www.performance-floor.com\/wp-content\/uploads\/2020\/08\/snapback-cap-bodenstaendig-01-aktion.jpg","contentUrl":"https:\/\/www.performance-floor.com\/wp-content\/uploads\/2020\/08\/snapback-cap-bodenstaendig-01-aktion.jpg","width":1200,"height":1200},{"@type":"BreadcrumbList","@id":"https:\/\/www.performance-floor.com\/cs\/produkt\/ksiltovka-snapback-bodenstaendig-specialni-nabidka\/#breadcrumb","itemListElement":[{"@type":"ListItem","position":1,"name":"Startseite","item":"https:\/\/www.performance-floor.com\/"},{"@type":"ListItem","position":2,"name":"Shop","item":"https:\/\/www.performance-floor.com\/cs\/shop\/"},{"@type":"ListItem","position":3,"name":"K\u0161iltovka SnapBack #Bodenst\u00e4ndig SPECI\u00c1LN\u00cd NAB\u00cdDKA"}]},{"@type":"WebSite","@id":"https:\/\/www.performance-floor.com\/#website","url":"https:\/\/www.performance-floor.com\/","name":"Performance Floor\u00ae","description":"Bodenbelag f\u00fcr Garagen, Rennteam, Messen und vieles mehr!","publisher":{"@id":"https:\/\/www.performance-floor.com\/#organization"},"potentialAction":[{"@type":"SearchAction","target":{"@type":"EntryPoint","urlTemplate":"https:\/\/www.performance-floor.com\/?s={search_term_string}"},"query-input":{"@type":"PropertyValueSpecification","valueRequired":true,"valueName":"search_term_string"}}],"inLanguage":"cs"},{"@type":"Organization","@id":"https:\/\/www.performance-floor.com\/#organization","name":"Performance Floor","url":"https:\/\/www.performance-floor.com\/","logo":{"@type":"ImageObject","inLanguage":"cs","@id":"https:\/\/www.performance-floor.com\/#\/schema\/logo\/image\/","url":"https:\/\/www.performance-floor.com\/wp-content\/uploads\/2025\/02\/performance-floor_logo-01_auf-weiss_2024-11-10.png","contentUrl":"https:\/\/www.performance-floor.com\/wp-content\/uploads\/2025\/02\/performance-floor_logo-01_auf-weiss_2024-11-10.png","width":806,"height":774,"caption":"Performance Floor"},"image":{"@id":"https:\/\/www.performance-floor.com\/#\/schema\/logo\/image\/"}}]}},"jetpack_sharing_enabled":true,"_links":{"self":[{"href":"https:\/\/www.performance-floor.com\/cs\/wp-json\/wp\/v2\/product\/2487","targetHints":{"allow":["GET"]}}],"collection":[{"href":"https:\/\/www.performance-floor.com\/cs\/wp-json\/wp\/v2\/product"}],"about":[{"href":"https:\/\/www.performance-floor.com\/cs\/wp-json\/wp\/v2\/types\/product"}],"wp:featuredmedia":[{"embeddable":true,"href":"https:\/\/www.performance-floor.com\/cs\/wp-json\/wp\/v2\/media\/2488"}],"wp:attachment":[{"href":"https:\/\/www.performance-floor.com\/cs\/wp-json\/wp\/v2\/media?parent=2487"}],"wp:term":[{"taxonomy":"product_brand","embeddable":true,"href":"https:\/\/www.performance-floor.com\/cs\/wp-json\/wp\/v2\/product_brand?post=2487"},{"taxonomy":"product_cat","embeddable":true,"href":"https:\/\/www.performance-floor.com\/cs\/wp-json\/wp\/v2\/product_cat?post=2487"},{"taxonomy":"product_tag","embeddable":true,"href":"https:\/\/www.performance-floor.com\/cs\/wp-json\/wp\/v2\/product_tag?post=2487"}],"curies":[{"name":"wp","href":"https:\/\/api.w.org\/{rel}","templated":true}]}}