{"id":12371,"date":"2025-06-12T10:28:35","date_gmt":"2025-06-12T10:28:35","guid":{"rendered":"https:\/\/www.performance-floor.com\/?post_type=product&#038;p=12371"},"modified":"2026-04-07T10:30:05","modified_gmt":"2026-04-07T10:30:05","slug":"aluminiumrahmen-fuer-hexagon-led-deckenbeleuchtung-black-edition","status":"publish","type":"product","link":"https:\/\/www.performance-floor.com\/cs\/produkt\/aluminiumrahmen-fuer-hexagon-led-deckenbeleuchtung-black-edition\/","title":{"rendered":"Aluminiumrahmen f\u00fcr Hexagon LED-Deckenbeleuchtung Black Edition"},"content":{"rendered":"<h5>Ma\u00dfgefertigter Aluminiumrahmen zum Abh\u00e4ngen deiner <a href=\"https:\/\/www.performance-floor.com\/produkt\/hexagon-led-deckenbeleuchtung-set\/\">Hexagon LED-Deckenbeleuchtung.<\/a><\/h5>\n<h5>Technische Daten:<\/h5>\n<p><strong>Ma\u00dfe:<\/strong> 2,43 x 4,84 m<br \/>\n<strong>St\u00e4rke:<\/strong> 20 mm<br \/>\n<strong>Gewicht: <\/strong>8 kg<br \/>\n<strong>Material:<\/strong> Aluminium &#8211; Black Edition<\/p>\n","protected":false},"excerpt":{"rendered":"<p><strong>Aufbauanleitung: <a href=\"https:\/\/www.performance-floor.com\/wp-content\/uploads\/2024\/02\/2025-09-09_Performance-Floor_Anleitung_Rahmen.pdf\">Performance Floor &#8211; Aluminiumrahmen<\/a><\/strong><\/p>\n<p>Entdecke die Exklusivit\u00e4t unseres einzigartigen, steckbaren und stabilen Alurahmens &#8211; ein Produkt, das nur von uns angeboten wird! Mit seinem rostfreien Material, seiner Leichtigkeit und gleichzeitig robusten Bauweise setzt unser Alurahmen Ma\u00dfst\u00e4be. Hergestellt in Deutschland von Performance Floor, \u00fcberzeugt er nicht nur durch seine Qualit\u00e4t, sondern auch durch seine Benutzerfreundlichkeit: Kein Werkzeug ist erforderlich, um ihn zusammenzusetzen. Einfach stecken und mit dem <a href=\"https:\/\/www.performance-floor.com\/produkt\/hexagon-led-deckenbeleuchtung-set\/\">Performance Floor Hexagon LED Light<\/a> per Kabelbinder verbinden.<\/p>\n<p style=\"text-align: left;\">Lieferzeit 2-3 Werktage nach Zahlungseingang innerhalb Deutschlands und 5-7 Werktage nach Zahlungseingang innerhalb der EU.<br \/>\n<strong>Achtung: Drahtseile oder Befestigung zum Abh\u00e4ngen nicht inkludiert.<\/strong><\/p>\n","protected":false},"featured_media":12377,"template":"","meta":[],"product_brand":[],"product_cat":[222],"product_tag":[],"class_list":{"0":"post-12371","1":"product","2":"type-product","3":"status-publish","4":"has-post-thumbnail","6":"product_cat-lichttechnik","8":"first","9":"instock","10":"shipping-taxable","11":"purchasable","12":"product-type-simple"},"yoast_head":"<!-- This site is optimized with the Yoast SEO plugin v27.3 - https:\/\/yoast.com\/product\/yoast-seo-wordpress\/ -->\n<title>Aluminiumrahmen f\u00fcr Hexagon LED-Deckenbeleuchtung Black Edition | Performance Floor\u00ae<\/title>\n<meta name=\"description\" content=\"Aluminiumrahmen f\u00fcr Hexagon LED-Deckenbeleuchtung Black Edition \u21d2 \u27a4 die perfekte M\u00f6glichkeit dein Hexagon abh\u00e4ngen zu lassen \u27a4\" \/>\n<meta name=\"robots\" content=\"index, follow, max-snippet:-1, max-image-preview:large, max-video-preview:-1\" \/>\n<link rel=\"canonical\" href=\"https:\/\/www.performance-floor.com\/produkt\/aluminiumrahmen-fuer-hexagon-led-deckenbeleuchtung-black-edition\/\" \/>\n<meta property=\"og:locale\" content=\"cs_CZ\" \/>\n<meta property=\"og:type\" content=\"article\" \/>\n<meta property=\"og:title\" content=\"Aluminiumrahmen f\u00fcr Hexagon LED-Deckenbeleuchtung Black Edition | Performance Floor\u00ae\" \/>\n<meta property=\"og:description\" content=\"Aluminiumrahmen f\u00fcr Hexagon LED-Deckenbeleuchtung Black Edition \u21d2 \u27a4 die perfekte M\u00f6glichkeit dein Hexagon abh\u00e4ngen zu lassen \u27a4\" \/>\n<meta property=\"og:url\" content=\"https:\/\/www.performance-floor.com\/produkt\/aluminiumrahmen-fuer-hexagon-led-deckenbeleuchtung-black-edition\/\" \/>\n<meta property=\"og:site_name\" content=\"Performance Floor\u00ae\" \/>\n<meta property=\"article:modified_time\" content=\"2026-04-07T10:30:05+00:00\" \/>\n<meta property=\"og:image\" content=\"https:\/\/www.performance-floor.com\/wp-content\/uploads\/2025\/06\/rahmen_schwarz_005.jpg\" \/>\n\t<meta property=\"og:image:width\" content=\"1080\" \/>\n\t<meta property=\"og:image:height\" content=\"1080\" \/>\n\t<meta property=\"og:image:type\" content=\"image\/jpeg\" \/>\n<meta name=\"twitter:card\" content=\"summary_large_image\" \/>\n<meta name=\"twitter:label1\" content=\"Odhadovan\u00e1 doba \u010dten\u00ed\" \/>\n\t<meta name=\"twitter:data1\" content=\"1 minuta\" \/>\n<script type=\"application\/ld+json\" class=\"yoast-schema-graph\">{\"@context\":\"https:\\\/\\\/schema.org\",\"@graph\":[{\"@type\":\"WebPage\",\"@id\":\"https:\\\/\\\/www.performance-floor.com\\\/produkt\\\/aluminiumrahmen-fuer-hexagon-led-deckenbeleuchtung-black-edition\\\/\",\"url\":\"https:\\\/\\\/www.performance-floor.com\\\/produkt\\\/aluminiumrahmen-fuer-hexagon-led-deckenbeleuchtung-black-edition\\\/\",\"name\":\"Aluminiumrahmen f\u00fcr Hexagon LED-Deckenbeleuchtung Black Edition | Performance Floor\u00ae\",\"isPartOf\":{\"@id\":\"https:\\\/\\\/www.performance-floor.com\\\/#website\"},\"primaryImageOfPage\":{\"@id\":\"https:\\\/\\\/www.performance-floor.com\\\/produkt\\\/aluminiumrahmen-fuer-hexagon-led-deckenbeleuchtung-black-edition\\\/#primaryimage\"},\"image\":{\"@id\":\"https:\\\/\\\/www.performance-floor.com\\\/produkt\\\/aluminiumrahmen-fuer-hexagon-led-deckenbeleuchtung-black-edition\\\/#primaryimage\"},\"thumbnailUrl\":\"https:\\\/\\\/www.performance-floor.com\\\/wp-content\\\/uploads\\\/2025\\\/06\\\/rahmen_schwarz_005.jpg\",\"datePublished\":\"2025-06-12T10:28:35+00:00\",\"dateModified\":\"2026-04-07T10:30:05+00:00\",\"description\":\"Aluminiumrahmen f\u00fcr Hexagon LED-Deckenbeleuchtung Black Edition \u21d2 \u27a4 die perfekte M\u00f6glichkeit dein Hexagon abh\u00e4ngen zu lassen \u27a4\",\"breadcrumb\":{\"@id\":\"https:\\\/\\\/www.performance-floor.com\\\/produkt\\\/aluminiumrahmen-fuer-hexagon-led-deckenbeleuchtung-black-edition\\\/#breadcrumb\"},\"inLanguage\":\"cs\",\"potentialAction\":[{\"@type\":\"ReadAction\",\"target\":[\"https:\\\/\\\/www.performance-floor.com\\\/produkt\\\/aluminiumrahmen-fuer-hexagon-led-deckenbeleuchtung-black-edition\\\/\"]}]},{\"@type\":\"ImageObject\",\"inLanguage\":\"cs\",\"@id\":\"https:\\\/\\\/www.performance-floor.com\\\/produkt\\\/aluminiumrahmen-fuer-hexagon-led-deckenbeleuchtung-black-edition\\\/#primaryimage\",\"url\":\"https:\\\/\\\/www.performance-floor.com\\\/wp-content\\\/uploads\\\/2025\\\/06\\\/rahmen_schwarz_005.jpg\",\"contentUrl\":\"https:\\\/\\\/www.performance-floor.com\\\/wp-content\\\/uploads\\\/2025\\\/06\\\/rahmen_schwarz_005.jpg\",\"width\":1080,\"height\":1080},{\"@type\":\"BreadcrumbList\",\"@id\":\"https:\\\/\\\/www.performance-floor.com\\\/produkt\\\/aluminiumrahmen-fuer-hexagon-led-deckenbeleuchtung-black-edition\\\/#breadcrumb\",\"itemListElement\":[{\"@type\":\"ListItem\",\"position\":1,\"name\":\"Startseite\",\"item\":\"https:\\\/\\\/www.performance-floor.com\\\/\"},{\"@type\":\"ListItem\",\"position\":2,\"name\":\"Shop\",\"item\":\"https:\\\/\\\/www.performance-floor.com\\\/cs\\\/shop\\\/\"},{\"@type\":\"ListItem\",\"position\":3,\"name\":\"Aluminiumrahmen f\u00fcr Hexagon LED-Deckenbeleuchtung Black Edition\"}]},{\"@type\":\"WebSite\",\"@id\":\"https:\\\/\\\/www.performance-floor.com\\\/#website\",\"url\":\"https:\\\/\\\/www.performance-floor.com\\\/\",\"name\":\"Performance Floor\u00ae\",\"description\":\"Bodenbelag f\u00fcr Garagen, Rennteam, Messen und vieles mehr!\",\"publisher\":{\"@id\":\"https:\\\/\\\/www.performance-floor.com\\\/#organization\"},\"potentialAction\":[{\"@type\":\"SearchAction\",\"target\":{\"@type\":\"EntryPoint\",\"urlTemplate\":\"https:\\\/\\\/www.performance-floor.com\\\/?s={search_term_string}\"},\"query-input\":{\"@type\":\"PropertyValueSpecification\",\"valueRequired\":true,\"valueName\":\"search_term_string\"}}],\"inLanguage\":\"cs\"},{\"@type\":\"Organization\",\"@id\":\"https:\\\/\\\/www.performance-floor.com\\\/#organization\",\"name\":\"Performance Floor\",\"url\":\"https:\\\/\\\/www.performance-floor.com\\\/\",\"logo\":{\"@type\":\"ImageObject\",\"inLanguage\":\"cs\",\"@id\":\"https:\\\/\\\/www.performance-floor.com\\\/#\\\/schema\\\/logo\\\/image\\\/\",\"url\":\"https:\\\/\\\/www.performance-floor.com\\\/wp-content\\\/uploads\\\/2025\\\/02\\\/performance-floor_logo-01_auf-weiss_2024-11-10.png\",\"contentUrl\":\"https:\\\/\\\/www.performance-floor.com\\\/wp-content\\\/uploads\\\/2025\\\/02\\\/performance-floor_logo-01_auf-weiss_2024-11-10.png\",\"width\":806,\"height\":774,\"caption\":\"Performance Floor\"},\"image\":{\"@id\":\"https:\\\/\\\/www.performance-floor.com\\\/#\\\/schema\\\/logo\\\/image\\\/\"}}]}<\/script>\n<!-- \/ Yoast SEO plugin. -->","yoast_head_json":{"title":"Aluminiumrahmen f\u00fcr Hexagon LED-Deckenbeleuchtung Black Edition | Performance Floor\u00ae","description":"Aluminiumrahmen f\u00fcr Hexagon LED-Deckenbeleuchtung Black Edition \u21d2 \u27a4 die perfekte M\u00f6glichkeit dein Hexagon abh\u00e4ngen zu lassen \u27a4","robots":{"index":"index","follow":"follow","max-snippet":"max-snippet:-1","max-image-preview":"max-image-preview:large","max-video-preview":"max-video-preview:-1"},"canonical":"https:\/\/www.performance-floor.com\/produkt\/aluminiumrahmen-fuer-hexagon-led-deckenbeleuchtung-black-edition\/","og_locale":"cs_CZ","og_type":"article","og_title":"Aluminiumrahmen f\u00fcr Hexagon LED-Deckenbeleuchtung Black Edition | Performance Floor\u00ae","og_description":"Aluminiumrahmen f\u00fcr Hexagon LED-Deckenbeleuchtung Black Edition \u21d2 \u27a4 die perfekte M\u00f6glichkeit dein Hexagon abh\u00e4ngen zu lassen \u27a4","og_url":"https:\/\/www.performance-floor.com\/produkt\/aluminiumrahmen-fuer-hexagon-led-deckenbeleuchtung-black-edition\/","og_site_name":"Performance Floor\u00ae","article_modified_time":"2026-04-07T10:30:05+00:00","og_image":[{"width":1080,"height":1080,"url":"https:\/\/www.performance-floor.com\/wp-content\/uploads\/2025\/06\/rahmen_schwarz_005.jpg","type":"image\/jpeg"}],"twitter_card":"summary_large_image","twitter_misc":{"Odhadovan\u00e1 doba \u010dten\u00ed":"1 minuta"},"schema":{"@context":"https:\/\/schema.org","@graph":[{"@type":"WebPage","@id":"https:\/\/www.performance-floor.com\/produkt\/aluminiumrahmen-fuer-hexagon-led-deckenbeleuchtung-black-edition\/","url":"https:\/\/www.performance-floor.com\/produkt\/aluminiumrahmen-fuer-hexagon-led-deckenbeleuchtung-black-edition\/","name":"Aluminiumrahmen f\u00fcr Hexagon LED-Deckenbeleuchtung Black Edition | Performance Floor\u00ae","isPartOf":{"@id":"https:\/\/www.performance-floor.com\/#website"},"primaryImageOfPage":{"@id":"https:\/\/www.performance-floor.com\/produkt\/aluminiumrahmen-fuer-hexagon-led-deckenbeleuchtung-black-edition\/#primaryimage"},"image":{"@id":"https:\/\/www.performance-floor.com\/produkt\/aluminiumrahmen-fuer-hexagon-led-deckenbeleuchtung-black-edition\/#primaryimage"},"thumbnailUrl":"https:\/\/www.performance-floor.com\/wp-content\/uploads\/2025\/06\/rahmen_schwarz_005.jpg","datePublished":"2025-06-12T10:28:35+00:00","dateModified":"2026-04-07T10:30:05+00:00","description":"Aluminiumrahmen f\u00fcr Hexagon LED-Deckenbeleuchtung Black Edition \u21d2 \u27a4 die perfekte M\u00f6glichkeit dein Hexagon abh\u00e4ngen zu lassen \u27a4","breadcrumb":{"@id":"https:\/\/www.performance-floor.com\/produkt\/aluminiumrahmen-fuer-hexagon-led-deckenbeleuchtung-black-edition\/#breadcrumb"},"inLanguage":"cs","potentialAction":[{"@type":"ReadAction","target":["https:\/\/www.performance-floor.com\/produkt\/aluminiumrahmen-fuer-hexagon-led-deckenbeleuchtung-black-edition\/"]}]},{"@type":"ImageObject","inLanguage":"cs","@id":"https:\/\/www.performance-floor.com\/produkt\/aluminiumrahmen-fuer-hexagon-led-deckenbeleuchtung-black-edition\/#primaryimage","url":"https:\/\/www.performance-floor.com\/wp-content\/uploads\/2025\/06\/rahmen_schwarz_005.jpg","contentUrl":"https:\/\/www.performance-floor.com\/wp-content\/uploads\/2025\/06\/rahmen_schwarz_005.jpg","width":1080,"height":1080},{"@type":"BreadcrumbList","@id":"https:\/\/www.performance-floor.com\/produkt\/aluminiumrahmen-fuer-hexagon-led-deckenbeleuchtung-black-edition\/#breadcrumb","itemListElement":[{"@type":"ListItem","position":1,"name":"Startseite","item":"https:\/\/www.performance-floor.com\/"},{"@type":"ListItem","position":2,"name":"Shop","item":"https:\/\/www.performance-floor.com\/cs\/shop\/"},{"@type":"ListItem","position":3,"name":"Aluminiumrahmen f\u00fcr Hexagon LED-Deckenbeleuchtung Black Edition"}]},{"@type":"WebSite","@id":"https:\/\/www.performance-floor.com\/#website","url":"https:\/\/www.performance-floor.com\/","name":"Performance Floor\u00ae","description":"Bodenbelag f\u00fcr Garagen, Rennteam, Messen und vieles mehr!","publisher":{"@id":"https:\/\/www.performance-floor.com\/#organization"},"potentialAction":[{"@type":"SearchAction","target":{"@type":"EntryPoint","urlTemplate":"https:\/\/www.performance-floor.com\/?s={search_term_string}"},"query-input":{"@type":"PropertyValueSpecification","valueRequired":true,"valueName":"search_term_string"}}],"inLanguage":"cs"},{"@type":"Organization","@id":"https:\/\/www.performance-floor.com\/#organization","name":"Performance Floor","url":"https:\/\/www.performance-floor.com\/","logo":{"@type":"ImageObject","inLanguage":"cs","@id":"https:\/\/www.performance-floor.com\/#\/schema\/logo\/image\/","url":"https:\/\/www.performance-floor.com\/wp-content\/uploads\/2025\/02\/performance-floor_logo-01_auf-weiss_2024-11-10.png","contentUrl":"https:\/\/www.performance-floor.com\/wp-content\/uploads\/2025\/02\/performance-floor_logo-01_auf-weiss_2024-11-10.png","width":806,"height":774,"caption":"Performance Floor"},"image":{"@id":"https:\/\/www.performance-floor.com\/#\/schema\/logo\/image\/"}}]}},"jetpack_sharing_enabled":true,"_links":{"self":[{"href":"https:\/\/www.performance-floor.com\/cs\/wp-json\/wp\/v2\/product\/12371","targetHints":{"allow":["GET"]}}],"collection":[{"href":"https:\/\/www.performance-floor.com\/cs\/wp-json\/wp\/v2\/product"}],"about":[{"href":"https:\/\/www.performance-floor.com\/cs\/wp-json\/wp\/v2\/types\/product"}],"wp:featuredmedia":[{"embeddable":true,"href":"https:\/\/www.performance-floor.com\/cs\/wp-json\/wp\/v2\/media\/12377"}],"wp:attachment":[{"href":"https:\/\/www.performance-floor.com\/cs\/wp-json\/wp\/v2\/media?parent=12371"}],"wp:term":[{"taxonomy":"product_brand","embeddable":true,"href":"https:\/\/www.performance-floor.com\/cs\/wp-json\/wp\/v2\/product_brand?post=12371"},{"taxonomy":"product_cat","embeddable":true,"href":"https:\/\/www.performance-floor.com\/cs\/wp-json\/wp\/v2\/product_cat?post=12371"},{"taxonomy":"product_tag","embeddable":true,"href":"https:\/\/www.performance-floor.com\/cs\/wp-json\/wp\/v2\/product_tag?post=12371"}],"curies":[{"name":"wp","href":"https:\/\/api.w.org\/{rel}","templated":true}]}}