{"id":11637,"date":"2025-02-13T12:25:39","date_gmt":"2025-02-13T12:25:39","guid":{"rendered":"https:\/\/www.performance-floor.com\/?post_type=product&#038;p=11637"},"modified":"2026-04-10T09:13:08","modified_gmt":"2026-04-10T09:13:08","slug":"hexagon-led-deckenbeleuchtung-dimmbar","status":"publish","type":"product","link":"https:\/\/www.performance-floor.com\/cs\/produkt\/hexagon-led-deckenbeleuchtung-dimmbar\/","title":{"rendered":"Hexagon LED-Deckenbeleuchtung Dimmbar"},"content":{"rendered":"<h3><strong>Zuverl\u00e4ssiger Allrounder!<\/strong><\/h3>\n<p>Ob bei einer professionellen Fahrzeugaufbereitung, Lackierung, Karosserie-Instandsetzung, Lackversiegelung, Smart-Repair oder in der heimischen Garage \u2013 jede dieser T\u00e4tigkeiten erfordert eine sehr gute Sicht auf Oberfl\u00e4chen, die nur durch perfekte Belichtung erreicht wird.<\/p>\n<p>Durch die flexible Dimmung kannst du die Beleuchtung genau an deine Anforderungen anpassen und eine kontinuierliche Ergebnisoptimierung erzielen. Deine Kunden werden dir die glanzvolle Fahrzeugpr\u00e4sentation danken!<\/p>\n<p>F\u00fcr eine korrekte Funktion <strong>muss das Set vollst\u00e4ndig aufgebaut sein, bevor es gedimmt wird<\/strong>. Erst danach kann die Dimmfunktion aktiviert werden, sodass alle Leisten synchron auf der gleichen Stufe in Betrieb genommen werden.<\/p>\n<p>Die Steuerung erfolgt ganz einfach \u00fcber den Lichtschalter: Durch wiederholtes Bet\u00e4tigen kannst du zwischen den drei Dimmstufen wechseln. Zudem verf\u00fcgt das System \u00fcber eine Memory-Funktion, die sich die zuletzt verwendete Helligkeitsstufe merkt \u2013 so startet das Licht immer mit der bevorzugten Einstellung.<\/p>\n<hr \/>\n<h3><strong>Exklusives Design &amp; einfache Montage!<\/strong><\/h3>\n<p>Praktische Lichtl\u00f6sung trifft auf ein spektakul\u00e4res Design! Unsere Performance Floor LED-Deckenbeleuchtung ist ein Muss f\u00fcr jede Werkstatt, Fahrzeugausstellung oder Showroom.<\/p>\n<p>Die LED-Deckenbeleuchtung mit PVC-Abdeckung ist hochwertig verarbeitet und das einfache Klick-System erm\u00f6glicht eine unkomplizierte Montage.<br \/>\nMit 552 W \/ Set Leistungsst\u00e4rke, 6500 K (Wei\u00df) Farbton sorgt das Lichtsystem f\u00fcr eine optimale und zielgerichtete Beleuchtung.<\/p>\n<p><strong>Flexible Erweiterung:<\/strong><br \/>\nDu kannst die Performance Floor LED-Deckenleuchten beliebig kombinieren und individuell gestalten. Das Wabenmuster ist keine Vorgabe \u2013 die einzelnen Bauteile lassen sich nach Belieben verbinden. Um gr\u00f6\u00dfere Fl\u00e4chen auszuleuchten, kannst du einfach ein weiteres Set erwerben.<\/p>\n<hr \/>\n<h3><strong>Spezifikation \/ Eigenschaften<\/strong><\/h3>\n<ul>\n<li>Eignet sich ideal zur Fahrzeugaufbereitung, Autolackierung, Karosserie-Instandsetzung, Lackversiegelung, Smart-Repair<\/li>\n<li>Perfektes Licht zum ausleuchten deiner Garage<\/li>\n<li>Besonders beliebt bei Kfz-Werkst\u00e4tten, Fahrzeugausstellungen, aber auch au\u00dferhalb des KFZ-Bereichs nutzbar<\/li>\n<li>Gew\u00e4hrleistet eine zielgerichtete Lackinspektion<\/li>\n<li>Ideal zur Pr\u00e4sentation von lackierten, aufbereiteten oder versiegelten Lackoberfl\u00e4chen<\/li>\n<li>Spektakul\u00e4res Design mit Wow-Effekt f\u00fcr deine Arbeitsr\u00e4ume<\/li>\n<li>Hinterl\u00e4sst einen erstklassigen optischen Eindruck bei deinen Kunden<\/li>\n<li>Geringer Energiebedarf &amp; geringe W\u00e4rmeentwicklung<\/li>\n<li>Hochwertige Verarbeitung &amp; extreme Stabilit\u00e4t<\/li>\n<li>Einfache Montage<\/li>\n<\/ul>\n<hr \/>\n<h3><strong>Technische Daten \u2013 Hexagon LED Light (dimmbar)<\/strong><\/h3>\n<ul>\n<li>Ma\u00dfe: 2,43 x 4,84 m<\/li>\n<li>Stromspannung: AC220 V<\/li>\n<li>Leistung: 552 W<\/li>\n<li>St\u00e4rke: 20 mm<\/li>\n<li>Lichtstrom: 110 \u2013 120 lm\/w<\/li>\n<li>CRI: &gt;90<\/li>\n<li>CCT: 6500 K (Wei\u00df)<\/li>\n<li>Material: Aluminium + PVC-Abdeckung<\/li>\n<li>Gewicht: 12 kg<\/li>\n<li>Dimmstufen: 100% &#8211; 60% &#8211; 30% (\u00fcber Lichtschalter steuerbar, mit Memory-Funktion)<\/li>\n<\/ul>\n","protected":false},"excerpt":{"rendered":"<p><strong>Bauanleitung:<\/strong>\u00a0 <a href=\"https:\/\/www.youtube.com\/watch?v=8Ma8xYHxhRI\" target=\"_blank\" rel=\"noopener\">https:\/\/www.youtube.com\/watch?v=8Ma8xYHxhRI<\/a><\/p>\n<p><a href=\"https:\/\/www.performance-floor.com\/hexagon-deckenbeleuchtung-ideale-lichtloesung-fuer-jeden-raum\/\">Top-Qualit\u00e4t, die sich lohnt \u2013 6 Gr\u00fcnde f\u00fcr unser Hexagon<\/a><\/p>\n<p>Die dimmbaren LED-Panels in kaltwei\u00df (6500K) lassen deine Garage, Werkstatt, Fahrzeugausstellung oder deinen Showroom in perfektem Licht erstrahlen. In Kombination mit den Performance Floor Klickfliesen entsteht ein modernes und professionelles Ambiente.<\/p>\n<p>F\u00fcr eine optimale Funktion muss das Set vollst\u00e4ndig aufgebaut sein, bevor es gedimmt wird. Die Steuerung erfolgt einfach \u00fcber den <strong>Lichtschalter<\/strong> und die Memory-Funktion speichert die zuletzt gew\u00e4hlte Helligkeit.<\/p>\n<p>Bis zu zwei zusammengebaute Hexagons k\u00f6nnen \u00fcber einen Strompunkt betrieben werden.<\/p>\n<p><strong>3 Helligkeitsstufen<\/strong>: (100% \u2013 60% \u2013 30%) f\u00fcr maximale Flexibilit\u00e4t in Garagen, Werkst\u00e4tten, Fahrzeugausstellungen &amp; Showrooms.<\/p>\n<p><strong>Memory-Funktion<\/strong>: Merkt sich die letzte Einstellung f\u00fcr einen schnellen Start.<\/p>\n<p><strong>Reset-Funktion<\/strong>: Mehrmaliges Ein- und Ausschalten stellt alle LED-Streben auf 100 % Leuchtkraft zur\u00fcck.<\/p>\n<p><strong>Ma\u00dfe:<\/strong> 2,43 x 4,84 m<\/p>\n<p><strong>Lieferzeit:<\/strong> 2-3 Werktage nach Zahlungseingang innerhalb Deutschlands und 5-7 Werktage nach Zahlungseingang innerhalb der EU.<\/p>\n","protected":false},"featured_media":11673,"template":"","meta":[],"product_brand":[],"product_cat":[222,230],"product_tag":[],"class_list":{"0":"post-11637","1":"product","2":"type-product","3":"status-publish","4":"has-post-thumbnail","6":"product_cat-lichttechnik","7":"product_cat-slider","9":"first","10":"instock","11":"shipping-taxable","12":"purchasable","13":"product-type-simple"},"yoast_head":"<!-- This site is optimized with the Yoast SEO plugin v27.3 - https:\/\/yoast.com\/product\/yoast-seo-wordpress\/ -->\n<title>Hexagon LED-Deckenbeleuchtung Dimmbar | Performance Floor\u00ae<\/title>\n<meta name=\"description\" content=\"Entdecke die dimmbare Hexagon LED-Deckenbeleuchtung von Performance Floor\u00ae! 3 Helligkeitsstufen. Perfekt f\u00fcr Werkst\u00e4tten, Garagen &amp; Showrooms.\" \/>\n<meta name=\"robots\" content=\"index, follow, max-snippet:-1, max-image-preview:large, max-video-preview:-1\" \/>\n<link rel=\"canonical\" href=\"https:\/\/www.performance-floor.com\/produkt\/hexagon-led-deckenbeleuchtung-dimmbar\/\" \/>\n<meta property=\"og:locale\" content=\"cs_CZ\" \/>\n<meta property=\"og:type\" content=\"article\" \/>\n<meta property=\"og:title\" content=\"Hexagon LED-Deckenbeleuchtung Dimmbar | Performance Floor\u00ae\" \/>\n<meta property=\"og:description\" content=\"Entdecke die dimmbare Hexagon LED-Deckenbeleuchtung von Performance Floor\u00ae! 3 Helligkeitsstufen. Perfekt f\u00fcr Werkst\u00e4tten, Garagen &amp; Showrooms.\" \/>\n<meta property=\"og:url\" content=\"https:\/\/www.performance-floor.com\/produkt\/hexagon-led-deckenbeleuchtung-dimmbar\/\" \/>\n<meta property=\"og:site_name\" content=\"Performance Floor\u00ae\" \/>\n<meta property=\"article:modified_time\" content=\"2026-04-10T09:13:08+00:00\" \/>\n<meta property=\"og:image\" content=\"https:\/\/www.performance-floor.com\/wp-content\/uploads\/2025\/02\/hexagon-dimmbar_005.jpg\" \/>\n\t<meta property=\"og:image:width\" content=\"1080\" \/>\n\t<meta property=\"og:image:height\" content=\"1080\" \/>\n\t<meta property=\"og:image:type\" content=\"image\/jpeg\" \/>\n<meta name=\"twitter:card\" content=\"summary_large_image\" \/>\n<meta name=\"twitter:label1\" content=\"Odhadovan\u00e1 doba \u010dten\u00ed\" \/>\n\t<meta name=\"twitter:data1\" content=\"3 minuty\" \/>\n<script type=\"application\/ld+json\" class=\"yoast-schema-graph\">{\"@context\":\"https:\\\/\\\/schema.org\",\"@graph\":[{\"@type\":\"WebPage\",\"@id\":\"https:\\\/\\\/www.performance-floor.com\\\/produkt\\\/hexagon-led-deckenbeleuchtung-dimmbar\\\/\",\"url\":\"https:\\\/\\\/www.performance-floor.com\\\/produkt\\\/hexagon-led-deckenbeleuchtung-dimmbar\\\/\",\"name\":\"Hexagon LED-Deckenbeleuchtung Dimmbar | Performance Floor\u00ae\",\"isPartOf\":{\"@id\":\"https:\\\/\\\/www.performance-floor.com\\\/#website\"},\"primaryImageOfPage\":{\"@id\":\"https:\\\/\\\/www.performance-floor.com\\\/produkt\\\/hexagon-led-deckenbeleuchtung-dimmbar\\\/#primaryimage\"},\"image\":{\"@id\":\"https:\\\/\\\/www.performance-floor.com\\\/produkt\\\/hexagon-led-deckenbeleuchtung-dimmbar\\\/#primaryimage\"},\"thumbnailUrl\":\"https:\\\/\\\/www.performance-floor.com\\\/wp-content\\\/uploads\\\/2025\\\/02\\\/hexagon-dimmbar_005.jpg\",\"datePublished\":\"2025-02-13T12:25:39+00:00\",\"dateModified\":\"2026-04-10T09:13:08+00:00\",\"description\":\"Entdecke die dimmbare Hexagon LED-Deckenbeleuchtung von Performance Floor\u00ae! 3 Helligkeitsstufen. Perfekt f\u00fcr Werkst\u00e4tten, Garagen & Showrooms.\",\"breadcrumb\":{\"@id\":\"https:\\\/\\\/www.performance-floor.com\\\/produkt\\\/hexagon-led-deckenbeleuchtung-dimmbar\\\/#breadcrumb\"},\"inLanguage\":\"cs\",\"potentialAction\":[{\"@type\":\"ReadAction\",\"target\":[\"https:\\\/\\\/www.performance-floor.com\\\/produkt\\\/hexagon-led-deckenbeleuchtung-dimmbar\\\/\"]}]},{\"@type\":\"ImageObject\",\"inLanguage\":\"cs\",\"@id\":\"https:\\\/\\\/www.performance-floor.com\\\/produkt\\\/hexagon-led-deckenbeleuchtung-dimmbar\\\/#primaryimage\",\"url\":\"https:\\\/\\\/www.performance-floor.com\\\/wp-content\\\/uploads\\\/2025\\\/02\\\/hexagon-dimmbar_005.jpg\",\"contentUrl\":\"https:\\\/\\\/www.performance-floor.com\\\/wp-content\\\/uploads\\\/2025\\\/02\\\/hexagon-dimmbar_005.jpg\",\"width\":1080,\"height\":1080},{\"@type\":\"BreadcrumbList\",\"@id\":\"https:\\\/\\\/www.performance-floor.com\\\/produkt\\\/hexagon-led-deckenbeleuchtung-dimmbar\\\/#breadcrumb\",\"itemListElement\":[{\"@type\":\"ListItem\",\"position\":1,\"name\":\"Startseite\",\"item\":\"https:\\\/\\\/www.performance-floor.com\\\/\"},{\"@type\":\"ListItem\",\"position\":2,\"name\":\"Shop\",\"item\":\"https:\\\/\\\/www.performance-floor.com\\\/cs\\\/shop\\\/\"},{\"@type\":\"ListItem\",\"position\":3,\"name\":\"Hexagon LED-Deckenbeleuchtung Dimmbar\"}]},{\"@type\":\"WebSite\",\"@id\":\"https:\\\/\\\/www.performance-floor.com\\\/#website\",\"url\":\"https:\\\/\\\/www.performance-floor.com\\\/\",\"name\":\"Performance Floor\u00ae\",\"description\":\"Bodenbelag f\u00fcr Garagen, Rennteam, Messen und vieles mehr!\",\"publisher\":{\"@id\":\"https:\\\/\\\/www.performance-floor.com\\\/#organization\"},\"potentialAction\":[{\"@type\":\"SearchAction\",\"target\":{\"@type\":\"EntryPoint\",\"urlTemplate\":\"https:\\\/\\\/www.performance-floor.com\\\/?s={search_term_string}\"},\"query-input\":{\"@type\":\"PropertyValueSpecification\",\"valueRequired\":true,\"valueName\":\"search_term_string\"}}],\"inLanguage\":\"cs\"},{\"@type\":\"Organization\",\"@id\":\"https:\\\/\\\/www.performance-floor.com\\\/#organization\",\"name\":\"Performance Floor\",\"url\":\"https:\\\/\\\/www.performance-floor.com\\\/\",\"logo\":{\"@type\":\"ImageObject\",\"inLanguage\":\"cs\",\"@id\":\"https:\\\/\\\/www.performance-floor.com\\\/#\\\/schema\\\/logo\\\/image\\\/\",\"url\":\"https:\\\/\\\/www.performance-floor.com\\\/wp-content\\\/uploads\\\/2025\\\/02\\\/performance-floor_logo-01_auf-weiss_2024-11-10.png\",\"contentUrl\":\"https:\\\/\\\/www.performance-floor.com\\\/wp-content\\\/uploads\\\/2025\\\/02\\\/performance-floor_logo-01_auf-weiss_2024-11-10.png\",\"width\":806,\"height\":774,\"caption\":\"Performance Floor\"},\"image\":{\"@id\":\"https:\\\/\\\/www.performance-floor.com\\\/#\\\/schema\\\/logo\\\/image\\\/\"}}]}<\/script>\n<!-- \/ Yoast SEO plugin. -->","yoast_head_json":{"title":"Hexagon LED-Deckenbeleuchtung Dimmbar | Performance Floor\u00ae","description":"Entdecke die dimmbare Hexagon LED-Deckenbeleuchtung von Performance Floor\u00ae! 3 Helligkeitsstufen. Perfekt f\u00fcr Werkst\u00e4tten, Garagen & Showrooms.","robots":{"index":"index","follow":"follow","max-snippet":"max-snippet:-1","max-image-preview":"max-image-preview:large","max-video-preview":"max-video-preview:-1"},"canonical":"https:\/\/www.performance-floor.com\/produkt\/hexagon-led-deckenbeleuchtung-dimmbar\/","og_locale":"cs_CZ","og_type":"article","og_title":"Hexagon LED-Deckenbeleuchtung Dimmbar | Performance Floor\u00ae","og_description":"Entdecke die dimmbare Hexagon LED-Deckenbeleuchtung von Performance Floor\u00ae! 3 Helligkeitsstufen. Perfekt f\u00fcr Werkst\u00e4tten, Garagen & Showrooms.","og_url":"https:\/\/www.performance-floor.com\/produkt\/hexagon-led-deckenbeleuchtung-dimmbar\/","og_site_name":"Performance Floor\u00ae","article_modified_time":"2026-04-10T09:13:08+00:00","og_image":[{"width":1080,"height":1080,"url":"https:\/\/www.performance-floor.com\/wp-content\/uploads\/2025\/02\/hexagon-dimmbar_005.jpg","type":"image\/jpeg"}],"twitter_card":"summary_large_image","twitter_misc":{"Odhadovan\u00e1 doba \u010dten\u00ed":"3 minuty"},"schema":{"@context":"https:\/\/schema.org","@graph":[{"@type":"WebPage","@id":"https:\/\/www.performance-floor.com\/produkt\/hexagon-led-deckenbeleuchtung-dimmbar\/","url":"https:\/\/www.performance-floor.com\/produkt\/hexagon-led-deckenbeleuchtung-dimmbar\/","name":"Hexagon LED-Deckenbeleuchtung Dimmbar | Performance Floor\u00ae","isPartOf":{"@id":"https:\/\/www.performance-floor.com\/#website"},"primaryImageOfPage":{"@id":"https:\/\/www.performance-floor.com\/produkt\/hexagon-led-deckenbeleuchtung-dimmbar\/#primaryimage"},"image":{"@id":"https:\/\/www.performance-floor.com\/produkt\/hexagon-led-deckenbeleuchtung-dimmbar\/#primaryimage"},"thumbnailUrl":"https:\/\/www.performance-floor.com\/wp-content\/uploads\/2025\/02\/hexagon-dimmbar_005.jpg","datePublished":"2025-02-13T12:25:39+00:00","dateModified":"2026-04-10T09:13:08+00:00","description":"Entdecke die dimmbare Hexagon LED-Deckenbeleuchtung von Performance Floor\u00ae! 3 Helligkeitsstufen. Perfekt f\u00fcr Werkst\u00e4tten, Garagen & Showrooms.","breadcrumb":{"@id":"https:\/\/www.performance-floor.com\/produkt\/hexagon-led-deckenbeleuchtung-dimmbar\/#breadcrumb"},"inLanguage":"cs","potentialAction":[{"@type":"ReadAction","target":["https:\/\/www.performance-floor.com\/produkt\/hexagon-led-deckenbeleuchtung-dimmbar\/"]}]},{"@type":"ImageObject","inLanguage":"cs","@id":"https:\/\/www.performance-floor.com\/produkt\/hexagon-led-deckenbeleuchtung-dimmbar\/#primaryimage","url":"https:\/\/www.performance-floor.com\/wp-content\/uploads\/2025\/02\/hexagon-dimmbar_005.jpg","contentUrl":"https:\/\/www.performance-floor.com\/wp-content\/uploads\/2025\/02\/hexagon-dimmbar_005.jpg","width":1080,"height":1080},{"@type":"BreadcrumbList","@id":"https:\/\/www.performance-floor.com\/produkt\/hexagon-led-deckenbeleuchtung-dimmbar\/#breadcrumb","itemListElement":[{"@type":"ListItem","position":1,"name":"Startseite","item":"https:\/\/www.performance-floor.com\/"},{"@type":"ListItem","position":2,"name":"Shop","item":"https:\/\/www.performance-floor.com\/cs\/shop\/"},{"@type":"ListItem","position":3,"name":"Hexagon LED-Deckenbeleuchtung Dimmbar"}]},{"@type":"WebSite","@id":"https:\/\/www.performance-floor.com\/#website","url":"https:\/\/www.performance-floor.com\/","name":"Performance Floor\u00ae","description":"Bodenbelag f\u00fcr Garagen, Rennteam, Messen und vieles mehr!","publisher":{"@id":"https:\/\/www.performance-floor.com\/#organization"},"potentialAction":[{"@type":"SearchAction","target":{"@type":"EntryPoint","urlTemplate":"https:\/\/www.performance-floor.com\/?s={search_term_string}"},"query-input":{"@type":"PropertyValueSpecification","valueRequired":true,"valueName":"search_term_string"}}],"inLanguage":"cs"},{"@type":"Organization","@id":"https:\/\/www.performance-floor.com\/#organization","name":"Performance Floor","url":"https:\/\/www.performance-floor.com\/","logo":{"@type":"ImageObject","inLanguage":"cs","@id":"https:\/\/www.performance-floor.com\/#\/schema\/logo\/image\/","url":"https:\/\/www.performance-floor.com\/wp-content\/uploads\/2025\/02\/performance-floor_logo-01_auf-weiss_2024-11-10.png","contentUrl":"https:\/\/www.performance-floor.com\/wp-content\/uploads\/2025\/02\/performance-floor_logo-01_auf-weiss_2024-11-10.png","width":806,"height":774,"caption":"Performance Floor"},"image":{"@id":"https:\/\/www.performance-floor.com\/#\/schema\/logo\/image\/"}}]}},"jetpack_sharing_enabled":true,"_links":{"self":[{"href":"https:\/\/www.performance-floor.com\/cs\/wp-json\/wp\/v2\/product\/11637","targetHints":{"allow":["GET"]}}],"collection":[{"href":"https:\/\/www.performance-floor.com\/cs\/wp-json\/wp\/v2\/product"}],"about":[{"href":"https:\/\/www.performance-floor.com\/cs\/wp-json\/wp\/v2\/types\/product"}],"wp:featuredmedia":[{"embeddable":true,"href":"https:\/\/www.performance-floor.com\/cs\/wp-json\/wp\/v2\/media\/11673"}],"wp:attachment":[{"href":"https:\/\/www.performance-floor.com\/cs\/wp-json\/wp\/v2\/media?parent=11637"}],"wp:term":[{"taxonomy":"product_brand","embeddable":true,"href":"https:\/\/www.performance-floor.com\/cs\/wp-json\/wp\/v2\/product_brand?post=11637"},{"taxonomy":"product_cat","embeddable":true,"href":"https:\/\/www.performance-floor.com\/cs\/wp-json\/wp\/v2\/product_cat?post=11637"},{"taxonomy":"product_tag","embeddable":true,"href":"https:\/\/www.performance-floor.com\/cs\/wp-json\/wp\/v2\/product_tag?post=11637"}],"curies":[{"name":"wp","href":"https:\/\/api.w.org\/{rel}","templated":true}]}}