{"id":11381,"date":"2024-12-18T14:31:44","date_gmt":"2024-12-18T14:31:44","guid":{"rendered":"https:\/\/www.performance-floor.com\/?post_type=product&#038;p=11381"},"modified":"2026-04-07T10:29:15","modified_gmt":"2026-04-07T10:29:15","slug":"bodenoeffner","status":"publish","type":"product","link":"https:\/\/www.performance-floor.com\/cs\/produkt\/bodenoeffner\/","title":{"rendered":"Boden\u00f6ffner"},"content":{"rendered":"<p><strong>Performance Floor Boden\u00f6ffner \u2013 Dein Profi-Tool f\u00fcr Klickfliesen<\/strong><\/p>\n<p>Der Performance Floor Boden\u00f6ffner macht dir das Leben leichter, wenn es darum geht, Klickfliesen \u00fcberall in der Fl\u00e4che auszuklicken. Egal, wo du eine einzelne Platte entfernen m\u00f6chtest \u2013 mit diesem praktischen Werkzeug gelingt dir das schnell und sauber, ohne die umliegenden Fliesen zu besch\u00e4digen.<\/p>\n<p>Die Handhabung ist kinderleicht: Einfach ansetzen, ausklicken und die Fliese herausnehmen. Ob du eine Platte rausnehmen musst um drunter sauber zu machen oder Anpassungen vornehmen willst \u2013 der Boden\u00f6ffner ist dein zuverl\u00e4ssiger Helfer f\u00fcr jede Situation.<\/p>\n<p><strong>Deine Vorteile auf einen Blick:<\/strong><\/p>\n<ul>\n<li>M\u00fcheloses Ausklicken von Fliesen an jeder Stelle<\/li>\n<li>Perfekt f\u00fcr das pr\u00e4zise herausheben einzelner Platten<\/li>\n<li>Schonend f\u00fcr die restliche Fl\u00e4che<\/li>\n<li>Super leicht zu bedienen, auch ohne Profi-Erfahrung<\/li>\n<\/ul>\n<p>Mach dir die Arbeit mit Klickfliesen einfacher \u2013 mit dem Performance Floor Boden\u00f6ffner!<\/p>\n","protected":false},"excerpt":{"rendered":"<p>Preis inkl. MwSt.<\/p>\n<p><strong>Performance Floor Boden\u00f6ffner \u2013 Einfach Klickfliesen ausklicken<\/strong><\/p>\n<p>Mit dem Performance Floor Boden\u00f6ffner klickst du einzelne Fliesen m\u00fchelos aus jeder Stelle der Fl\u00e4che heraus. Das praktische Tool \u00fcberzeugt durch kinderleichte Handhabung und schont dabei die umliegenden Platten.<\/p>\n","protected":false},"featured_media":11473,"template":"","meta":[],"product_brand":[],"product_cat":[33],"product_tag":[],"class_list":{"0":"post-11381","1":"product","2":"type-product","3":"status-publish","4":"has-post-thumbnail","6":"product_cat-zubehoer","8":"first","9":"instock","10":"shipping-taxable","11":"purchasable","12":"product-type-simple"},"yoast_head":"<!-- This site is optimized with the Yoast SEO plugin v27.3 - https:\/\/yoast.com\/product\/yoast-seo-wordpress\/ -->\n<title>Boden\u00f6ffner | Performance Floor\u00ae<\/title>\n<meta name=\"description\" content=\"\u21d2 Performance Floor\u00ae \u27a4 Entdecken Sie den Boden\u00f6ffner von Performance Floor \u2013 das perfekte Werkzeug f\u00fcr das \u00f6ffnen von Klickfliesen und noch mehr \u27a4\" \/>\n<meta name=\"robots\" content=\"index, follow, max-snippet:-1, max-image-preview:large, max-video-preview:-1\" \/>\n<link rel=\"canonical\" href=\"https:\/\/www.performance-floor.com\/produkt\/bodenoeffner\/\" \/>\n<meta property=\"og:locale\" content=\"cs_CZ\" \/>\n<meta property=\"og:type\" content=\"article\" \/>\n<meta property=\"og:title\" content=\"Boden\u00f6ffner | Performance Floor\u00ae\" \/>\n<meta property=\"og:description\" content=\"\u21d2 Performance Floor\u00ae \u27a4 Entdecken Sie den Boden\u00f6ffner von Performance Floor \u2013 das perfekte Werkzeug f\u00fcr das \u00f6ffnen von Klickfliesen und noch mehr \u27a4\" \/>\n<meta property=\"og:url\" content=\"https:\/\/www.performance-floor.com\/produkt\/bodenoeffner\/\" \/>\n<meta property=\"og:site_name\" content=\"Performance Floor\u00ae\" \/>\n<meta property=\"article:modified_time\" content=\"2026-04-07T10:29:15+00:00\" \/>\n<meta property=\"og:image\" content=\"https:\/\/www.performance-floor.com\/wp-content\/uploads\/2024\/12\/bodenoeffner-pf-2025-oeffnen-von-bodenplatte-2.png\" \/>\n\t<meta property=\"og:image:width\" content=\"1200\" \/>\n\t<meta property=\"og:image:height\" content=\"1200\" \/>\n\t<meta property=\"og:image:type\" content=\"image\/png\" \/>\n<meta name=\"twitter:card\" content=\"summary_large_image\" \/>\n<meta name=\"twitter:label1\" content=\"Odhadovan\u00e1 doba \u010dten\u00ed\" \/>\n\t<meta name=\"twitter:data1\" content=\"1 minuta\" \/>\n<script type=\"application\/ld+json\" class=\"yoast-schema-graph\">{\"@context\":\"https:\\\/\\\/schema.org\",\"@graph\":[{\"@type\":\"WebPage\",\"@id\":\"https:\\\/\\\/www.performance-floor.com\\\/produkt\\\/bodenoeffner\\\/\",\"url\":\"https:\\\/\\\/www.performance-floor.com\\\/produkt\\\/bodenoeffner\\\/\",\"name\":\"Boden\u00f6ffner | Performance Floor\u00ae\",\"isPartOf\":{\"@id\":\"https:\\\/\\\/www.performance-floor.com\\\/#website\"},\"primaryImageOfPage\":{\"@id\":\"https:\\\/\\\/www.performance-floor.com\\\/produkt\\\/bodenoeffner\\\/#primaryimage\"},\"image\":{\"@id\":\"https:\\\/\\\/www.performance-floor.com\\\/produkt\\\/bodenoeffner\\\/#primaryimage\"},\"thumbnailUrl\":\"https:\\\/\\\/www.performance-floor.com\\\/wp-content\\\/uploads\\\/2024\\\/12\\\/bodenoeffner-pf-2025-oeffnen-von-bodenplatte-2.png\",\"datePublished\":\"2024-12-18T14:31:44+00:00\",\"dateModified\":\"2026-04-07T10:29:15+00:00\",\"description\":\"\u21d2 Performance Floor\u00ae \u27a4 Entdecken Sie den Boden\u00f6ffner von Performance Floor \u2013 das perfekte Werkzeug f\u00fcr das \u00f6ffnen von Klickfliesen und noch mehr \u27a4\",\"breadcrumb\":{\"@id\":\"https:\\\/\\\/www.performance-floor.com\\\/produkt\\\/bodenoeffner\\\/#breadcrumb\"},\"inLanguage\":\"cs\",\"potentialAction\":[{\"@type\":\"ReadAction\",\"target\":[\"https:\\\/\\\/www.performance-floor.com\\\/produkt\\\/bodenoeffner\\\/\"]}]},{\"@type\":\"ImageObject\",\"inLanguage\":\"cs\",\"@id\":\"https:\\\/\\\/www.performance-floor.com\\\/produkt\\\/bodenoeffner\\\/#primaryimage\",\"url\":\"https:\\\/\\\/www.performance-floor.com\\\/wp-content\\\/uploads\\\/2024\\\/12\\\/bodenoeffner-pf-2025-oeffnen-von-bodenplatte-2.png\",\"contentUrl\":\"https:\\\/\\\/www.performance-floor.com\\\/wp-content\\\/uploads\\\/2024\\\/12\\\/bodenoeffner-pf-2025-oeffnen-von-bodenplatte-2.png\",\"width\":1200,\"height\":1200,\"caption\":\"bodenoeffner-pf-2025-\u00f6ffnen-von-bodenplatte\"},{\"@type\":\"BreadcrumbList\",\"@id\":\"https:\\\/\\\/www.performance-floor.com\\\/produkt\\\/bodenoeffner\\\/#breadcrumb\",\"itemListElement\":[{\"@type\":\"ListItem\",\"position\":1,\"name\":\"Startseite\",\"item\":\"https:\\\/\\\/www.performance-floor.com\\\/\"},{\"@type\":\"ListItem\",\"position\":2,\"name\":\"Shop\",\"item\":\"https:\\\/\\\/www.performance-floor.com\\\/cs\\\/shop\\\/\"},{\"@type\":\"ListItem\",\"position\":3,\"name\":\"Boden\u00f6ffner\"}]},{\"@type\":\"WebSite\",\"@id\":\"https:\\\/\\\/www.performance-floor.com\\\/#website\",\"url\":\"https:\\\/\\\/www.performance-floor.com\\\/\",\"name\":\"Performance Floor\u00ae\",\"description\":\"Bodenbelag f\u00fcr Garagen, Rennteam, Messen und vieles mehr!\",\"publisher\":{\"@id\":\"https:\\\/\\\/www.performance-floor.com\\\/#organization\"},\"potentialAction\":[{\"@type\":\"SearchAction\",\"target\":{\"@type\":\"EntryPoint\",\"urlTemplate\":\"https:\\\/\\\/www.performance-floor.com\\\/?s={search_term_string}\"},\"query-input\":{\"@type\":\"PropertyValueSpecification\",\"valueRequired\":true,\"valueName\":\"search_term_string\"}}],\"inLanguage\":\"cs\"},{\"@type\":\"Organization\",\"@id\":\"https:\\\/\\\/www.performance-floor.com\\\/#organization\",\"name\":\"Performance Floor\",\"url\":\"https:\\\/\\\/www.performance-floor.com\\\/\",\"logo\":{\"@type\":\"ImageObject\",\"inLanguage\":\"cs\",\"@id\":\"https:\\\/\\\/www.performance-floor.com\\\/#\\\/schema\\\/logo\\\/image\\\/\",\"url\":\"https:\\\/\\\/www.performance-floor.com\\\/wp-content\\\/uploads\\\/2025\\\/02\\\/performance-floor_logo-01_auf-weiss_2024-11-10.png\",\"contentUrl\":\"https:\\\/\\\/www.performance-floor.com\\\/wp-content\\\/uploads\\\/2025\\\/02\\\/performance-floor_logo-01_auf-weiss_2024-11-10.png\",\"width\":806,\"height\":774,\"caption\":\"Performance Floor\"},\"image\":{\"@id\":\"https:\\\/\\\/www.performance-floor.com\\\/#\\\/schema\\\/logo\\\/image\\\/\"}}]}<\/script>\n<!-- \/ Yoast SEO plugin. -->","yoast_head_json":{"title":"Boden\u00f6ffner | Performance Floor\u00ae","description":"\u21d2 Performance Floor\u00ae \u27a4 Entdecken Sie den Boden\u00f6ffner von Performance Floor \u2013 das perfekte Werkzeug f\u00fcr das \u00f6ffnen von Klickfliesen und noch mehr \u27a4","robots":{"index":"index","follow":"follow","max-snippet":"max-snippet:-1","max-image-preview":"max-image-preview:large","max-video-preview":"max-video-preview:-1"},"canonical":"https:\/\/www.performance-floor.com\/produkt\/bodenoeffner\/","og_locale":"cs_CZ","og_type":"article","og_title":"Boden\u00f6ffner | Performance Floor\u00ae","og_description":"\u21d2 Performance Floor\u00ae \u27a4 Entdecken Sie den Boden\u00f6ffner von Performance Floor \u2013 das perfekte Werkzeug f\u00fcr das \u00f6ffnen von Klickfliesen und noch mehr \u27a4","og_url":"https:\/\/www.performance-floor.com\/produkt\/bodenoeffner\/","og_site_name":"Performance Floor\u00ae","article_modified_time":"2026-04-07T10:29:15+00:00","og_image":[{"width":1200,"height":1200,"url":"https:\/\/www.performance-floor.com\/wp-content\/uploads\/2024\/12\/bodenoeffner-pf-2025-oeffnen-von-bodenplatte-2.png","type":"image\/png"}],"twitter_card":"summary_large_image","twitter_misc":{"Odhadovan\u00e1 doba \u010dten\u00ed":"1 minuta"},"schema":{"@context":"https:\/\/schema.org","@graph":[{"@type":"WebPage","@id":"https:\/\/www.performance-floor.com\/produkt\/bodenoeffner\/","url":"https:\/\/www.performance-floor.com\/produkt\/bodenoeffner\/","name":"Boden\u00f6ffner | Performance Floor\u00ae","isPartOf":{"@id":"https:\/\/www.performance-floor.com\/#website"},"primaryImageOfPage":{"@id":"https:\/\/www.performance-floor.com\/produkt\/bodenoeffner\/#primaryimage"},"image":{"@id":"https:\/\/www.performance-floor.com\/produkt\/bodenoeffner\/#primaryimage"},"thumbnailUrl":"https:\/\/www.performance-floor.com\/wp-content\/uploads\/2024\/12\/bodenoeffner-pf-2025-oeffnen-von-bodenplatte-2.png","datePublished":"2024-12-18T14:31:44+00:00","dateModified":"2026-04-07T10:29:15+00:00","description":"\u21d2 Performance Floor\u00ae \u27a4 Entdecken Sie den Boden\u00f6ffner von Performance Floor \u2013 das perfekte Werkzeug f\u00fcr das \u00f6ffnen von Klickfliesen und noch mehr \u27a4","breadcrumb":{"@id":"https:\/\/www.performance-floor.com\/produkt\/bodenoeffner\/#breadcrumb"},"inLanguage":"cs","potentialAction":[{"@type":"ReadAction","target":["https:\/\/www.performance-floor.com\/produkt\/bodenoeffner\/"]}]},{"@type":"ImageObject","inLanguage":"cs","@id":"https:\/\/www.performance-floor.com\/produkt\/bodenoeffner\/#primaryimage","url":"https:\/\/www.performance-floor.com\/wp-content\/uploads\/2024\/12\/bodenoeffner-pf-2025-oeffnen-von-bodenplatte-2.png","contentUrl":"https:\/\/www.performance-floor.com\/wp-content\/uploads\/2024\/12\/bodenoeffner-pf-2025-oeffnen-von-bodenplatte-2.png","width":1200,"height":1200,"caption":"bodenoeffner-pf-2025-\u00f6ffnen-von-bodenplatte"},{"@type":"BreadcrumbList","@id":"https:\/\/www.performance-floor.com\/produkt\/bodenoeffner\/#breadcrumb","itemListElement":[{"@type":"ListItem","position":1,"name":"Startseite","item":"https:\/\/www.performance-floor.com\/"},{"@type":"ListItem","position":2,"name":"Shop","item":"https:\/\/www.performance-floor.com\/cs\/shop\/"},{"@type":"ListItem","position":3,"name":"Boden\u00f6ffner"}]},{"@type":"WebSite","@id":"https:\/\/www.performance-floor.com\/#website","url":"https:\/\/www.performance-floor.com\/","name":"Performance Floor\u00ae","description":"Bodenbelag f\u00fcr Garagen, Rennteam, Messen und vieles mehr!","publisher":{"@id":"https:\/\/www.performance-floor.com\/#organization"},"potentialAction":[{"@type":"SearchAction","target":{"@type":"EntryPoint","urlTemplate":"https:\/\/www.performance-floor.com\/?s={search_term_string}"},"query-input":{"@type":"PropertyValueSpecification","valueRequired":true,"valueName":"search_term_string"}}],"inLanguage":"cs"},{"@type":"Organization","@id":"https:\/\/www.performance-floor.com\/#organization","name":"Performance Floor","url":"https:\/\/www.performance-floor.com\/","logo":{"@type":"ImageObject","inLanguage":"cs","@id":"https:\/\/www.performance-floor.com\/#\/schema\/logo\/image\/","url":"https:\/\/www.performance-floor.com\/wp-content\/uploads\/2025\/02\/performance-floor_logo-01_auf-weiss_2024-11-10.png","contentUrl":"https:\/\/www.performance-floor.com\/wp-content\/uploads\/2025\/02\/performance-floor_logo-01_auf-weiss_2024-11-10.png","width":806,"height":774,"caption":"Performance Floor"},"image":{"@id":"https:\/\/www.performance-floor.com\/#\/schema\/logo\/image\/"}}]}},"jetpack_sharing_enabled":true,"_links":{"self":[{"href":"https:\/\/www.performance-floor.com\/cs\/wp-json\/wp\/v2\/product\/11381","targetHints":{"allow":["GET"]}}],"collection":[{"href":"https:\/\/www.performance-floor.com\/cs\/wp-json\/wp\/v2\/product"}],"about":[{"href":"https:\/\/www.performance-floor.com\/cs\/wp-json\/wp\/v2\/types\/product"}],"wp:featuredmedia":[{"embeddable":true,"href":"https:\/\/www.performance-floor.com\/cs\/wp-json\/wp\/v2\/media\/11473"}],"wp:attachment":[{"href":"https:\/\/www.performance-floor.com\/cs\/wp-json\/wp\/v2\/media?parent=11381"}],"wp:term":[{"taxonomy":"product_brand","embeddable":true,"href":"https:\/\/www.performance-floor.com\/cs\/wp-json\/wp\/v2\/product_brand?post=11381"},{"taxonomy":"product_cat","embeddable":true,"href":"https:\/\/www.performance-floor.com\/cs\/wp-json\/wp\/v2\/product_cat?post=11381"},{"taxonomy":"product_tag","embeddable":true,"href":"https:\/\/www.performance-floor.com\/cs\/wp-json\/wp\/v2\/product_tag?post=11381"}],"curies":[{"name":"wp","href":"https:\/\/api.w.org\/{rel}","templated":true}]}}