{"id":10471,"date":"2024-08-11T13:13:09","date_gmt":"2024-08-11T13:13:09","guid":{"rendered":"https:\/\/www.performance-floor.com\/?post_type=product&#038;p=10471"},"modified":"2026-04-07T10:28:57","modified_gmt":"2026-04-07T10:28:57","slug":"hexagon-rgb-deckenbeleuchtung-set","status":"publish","type":"product","link":"https:\/\/www.performance-floor.com\/cs\/produkt\/hexagon-rgb-deckenbeleuchtung-set\/","title":{"rendered":"Hexagon RGB-Deckenbeleuchtung Set"},"content":{"rendered":"<h5>Zuverl\u00e4ssiger Allrounder!<\/h5>\n<p>Unser Performance Floor Hexagon RGB Set setzt Highlights f\u00fcr Showrooms, Gaming-Rooms, Barbershops und mehr. Mit seiner innovativen RGB-Technologie bietet es eine optimale Beleuchtung, die nicht nur die Sicht auf Oberfl\u00e4chen verbessert, sondern auch ein exklusives Designmerkmal darstellt. Einfach zu montieren dank des praktischen Klick-Systems. Ideal, um deine R\u00e4ume perfekt in Szene zu setzen und eine glanzvolle Pr\u00e4sentation zu bieten.<\/p>\n<h5>Spezifikation \/ Eigenschaften<\/h5>\n<ul>\n<li>Perfekt f\u00fcr Showrooms, Gaming-Rooms, Barbershops und andere kreative R\u00e4ume<\/li>\n<li>Verf\u00fcgt \u00fcber verschiedene Modi wie einfarbiges Leuchten, mehrfarbige Farbwechsel, Lauflicht-Effekte und einen Tetris-Modus.<\/li>\n<li>Besonders beliebt bei Designliebhabern und in modernen Arbeitsumgebungen<\/li>\n<li>Sorgt f\u00fcr eine beeindruckende Beleuchtung und schafft eine einzigartige Atmosph\u00e4re<\/li>\n<li>Ideal zur Pr\u00e4sentation von Produkten, Fahrzeugen oder k\u00fcnstlerischen Arbeiten<\/li>\n<li>Exklusives Design mit garantiertem Wow-Effekt f\u00fcr jeden Raum<\/li>\n<li>Hinterl\u00e4sst bei Kunden und Besuchern einen erstklassigen visuellen Eindruck<\/li>\n<li>Energieeffizient mit geringer W\u00e4rmeentwicklung<\/li>\n<li>Hochwertig verarbeitet und stabil in der Konstruktion<\/li>\n<li>Einfach und schnell zu montieren dank praktischem Klick-System<\/li>\n<\/ul>\n<h5>Technische Daten<\/h5>\n<p><strong>Ma\u00dfe:<\/strong> 2,53 x 4,97 m<br \/>\n<strong>Stromspannung:<\/strong> AC220 V<br \/>\n<strong>Leistung:<\/strong> 552 W<br \/>\n<strong>St\u00e4rke:<\/strong> 20 mm<br \/>\n<strong>Material:<\/strong> Aluminium + PVC-Abdeckung<\/p>\n","protected":false},"excerpt":{"rendered":"<p><a href=\"https:\/\/www.performance-floor.com\/hexagon-deckenbeleuchtung-ideale-lichtloesung-fuer-jeden-raum\/\">Top-Qualit\u00e4t, die sich lohnt \u2013 6 Gr\u00fcnde f\u00fcr unser Hexagon<\/a><\/p>\n<p>Die frei kombinierbaren RGB-Panels lassen deine Garage, Werkstatt, Barbershop, Fahrzeugausstellung oder Showroom in neuem Glanz erstrahlen. Perfekt in Kombination mit den ebenso flexiblen Performance Floor Klickfliesen.<br \/>\nEs k\u00f6nnen bis zu zwei zusammengebaute Hexagons \u00fcber einen Strompunkt laufen. Per App oder Fernbedienung steuerbar.<\/p>\n<p>Ma\u00dfe: 2,53 x 4,97 m<\/p>\n<p>Lieferzeit 2-3 Werktage nach Zahlungseingang innerhalb Deutschlands und 5-7 Werktage nach Zahlungseingang innerhalb der EU.<\/p>\n<p><strong>Bitte beachten:<\/strong> RGB Hexagon leuchtet nicht so hell im wei\u00dfen Modus wie das Standard-Hexagon 6500K &#8211; es ist keine Arbeitsleuchte.<\/p>\n","protected":false},"featured_media":10826,"template":"","meta":[],"product_brand":[],"product_cat":[222,230],"product_tag":[],"class_list":{"0":"post-10471","1":"product","2":"type-product","3":"status-publish","4":"has-post-thumbnail","6":"product_cat-lichttechnik","7":"product_cat-slider","9":"first","10":"instock","11":"shipping-taxable","12":"purchasable","13":"product-type-simple"},"yoast_head":"<!-- This site is optimized with the Yoast SEO plugin v27.3 - https:\/\/yoast.com\/product\/yoast-seo-wordpress\/ -->\n<title>Hexagon RGB-Deckenbeleuchtung Set | Performance Floor\u00ae<\/title>\n<meta name=\"description\" content=\"Hexagon RGB-Deckenbeleuchtung Set \u21d2 Performance Floor\u00ae \u27a4 Hier kannst Du Deinen einen Garagen-Bodenbelag selbst gestalten\" \/>\n<meta name=\"robots\" content=\"index, follow, max-snippet:-1, max-image-preview:large, max-video-preview:-1\" \/>\n<link rel=\"canonical\" href=\"https:\/\/www.performance-floor.com\/produkt\/hexagon-rgb-deckenbeleuchtung-set\/\" \/>\n<meta property=\"og:locale\" content=\"cs_CZ\" \/>\n<meta property=\"og:type\" content=\"article\" \/>\n<meta property=\"og:title\" content=\"Hexagon RGB-Deckenbeleuchtung Set | Performance Floor\u00ae\" \/>\n<meta property=\"og:description\" content=\"Hexagon RGB-Deckenbeleuchtung Set \u21d2 Performance Floor\u00ae \u27a4 Hier kannst Du Deinen einen Garagen-Bodenbelag selbst gestalten\" \/>\n<meta property=\"og:url\" content=\"https:\/\/www.performance-floor.com\/produkt\/hexagon-rgb-deckenbeleuchtung-set\/\" \/>\n<meta property=\"og:site_name\" content=\"Performance Floor\u00ae\" \/>\n<meta property=\"article:modified_time\" content=\"2026-04-07T10:28:57+00:00\" \/>\n<meta property=\"og:image\" content=\"https:\/\/www.performance-floor.com\/wp-content\/uploads\/2021\/12\/hexagon-rgb_005.jpg\" \/>\n\t<meta property=\"og:image:width\" content=\"1920\" \/>\n\t<meta property=\"og:image:height\" content=\"1920\" \/>\n\t<meta property=\"og:image:type\" content=\"image\/jpeg\" \/>\n<meta name=\"twitter:card\" content=\"summary_large_image\" \/>\n<meta name=\"twitter:label1\" content=\"Odhadovan\u00e1 doba \u010dten\u00ed\" \/>\n\t<meta name=\"twitter:data1\" content=\"2 minuty\" \/>\n<script type=\"application\/ld+json\" class=\"yoast-schema-graph\">{\"@context\":\"https:\\\/\\\/schema.org\",\"@graph\":[{\"@type\":\"WebPage\",\"@id\":\"https:\\\/\\\/www.performance-floor.com\\\/produkt\\\/hexagon-rgb-deckenbeleuchtung-set\\\/\",\"url\":\"https:\\\/\\\/www.performance-floor.com\\\/produkt\\\/hexagon-rgb-deckenbeleuchtung-set\\\/\",\"name\":\"Hexagon RGB-Deckenbeleuchtung Set | Performance Floor\u00ae\",\"isPartOf\":{\"@id\":\"https:\\\/\\\/www.performance-floor.com\\\/#website\"},\"primaryImageOfPage\":{\"@id\":\"https:\\\/\\\/www.performance-floor.com\\\/produkt\\\/hexagon-rgb-deckenbeleuchtung-set\\\/#primaryimage\"},\"image\":{\"@id\":\"https:\\\/\\\/www.performance-floor.com\\\/produkt\\\/hexagon-rgb-deckenbeleuchtung-set\\\/#primaryimage\"},\"thumbnailUrl\":\"https:\\\/\\\/www.performance-floor.com\\\/wp-content\\\/uploads\\\/2021\\\/12\\\/hexagon-rgb_005.jpg\",\"datePublished\":\"2024-08-11T13:13:09+00:00\",\"dateModified\":\"2026-04-07T10:28:57+00:00\",\"description\":\"Hexagon RGB-Deckenbeleuchtung Set \u21d2 Performance Floor\u00ae \u27a4 Hier kannst Du Deinen einen Garagen-Bodenbelag selbst gestalten\",\"breadcrumb\":{\"@id\":\"https:\\\/\\\/www.performance-floor.com\\\/produkt\\\/hexagon-rgb-deckenbeleuchtung-set\\\/#breadcrumb\"},\"inLanguage\":\"cs\",\"potentialAction\":[{\"@type\":\"ReadAction\",\"target\":[\"https:\\\/\\\/www.performance-floor.com\\\/produkt\\\/hexagon-rgb-deckenbeleuchtung-set\\\/\"]}]},{\"@type\":\"ImageObject\",\"inLanguage\":\"cs\",\"@id\":\"https:\\\/\\\/www.performance-floor.com\\\/produkt\\\/hexagon-rgb-deckenbeleuchtung-set\\\/#primaryimage\",\"url\":\"https:\\\/\\\/www.performance-floor.com\\\/wp-content\\\/uploads\\\/2021\\\/12\\\/hexagon-rgb_005.jpg\",\"contentUrl\":\"https:\\\/\\\/www.performance-floor.com\\\/wp-content\\\/uploads\\\/2021\\\/12\\\/hexagon-rgb_005.jpg\",\"width\":1920,\"height\":1920},{\"@type\":\"BreadcrumbList\",\"@id\":\"https:\\\/\\\/www.performance-floor.com\\\/produkt\\\/hexagon-rgb-deckenbeleuchtung-set\\\/#breadcrumb\",\"itemListElement\":[{\"@type\":\"ListItem\",\"position\":1,\"name\":\"Startseite\",\"item\":\"https:\\\/\\\/www.performance-floor.com\\\/\"},{\"@type\":\"ListItem\",\"position\":2,\"name\":\"Shop\",\"item\":\"https:\\\/\\\/www.performance-floor.com\\\/cs\\\/shop\\\/\"},{\"@type\":\"ListItem\",\"position\":3,\"name\":\"Hexagon RGB-Deckenbeleuchtung Set\"}]},{\"@type\":\"WebSite\",\"@id\":\"https:\\\/\\\/www.performance-floor.com\\\/#website\",\"url\":\"https:\\\/\\\/www.performance-floor.com\\\/\",\"name\":\"Performance Floor\u00ae\",\"description\":\"Bodenbelag f\u00fcr Garagen, Rennteam, Messen und vieles mehr!\",\"publisher\":{\"@id\":\"https:\\\/\\\/www.performance-floor.com\\\/#organization\"},\"potentialAction\":[{\"@type\":\"SearchAction\",\"target\":{\"@type\":\"EntryPoint\",\"urlTemplate\":\"https:\\\/\\\/www.performance-floor.com\\\/?s={search_term_string}\"},\"query-input\":{\"@type\":\"PropertyValueSpecification\",\"valueRequired\":true,\"valueName\":\"search_term_string\"}}],\"inLanguage\":\"cs\"},{\"@type\":\"Organization\",\"@id\":\"https:\\\/\\\/www.performance-floor.com\\\/#organization\",\"name\":\"Performance Floor\",\"url\":\"https:\\\/\\\/www.performance-floor.com\\\/\",\"logo\":{\"@type\":\"ImageObject\",\"inLanguage\":\"cs\",\"@id\":\"https:\\\/\\\/www.performance-floor.com\\\/#\\\/schema\\\/logo\\\/image\\\/\",\"url\":\"https:\\\/\\\/www.performance-floor.com\\\/wp-content\\\/uploads\\\/2025\\\/02\\\/performance-floor_logo-01_auf-weiss_2024-11-10.png\",\"contentUrl\":\"https:\\\/\\\/www.performance-floor.com\\\/wp-content\\\/uploads\\\/2025\\\/02\\\/performance-floor_logo-01_auf-weiss_2024-11-10.png\",\"width\":806,\"height\":774,\"caption\":\"Performance Floor\"},\"image\":{\"@id\":\"https:\\\/\\\/www.performance-floor.com\\\/#\\\/schema\\\/logo\\\/image\\\/\"}}]}<\/script>\n<!-- \/ Yoast SEO plugin. -->","yoast_head_json":{"title":"Hexagon RGB-Deckenbeleuchtung Set | Performance Floor\u00ae","description":"Hexagon RGB-Deckenbeleuchtung Set \u21d2 Performance Floor\u00ae \u27a4 Hier kannst Du Deinen einen Garagen-Bodenbelag selbst gestalten","robots":{"index":"index","follow":"follow","max-snippet":"max-snippet:-1","max-image-preview":"max-image-preview:large","max-video-preview":"max-video-preview:-1"},"canonical":"https:\/\/www.performance-floor.com\/produkt\/hexagon-rgb-deckenbeleuchtung-set\/","og_locale":"cs_CZ","og_type":"article","og_title":"Hexagon RGB-Deckenbeleuchtung Set | Performance Floor\u00ae","og_description":"Hexagon RGB-Deckenbeleuchtung Set \u21d2 Performance Floor\u00ae \u27a4 Hier kannst Du Deinen einen Garagen-Bodenbelag selbst gestalten","og_url":"https:\/\/www.performance-floor.com\/produkt\/hexagon-rgb-deckenbeleuchtung-set\/","og_site_name":"Performance Floor\u00ae","article_modified_time":"2026-04-07T10:28:57+00:00","og_image":[{"width":1920,"height":1920,"url":"https:\/\/www.performance-floor.com\/wp-content\/uploads\/2021\/12\/hexagon-rgb_005.jpg","type":"image\/jpeg"}],"twitter_card":"summary_large_image","twitter_misc":{"Odhadovan\u00e1 doba \u010dten\u00ed":"2 minuty"},"schema":{"@context":"https:\/\/schema.org","@graph":[{"@type":"WebPage","@id":"https:\/\/www.performance-floor.com\/produkt\/hexagon-rgb-deckenbeleuchtung-set\/","url":"https:\/\/www.performance-floor.com\/produkt\/hexagon-rgb-deckenbeleuchtung-set\/","name":"Hexagon RGB-Deckenbeleuchtung Set | Performance Floor\u00ae","isPartOf":{"@id":"https:\/\/www.performance-floor.com\/#website"},"primaryImageOfPage":{"@id":"https:\/\/www.performance-floor.com\/produkt\/hexagon-rgb-deckenbeleuchtung-set\/#primaryimage"},"image":{"@id":"https:\/\/www.performance-floor.com\/produkt\/hexagon-rgb-deckenbeleuchtung-set\/#primaryimage"},"thumbnailUrl":"https:\/\/www.performance-floor.com\/wp-content\/uploads\/2021\/12\/hexagon-rgb_005.jpg","datePublished":"2024-08-11T13:13:09+00:00","dateModified":"2026-04-07T10:28:57+00:00","description":"Hexagon RGB-Deckenbeleuchtung Set \u21d2 Performance Floor\u00ae \u27a4 Hier kannst Du Deinen einen Garagen-Bodenbelag selbst gestalten","breadcrumb":{"@id":"https:\/\/www.performance-floor.com\/produkt\/hexagon-rgb-deckenbeleuchtung-set\/#breadcrumb"},"inLanguage":"cs","potentialAction":[{"@type":"ReadAction","target":["https:\/\/www.performance-floor.com\/produkt\/hexagon-rgb-deckenbeleuchtung-set\/"]}]},{"@type":"ImageObject","inLanguage":"cs","@id":"https:\/\/www.performance-floor.com\/produkt\/hexagon-rgb-deckenbeleuchtung-set\/#primaryimage","url":"https:\/\/www.performance-floor.com\/wp-content\/uploads\/2021\/12\/hexagon-rgb_005.jpg","contentUrl":"https:\/\/www.performance-floor.com\/wp-content\/uploads\/2021\/12\/hexagon-rgb_005.jpg","width":1920,"height":1920},{"@type":"BreadcrumbList","@id":"https:\/\/www.performance-floor.com\/produkt\/hexagon-rgb-deckenbeleuchtung-set\/#breadcrumb","itemListElement":[{"@type":"ListItem","position":1,"name":"Startseite","item":"https:\/\/www.performance-floor.com\/"},{"@type":"ListItem","position":2,"name":"Shop","item":"https:\/\/www.performance-floor.com\/cs\/shop\/"},{"@type":"ListItem","position":3,"name":"Hexagon RGB-Deckenbeleuchtung Set"}]},{"@type":"WebSite","@id":"https:\/\/www.performance-floor.com\/#website","url":"https:\/\/www.performance-floor.com\/","name":"Performance Floor\u00ae","description":"Bodenbelag f\u00fcr Garagen, Rennteam, Messen und vieles mehr!","publisher":{"@id":"https:\/\/www.performance-floor.com\/#organization"},"potentialAction":[{"@type":"SearchAction","target":{"@type":"EntryPoint","urlTemplate":"https:\/\/www.performance-floor.com\/?s={search_term_string}"},"query-input":{"@type":"PropertyValueSpecification","valueRequired":true,"valueName":"search_term_string"}}],"inLanguage":"cs"},{"@type":"Organization","@id":"https:\/\/www.performance-floor.com\/#organization","name":"Performance Floor","url":"https:\/\/www.performance-floor.com\/","logo":{"@type":"ImageObject","inLanguage":"cs","@id":"https:\/\/www.performance-floor.com\/#\/schema\/logo\/image\/","url":"https:\/\/www.performance-floor.com\/wp-content\/uploads\/2025\/02\/performance-floor_logo-01_auf-weiss_2024-11-10.png","contentUrl":"https:\/\/www.performance-floor.com\/wp-content\/uploads\/2025\/02\/performance-floor_logo-01_auf-weiss_2024-11-10.png","width":806,"height":774,"caption":"Performance Floor"},"image":{"@id":"https:\/\/www.performance-floor.com\/#\/schema\/logo\/image\/"}}]}},"jetpack_sharing_enabled":true,"_links":{"self":[{"href":"https:\/\/www.performance-floor.com\/cs\/wp-json\/wp\/v2\/product\/10471","targetHints":{"allow":["GET"]}}],"collection":[{"href":"https:\/\/www.performance-floor.com\/cs\/wp-json\/wp\/v2\/product"}],"about":[{"href":"https:\/\/www.performance-floor.com\/cs\/wp-json\/wp\/v2\/types\/product"}],"wp:featuredmedia":[{"embeddable":true,"href":"https:\/\/www.performance-floor.com\/cs\/wp-json\/wp\/v2\/media\/10826"}],"wp:attachment":[{"href":"https:\/\/www.performance-floor.com\/cs\/wp-json\/wp\/v2\/media?parent=10471"}],"wp:term":[{"taxonomy":"product_brand","embeddable":true,"href":"https:\/\/www.performance-floor.com\/cs\/wp-json\/wp\/v2\/product_brand?post=10471"},{"taxonomy":"product_cat","embeddable":true,"href":"https:\/\/www.performance-floor.com\/cs\/wp-json\/wp\/v2\/product_cat?post=10471"},{"taxonomy":"product_tag","embeddable":true,"href":"https:\/\/www.performance-floor.com\/cs\/wp-json\/wp\/v2\/product_tag?post=10471"}],"curies":[{"name":"wp","href":"https:\/\/api.w.org\/{rel}","templated":true}]}}